{"id":157518,"date":"2025-10-22T13:28:44","date_gmt":"2025-10-22T10:28:44","guid":{"rendered":"https:\/\/exlibris.ee\/toode\/armastan-eesti-keelt-eesti-keele-kui-teise-keele-opik-2-opinguaasta-2-osa\/"},"modified":"2026-04-05T19:37:31","modified_gmt":"2026-04-05T16:37:31","slug":"armastan-eesti-keelt-eesti-keele-kui-teise-keele-opik-2-opinguaasta-2-osa","status":"publish","type":"product","link":"https:\/\/exlibris.ee\/en\/product\/armastan-eesti-keelt-eesti-keele-kui-teise-keele-opik-2-opinguaasta-2-osa\/","title":{"rendered":"Armastan eesti keelt. Eesti keele kui teise keele \u00f5pik. 2. \u00f5pinguaasta 2. osa"},"content":{"rendered":"<p>\u00d5ppekomplekti \u201eArmastan eesti keelt kuuluvad\u201c:<br \/>\n\u00f5pik (2 osa), t\u00f6\u00f6vihik (2 osa), \u00f5petajaraamat lisamaterjalidega (pildid, t\u00f6\u00f6lehed, tunnikontrollid, poolaastat\u00f6\u00f6d); esitlusmaterjalid (pildid); helisalvestised, digiharjutused; materjal \u00f5petajale printimiseks (s\u00f5navara, tekstid, tunnikontrollid, poolaastat\u00f6\u00f6d); abimaterjal \u00f5pilasele (s\u00f5navara ja tekstid emakeeles \u00f5pikus QR-koodi kaudu ja kodulehel) ning seinale riputatav t\u00e4htp\u00e4evadega seotud n\u00e4itlik materjal (eraldi tellimisel).<\/p>\n<p>\u00d5piku 2. osas on 18 teemat; pidup\u00e4evad, t\u00e4htp\u00e4evad ja traditsioonid:<br \/>\nJAANUAR: uus aasta, kolmekuningap\u00e4ev; VEEBRUAR: vastlap\u00e4ev, s\u00f5brap\u00e4ev, Eesti Vabariigi s\u00fcnnip\u00e4ev; M\u00c4RTS \/ APRILL: emakeelep\u00e4ev, lihav\u00f5tted ehk munadep\u00fchad; MAI: emadep\u00e4ev; JUUNI: lastekaitsep\u00e4ev, jaanilaup\u00e4ev, jaanip\u00e4ev; JUULI: laulupidu, tantsupidu.<br \/>\n2. osas liigutakse teemadega koolist v\u00e4ljapoole. Laps \u00f5pib r\u00e4\u00e4kima s\u00f5pradest, kodust, riietest, Eestimaast ning kommetest jaanuarist augustini.<\/p>\n","protected":false},"excerpt":{"rendered":"<p>\u00d5ppekomplekti \u201eArmastan eesti keelt kuuluvad\u201c: \u00f5pik (2 osa), t\u00f6\u00f6vihik (2 osa), \u00f5petajaraamat lisamaterjalidega (pildid, t\u00f6\u00f6lehed, tunnikontrollid, poolaastat\u00f6\u00f6d); esitlusmaterjalid (pildid); helisalvestised, digiharjutused; materjal \u00f5petajale printimiseks (s\u00f5navara, tekstid, tunnikontrollid, poolaastat\u00f6\u00f6d); abimaterjal \u00f5pilasele (s\u00f5navara ja tekstid emakeeles \u00f5pikus QR-koodi kaudu ja kodulehel) ning&#8230;<\/p>\n","protected":false},"featured_media":157496,"template":"","meta":{"_acf_changed":false,"inline_featured_image":false},"product_brand":[],"product_cat":[699],"product_tag":[],"series":[{"id":3197,"name":"Armastan eesti keelt","slug":"armastan-eesti-keelt"}],"publisher":[{"id":1084,"name":"Kirjastus Kirjatark","slug":"kirjastus-kirjatark"}],"class_list":{"0":"post-157518","1":"product","2":"type-product","3":"status-publish","4":"has-post-thumbnail","6":"product_cat-opikud-lastele-ja-noortele","7":"series-armastan-eesti-keelt","8":"publisher-kirjastus-kirjatark","10":"first","11":"instock","12":"taxable","13":"shipping-taxable","14":"purchasable","15":"product-type-simple"},"acf":[],"_links":{"self":[{"href":"https:\/\/exlibris.ee\/en\/wp-json\/wp\/v2\/product\/157518","targetHints":{"allow":["GET"]}}],"collection":[{"href":"https:\/\/exlibris.ee\/en\/wp-json\/wp\/v2\/product"}],"about":[{"href":"https:\/\/exlibris.ee\/en\/wp-json\/wp\/v2\/types\/product"}],"wp:featuredmedia":[{"embeddable":true,"href":"https:\/\/exlibris.ee\/en\/wp-json\/wp\/v2\/media\/157496"}],"wp:attachment":[{"href":"https:\/\/exlibris.ee\/en\/wp-json\/wp\/v2\/media?parent=157518"}],"wp:term":[{"taxonomy":"product_brand","embeddable":true,"href":"https:\/\/exlibris.ee\/en\/wp-json\/wp\/v2\/product_brand?post=157518"},{"taxonomy":"product_cat","embeddable":true,"href":"https:\/\/exlibris.ee\/en\/wp-json\/wp\/v2\/product_cat?post=157518"},{"taxonomy":"product_tag","embeddable":true,"href":"https:\/\/exlibris.ee\/en\/wp-json\/wp\/v2\/product_tag?post=157518"},{"taxonomy":"series","embeddable":true,"href":"https:\/\/exlibris.ee\/en\/wp-json\/wp\/v2\/series?post=157518"},{"taxonomy":"publisher","embeddable":true,"href":"https:\/\/exlibris.ee\/en\/wp-json\/wp\/v2\/publisher?post=157518"}],"curies":[{"name":"wp","href":"https:\/\/api.w.org\/{rel}","templated":true}]}}