{"id":157580,"date":"2025-10-23T03:28:57","date_gmt":"2025-10-23T00:28:57","guid":{"rendered":"https:\/\/exlibris.ee\/toode\/eesti-vanausuliste-parimuskultuuri-leksikon-kodu-ja-kodumajapidamine\/"},"modified":"2026-04-23T11:44:00","modified_gmt":"2026-04-23T08:44:00","slug":"eesti-vanausuliste-parimuskultuuri-leksikon-kodu-ja-kodumajapidamine","status":"publish","type":"product","link":"https:\/\/exlibris.ee\/en\/product\/eesti-vanausuliste-parimuskultuuri-leksikon-kodu-ja-kodumajapidamine\/","title":{"rendered":"Eesti vanausuliste p\u00e4rimuskultuuri leksikon. Kodu ja kodumajapidamine \/ \u041b\u0435\u043a\u0441\u0438\u043a\u043e\u043d \u0442\u0440\u0430\u0434\u0438\u0446\u0438\u043e\u043d\u043d\u043e\u0439 \u043a\u0443\u043b\u044c\u0442\u0443\u0440\u044b \u0441\u0442\u0430\u0440\u043e\u0432\u0435\u0440\u043e\u0432 \u042d\u0441\u0442\u043e\u043d\u0438\u0438"},"content":{"rendered":"<p>\u201eRaamat annab mitmek\u00fclgse \u00fclevaate Eesti vanausuliste ajalukku, ainulaadsesse kultuuri ja keelde. Kakskeelse leksikoni vormis tutvustatakse vanausuliste asulaid m\u00f6\u00f6da Peipsi l\u00e4\u00e4nerannikut, nende elamuid ja majapidamisi, argiseid esemeid ja t\u00f6id, kodude sisustust, saunakombeid ja palju muudki. Ehedate murdekeelsete nimetuste selgitamise abil avatakse vanausuliste p\u00e4randkultuuri m\u00f5istestikku, kust leiab p\u00f5neva \u00fchisosa Peipsiveere eestlaste tavade ja keele omap\u00e4raga. Raamatus on palju p\u00f5nevat nii mitme eriala teadlastele kui ka k\u00f5igile teistele vanausuliste p\u00e4randist huvitatud lugejatele.\u201c<\/p>\n<p>&#8211; Karl Pajusalu, Tartu \u00dclikooli eesti keele ajaloo ja murrete professor, akadeemik<\/p>\n<p>\u201e\u041f\u0440\u0438\u0447\u0443\u0434\u0441\u043a\u0438\u0439 \u0433\u043e\u0432\u043e\u0440 \u2013 \u044d\u0442\u043e \u0442\u043e \u0431\u043e\u0433\u0430\u0442\u043e\u0435 \u043d\u0430\u0441\u043b\u0435\u0434\u0438\u0435, \u043a\u043e\u0442\u043e\u0440\u043e\u0435 \u043c\u044b \u043f\u043e\u043b\u0443\u0447\u0438\u043b\u0438 \u043e\u0442 \u0441\u0432\u043e\u0438\u0445 \u043f\u0440\u0435\u0434\u043a\u043e\u0432. \u041d\u0430\u0441\u043b\u0435\u0434\u0438\u0435, \u043a\u043e\u0442\u043e\u0440\u043e\u0435 \u043f\u043e \u043c\u043d\u043e\u0433\u0438\u043c \u043e\u0431\u044a\u0435\u043a\u0442\u0438\u0432\u043d\u044b\u043c \u043f\u0440\u0438\u0447\u0438\u043d\u0430\u043c \u043c\u0435\u0434\u043b\u0435\u043d\u043d\u043e \u0438\u0441\u0447\u0435\u0437\u0430\u0435\u0442 \u0438 \u0431\u043e\u0433\u0430\u0442\u0441\u0442\u0432\u043e \u043a\u043e\u0442\u043e\u0440\u043e\u0433\u043e \u043f\u043e\u0440\u043e\u0439 \u043c\u044b \u0441\u0430\u043c\u0438 \u043d\u0435 \u0434\u043e \u043a\u043e\u043d\u0446\u0430 \u043e\u0441\u043e\u0437\u043d\u0430\u0451\u043c. \u041b\u0435\u043a\u0441\u0438\u043a\u043e\u043d \u0442\u0440\u0430\u0434\u0438\u0446\u0438\u043e\u043d\u043d\u043e\u0439 \u043a\u0443\u043b\u044c\u0442\u0443\u0440\u044b \u0441\u0442\u0430\u0440\u043e\u0432\u0435\u0440\u043e\u0432 \u2013 \u044d\u0442\u043e \u043e\u0434\u043d\u0430 \u0438\u0437 \u0432\u043e\u0437\u043c\u043e\u0436\u043d\u043e\u0441\u0442\u0435\u0439 \u0441\u043e\u0445\u0440\u0430\u043d\u0438\u0442\u044c \u0438 \u043f\u0435\u0440\u0435\u0434\u0430\u0442\u044c \u044d\u0442\u043e \u0431\u043e\u0433\u0430\u0442\u043e\u0435 \u043d\u0430\u0441\u043b\u0435\u0434\u0438\u0435 \u043f\u043e\u0442\u043e\u043c\u043a\u0430\u043c, \u0432\u043e\u0437\u0440\u043e\u0434\u0438\u0442\u044c \u0432 \u043f\u0430\u043c\u044f\u0442\u0438 \u043c\u043d\u043e\u0433\u043e\u0435 \u0438\u0437 \u0442\u043e\u0433\u043e, \u0447\u0442\u043e \u0443\u0436\u0435 \u0443\u0448\u043b\u043e, \u043f\u043e\u043a\u0430\u0437\u0430\u0442\u044c \u043c\u0438\u0440 \u0441\u0442\u0430\u0440\u043e\u0432\u0435\u0440\u043e\u0432 \u0447\u0435\u0440\u0435\u0437 \u0438\u0445 \u044f\u0437\u044b\u043a.\u201c<\/p>\n<p>&#8211; \u041f\u0430\u0432\u0435\u043b \u0412\u0430\u0440\u0443\u043d\u0438\u043d, \u041f\u0440\u0435\u0434\u0441\u0435\u0434\u0430\u0442\u0435\u043b\u044c \u0421\u043e\u044e\u0437\u0430 \u0441\u0442\u0430\u0440\u043e\u043e\u0431\u0440\u044f\u0434\u0447\u0435\u0441\u043a\u0438\u0445 \u043e\u0431\u0449\u0438\u043d \u042d\u0441\u0442\u043e\u043d\u0438\u0438, \u041f\u0440\u0435\u0434\u0441\u0435\u0434\u0430\u0442\u0435\u043b\u044c \u041e\u0431\u0449\u0435\u0441\u0442\u0432\u0430 \u043a\u0443\u043b\u044c\u0442\u0443\u0440\u044b \u0438 \u0440\u0430\u0437\u0432\u0438\u0442\u0438\u044f \u0441\u0442\u0430\u0440\u043e\u0432\u0435\u0440\u043e\u0432 \u042d\u0441\u0442\u043e\u043d\u0438\u0438<\/p>\n<p>Raamat on kirjutatud Jaan T\u00f5nissoni Postimehe Fondi raamatugrandi toel.<\/p>\n","protected":false},"excerpt":{"rendered":"<p>\u201eRaamat annab mitmek\u00fclgse \u00fclevaate Eesti vanausuliste ajalukku, ainulaadsesse kultuuri ja keelde. Kakskeelse leksikoni vormis tutvustatakse vanausuliste asulaid m\u00f6\u00f6da Peipsi l\u00e4\u00e4nerannikut, nende elamuid ja majapidamisi, argiseid esemeid ja t\u00f6id, kodude sisustust, saunakombeid ja palju muudki. Ehedate murdekeelsete nimetuste selgitamise abil avatakse&#8230;<\/p>\n","protected":false},"featured_media":157525,"template":"","meta":{"_acf_changed":false,"inline_featured_image":false},"product_brand":[],"product_cat":[2406],"product_tag":[],"series":[],"publisher":[],"class_list":{"0":"post-157580","1":"product","2":"type-product","3":"status-publish","4":"has-post-thumbnail","6":"product_cat-rkul-eesti","8":"first","9":"onbackorder","10":"taxable","11":"shipping-taxable","12":"purchasable","13":"product-type-simple"},"acf":[],"_links":{"self":[{"href":"https:\/\/exlibris.ee\/en\/wp-json\/wp\/v2\/product\/157580","targetHints":{"allow":["GET"]}}],"collection":[{"href":"https:\/\/exlibris.ee\/en\/wp-json\/wp\/v2\/product"}],"about":[{"href":"https:\/\/exlibris.ee\/en\/wp-json\/wp\/v2\/types\/product"}],"wp:featuredmedia":[{"embeddable":true,"href":"https:\/\/exlibris.ee\/en\/wp-json\/wp\/v2\/media\/157525"}],"wp:attachment":[{"href":"https:\/\/exlibris.ee\/en\/wp-json\/wp\/v2\/media?parent=157580"}],"wp:term":[{"taxonomy":"product_brand","embeddable":true,"href":"https:\/\/exlibris.ee\/en\/wp-json\/wp\/v2\/product_brand?post=157580"},{"taxonomy":"product_cat","embeddable":true,"href":"https:\/\/exlibris.ee\/en\/wp-json\/wp\/v2\/product_cat?post=157580"},{"taxonomy":"product_tag","embeddable":true,"href":"https:\/\/exlibris.ee\/en\/wp-json\/wp\/v2\/product_tag?post=157580"},{"taxonomy":"series","embeddable":true,"href":"https:\/\/exlibris.ee\/en\/wp-json\/wp\/v2\/series?post=157580"},{"taxonomy":"publisher","embeddable":true,"href":"https:\/\/exlibris.ee\/en\/wp-json\/wp\/v2\/publisher?post=157580"}],"curies":[{"name":"wp","href":"https:\/\/api.w.org\/{rel}","templated":true}]}}