{"id":158813,"date":"2025-11-05T15:44:00","date_gmt":"2025-11-05T13:44:00","guid":{"rendered":"https:\/\/exlibris.ee\/toode\/grammaire-savoir-faire-corriges\/"},"modified":"2026-04-22T12:27:10","modified_gmt":"2026-04-22T09:27:10","slug":"grammaire-savoir-faire-corriges","status":"publish","type":"product","link":"https:\/\/exlibris.ee\/en\/product\/grammaire-savoir-faire-corriges\/","title":{"rendered":"Grammaire Savoir-Faire Corriges"},"content":{"rendered":"<p>Ce volume contient les corrig\u00e9s complets du manuel Grammaire Savoir-Faire, destin\u00e9 aux apprenants de fran\u00e7ais langue \u00e9trang\u00e8re de niveau faux-d\u00e9butant \u00e0 interm\u00e9diaire. Il permet de v\u00e9rifier et de consolider les connaissances acquises \u00e0 travers les exercices du livre principal.<\/p>\n<p>Chaque unit\u00e9 correspond \u00e0 un point de grammaire pr\u00e9cis et propose des r\u00e9ponses d\u00e9taill\u00e9es : phrases \u00e0 compl\u00e9ter, transformations, choix multiples et activit\u00e9s de r\u00e9vision.<br \/>\nOutil indispensable pour l\u2019auto-\u00e9valuation ou le travail en autonomie, il est \u00e9galement utile aux enseignants pour la pr\u00e9paration et la correction rapides en classe.<\/p>\n<p>M\u00e9thode claire et progressive, Grammaire Savoir-Faire aide les \u00e9tudiants \u00e0 renforcer leurs bases grammaticales tout en d\u00e9veloppant la compr\u00e9hension et la production \u00e9crites et orales.<\/p>\n","protected":false},"excerpt":{"rendered":"<p>Ce volume contient les corrig\u00e9s complets du manuel Grammaire Savoir-Faire, destin\u00e9 aux apprenants de fran\u00e7ais langue \u00e9trang\u00e8re de niveau faux-d\u00e9butant \u00e0 interm\u00e9diaire. Il permet de v\u00e9rifier et de consolider les connaissances acquises \u00e0 travers les exercices du livre principal. Chaque&#8230;<\/p>\n","protected":false},"featured_media":158796,"template":"","meta":{"_acf_changed":false,"inline_featured_image":false},"product_brand":[],"product_cat":[887],"product_tag":[],"series":[],"publisher":[{"id":1584,"name":"Cideb","slug":"cideb"}],"class_list":{"0":"post-158813","1":"product","2":"type-product","3":"status-publish","4":"has-post-thumbnail","6":"product_cat-prantsuse-keel","7":"publisher-cideb","9":"first","10":"instock","11":"taxable","12":"shipping-taxable","13":"purchasable","14":"product-type-simple"},"acf":[],"_links":{"self":[{"href":"https:\/\/exlibris.ee\/en\/wp-json\/wp\/v2\/product\/158813","targetHints":{"allow":["GET"]}}],"collection":[{"href":"https:\/\/exlibris.ee\/en\/wp-json\/wp\/v2\/product"}],"about":[{"href":"https:\/\/exlibris.ee\/en\/wp-json\/wp\/v2\/types\/product"}],"wp:featuredmedia":[{"embeddable":true,"href":"https:\/\/exlibris.ee\/en\/wp-json\/wp\/v2\/media\/158796"}],"wp:attachment":[{"href":"https:\/\/exlibris.ee\/en\/wp-json\/wp\/v2\/media?parent=158813"}],"wp:term":[{"taxonomy":"product_brand","embeddable":true,"href":"https:\/\/exlibris.ee\/en\/wp-json\/wp\/v2\/product_brand?post=158813"},{"taxonomy":"product_cat","embeddable":true,"href":"https:\/\/exlibris.ee\/en\/wp-json\/wp\/v2\/product_cat?post=158813"},{"taxonomy":"product_tag","embeddable":true,"href":"https:\/\/exlibris.ee\/en\/wp-json\/wp\/v2\/product_tag?post=158813"},{"taxonomy":"series","embeddable":true,"href":"https:\/\/exlibris.ee\/en\/wp-json\/wp\/v2\/series?post=158813"},{"taxonomy":"publisher","embeddable":true,"href":"https:\/\/exlibris.ee\/en\/wp-json\/wp\/v2\/publisher?post=158813"}],"curies":[{"name":"wp","href":"https:\/\/api.w.org\/{rel}","templated":true}]}}