{"id":158820,"date":"2025-11-05T15:47:28","date_gmt":"2025-11-05T13:47:28","guid":{"rendered":"https:\/\/exlibris.ee\/toode\/uno-dos-y-tres-que-facil-libro-cuaderno-de-ejercicios-cd-rom\/"},"modified":"2026-04-03T11:21:00","modified_gmt":"2026-04-03T08:21:00","slug":"uno-dos-y-tres-que-facil-libro-cuaderno-de-ejercicios-cd-rom","status":"publish","type":"product","link":"https:\/\/exlibris.ee\/en\/product\/uno-dos-y-tres-que-facil-libro-cuaderno-de-ejercicios-cd-rom\/","title":{"rendered":"Uno, dos y&#8230;tres! Que facil!: Libro + cuaderno de ejercicios + CD-ROM"},"content":{"rendered":"<p>Uno, dos y&#8230; tres! Qu\u00e9 facil! es un m\u00e9todo de espanol dirigido a alumnos adolescentes, estructurado en tres volumenes, en el que predominan las actividades que favorecen la deducci\u00f3n. Los objetivos finales del m\u00e9todo corresponden a los descriptores de las diferentes competencias del nivel A2 del Marco de Referencia Europeo. A trav\u00e9s de las secciones de cada unidad se conduce progresivamente al estudiante a adquirir una competencia comunicativa y sociocultural ambientada en su mundo y en la variedad multicultural del mundo hispanohablante.<\/p>\n","protected":false},"excerpt":{"rendered":"<p>Uno, dos y&#8230; tres! Qu\u00e9 facil! es un m\u00e9todo de espanol dirigido a alumnos adolescentes, estructurado en tres volumenes, en el que predominan las actividades que favorecen la deducci\u00f3n. Los objetivos finales del m\u00e9todo corresponden a los descriptores de las&#8230;<\/p>\n","protected":false},"featured_media":158745,"template":"","meta":{"_acf_changed":false,"inline_featured_image":false},"product_brand":[],"product_cat":[889],"product_tag":[],"series":[{"id":3223,"name":"Uno, dos y...tres!","slug":"uno-dos-y-tres"}],"publisher":[{"id":1584,"name":"Cideb","slug":"cideb"}],"class_list":{"0":"post-158820","1":"product","2":"type-product","3":"status-publish","4":"has-post-thumbnail","6":"product_cat-hispaania-keel","7":"series-uno-dos-y-tres","8":"publisher-cideb","10":"first","11":"instock","12":"taxable","13":"shipping-taxable","14":"purchasable","15":"product-type-simple"},"acf":[],"_links":{"self":[{"href":"https:\/\/exlibris.ee\/en\/wp-json\/wp\/v2\/product\/158820","targetHints":{"allow":["GET"]}}],"collection":[{"href":"https:\/\/exlibris.ee\/en\/wp-json\/wp\/v2\/product"}],"about":[{"href":"https:\/\/exlibris.ee\/en\/wp-json\/wp\/v2\/types\/product"}],"wp:featuredmedia":[{"embeddable":true,"href":"https:\/\/exlibris.ee\/en\/wp-json\/wp\/v2\/media\/158745"}],"wp:attachment":[{"href":"https:\/\/exlibris.ee\/en\/wp-json\/wp\/v2\/media?parent=158820"}],"wp:term":[{"taxonomy":"product_brand","embeddable":true,"href":"https:\/\/exlibris.ee\/en\/wp-json\/wp\/v2\/product_brand?post=158820"},{"taxonomy":"product_cat","embeddable":true,"href":"https:\/\/exlibris.ee\/en\/wp-json\/wp\/v2\/product_cat?post=158820"},{"taxonomy":"product_tag","embeddable":true,"href":"https:\/\/exlibris.ee\/en\/wp-json\/wp\/v2\/product_tag?post=158820"},{"taxonomy":"series","embeddable":true,"href":"https:\/\/exlibris.ee\/en\/wp-json\/wp\/v2\/series?post=158820"},{"taxonomy":"publisher","embeddable":true,"href":"https:\/\/exlibris.ee\/en\/wp-json\/wp\/v2\/publisher?post=158820"}],"curies":[{"name":"wp","href":"https:\/\/api.w.org\/{rel}","templated":true}]}}