{"id":158887,"date":"2025-11-06T07:41:50","date_gmt":"2025-11-06T05:41:50","guid":{"rendered":"https:\/\/exlibris.ee\/toode\/a-lheure-actuelle-dossiers-de-civilisation-francaise-cd\/"},"modified":"2026-04-04T05:22:04","modified_gmt":"2026-04-04T02:22:04","slug":"a-lheure-actuelle-dossiers-de-civilisation-francaise-cd","status":"publish","type":"product","link":"https:\/\/exlibris.ee\/en\/product\/a-lheure-actuelle-dossiers-de-civilisation-francaise-cd\/","title":{"rendered":"A L\u00b4heure Actuelle: Dossiers De Civilisation Francaise + CD"},"content":{"rendered":"<p>\u00c0 l\u00b4heure actuelle: Dossiers de civilisation fran\u00e7aise es un libro de texto para estudiantes de franc\u00e9s como lengua extranjera. Este libro, escrito por Lucia Bonato, ofrece una visi\u00f3n de la cultura y la sociedad francesa a trav\u00e9s de diversos documentos y actividades. Incluye un CD de audio para mejorar la comprensi\u00f3n oral y la pronunciaci\u00f3n. Es una herramienta \u00fatil para aprender franc\u00e9s de una manera interactiva y atractiva, explorando temas relevantes de la civilizaci\u00f3n francesa.<\/p>\n","protected":false},"excerpt":{"rendered":"<p>\u00c0 l\u00b4heure actuelle: Dossiers de civilisation fran\u00e7aise es un libro de texto para estudiantes de franc\u00e9s como lengua extranjera. Este libro, escrito por Lucia Bonato, ofrece una visi\u00f3n de la cultura y la sociedad francesa a trav\u00e9s de diversos documentos&#8230;<\/p>\n","protected":false},"featured_media":158790,"template":"","meta":{"_acf_changed":false,"inline_featured_image":false},"product_brand":[],"product_cat":[887],"product_tag":[],"series":[],"publisher":[{"id":1584,"name":"Cideb","slug":"cideb"}],"class_list":{"0":"post-158887","1":"product","2":"type-product","3":"status-publish","4":"has-post-thumbnail","6":"product_cat-prantsuse-keel","7":"publisher-cideb","9":"first","10":"instock","11":"taxable","12":"shipping-taxable","13":"purchasable","14":"product-type-simple"},"acf":[],"_links":{"self":[{"href":"https:\/\/exlibris.ee\/en\/wp-json\/wp\/v2\/product\/158887","targetHints":{"allow":["GET"]}}],"collection":[{"href":"https:\/\/exlibris.ee\/en\/wp-json\/wp\/v2\/product"}],"about":[{"href":"https:\/\/exlibris.ee\/en\/wp-json\/wp\/v2\/types\/product"}],"wp:featuredmedia":[{"embeddable":true,"href":"https:\/\/exlibris.ee\/en\/wp-json\/wp\/v2\/media\/158790"}],"wp:attachment":[{"href":"https:\/\/exlibris.ee\/en\/wp-json\/wp\/v2\/media?parent=158887"}],"wp:term":[{"taxonomy":"product_brand","embeddable":true,"href":"https:\/\/exlibris.ee\/en\/wp-json\/wp\/v2\/product_brand?post=158887"},{"taxonomy":"product_cat","embeddable":true,"href":"https:\/\/exlibris.ee\/en\/wp-json\/wp\/v2\/product_cat?post=158887"},{"taxonomy":"product_tag","embeddable":true,"href":"https:\/\/exlibris.ee\/en\/wp-json\/wp\/v2\/product_tag?post=158887"},{"taxonomy":"series","embeddable":true,"href":"https:\/\/exlibris.ee\/en\/wp-json\/wp\/v2\/series?post=158887"},{"taxonomy":"publisher","embeddable":true,"href":"https:\/\/exlibris.ee\/en\/wp-json\/wp\/v2\/publisher?post=158887"}],"curies":[{"name":"wp","href":"https:\/\/api.w.org\/{rel}","templated":true}]}}