{"id":159096,"date":"2025-11-12T23:52:25","date_gmt":"2025-11-12T21:52:25","guid":{"rendered":"https:\/\/exlibris.ee\/toode\/kogemata-eestis-eesti-keele-b1-taseme-lugemik\/"},"modified":"2026-04-05T01:19:47","modified_gmt":"2026-04-04T22:19:47","slug":"kogemata-eestis-eesti-keele-b1-taseme-lugemik","status":"publish","type":"product","link":"https:\/\/exlibris.ee\/en\/product\/kogemata-eestis-eesti-keele-b1-taseme-lugemik\/","title":{"rendered":"Kogemata Eestis. Eesti keele B1-taseme lugemik"},"content":{"rendered":"<p>15 lugu Eestis<br \/>\nIga peat\u00fckki saab lugeda iseseisvalt. Lisaks lugudele on iga peat\u00fcki juures m\u00f5ned harjutused ja lugemiku l\u00f5pus vastused. Nii saab eesti keele \u00f5petaja raamatut sobival hetkel oma kursusel kasutada ja \u00f5ppija ise keelt uurida.<\/p>\n<p>Lugemik \u201cKogemata Eestis\u201d r\u00e4\u00e4gib portugallannast Anast, kes tuleb juhuslikult \u00fcheks aastaks Eestisse elama. Ta kohtub eri inimestega ja proovib mitmesuguseid t\u00f6id. Ana k\u00e4ib jaanitulel, laulupeol, seenel ning t\u00e4histab j\u00f5ule, vabariigi aastap\u00e4eva ja vastlap\u00e4eva.<\/p>\n<p>Lugemik on m\u00f5eldud noorele ja t\u00e4iskasvanud keele\u00f5ppijale iseseisvaks lugemiseks v\u00f5i \u00f5petajale keeletunnis kasutamiseks. Iga peat\u00fcki l\u00f5pus on paar grammatika- ja s\u00f5navaraharjutust.<\/p>\n","protected":false},"excerpt":{"rendered":"<p>15 lugu Eestis Iga peat\u00fckki saab lugeda iseseisvalt. Lisaks lugudele on iga peat\u00fcki juures m\u00f5ned harjutused ja lugemiku l\u00f5pus vastused. Nii saab eesti keele \u00f5petaja raamatut sobival hetkel oma kursusel kasutada ja \u00f5ppija ise keelt uurida. Lugemik \u201cKogemata Eestis\u201d r\u00e4\u00e4gib&#8230;<\/p>\n","protected":false},"featured_media":159086,"template":"","meta":{"_acf_changed":false,"inline_featured_image":false},"product_brand":[],"product_cat":[876],"product_tag":[],"series":[],"publisher":[],"class_list":{"0":"post-159096","1":"product","2":"type-product","3":"status-publish","4":"has-post-thumbnail","6":"product_cat-lugemine-keeleoppes","8":"first","9":"instock","10":"taxable","11":"shipping-taxable","12":"purchasable","13":"product-type-simple"},"acf":[],"_links":{"self":[{"href":"https:\/\/exlibris.ee\/en\/wp-json\/wp\/v2\/product\/159096","targetHints":{"allow":["GET"]}}],"collection":[{"href":"https:\/\/exlibris.ee\/en\/wp-json\/wp\/v2\/product"}],"about":[{"href":"https:\/\/exlibris.ee\/en\/wp-json\/wp\/v2\/types\/product"}],"wp:featuredmedia":[{"embeddable":true,"href":"https:\/\/exlibris.ee\/en\/wp-json\/wp\/v2\/media\/159086"}],"wp:attachment":[{"href":"https:\/\/exlibris.ee\/en\/wp-json\/wp\/v2\/media?parent=159096"}],"wp:term":[{"taxonomy":"product_brand","embeddable":true,"href":"https:\/\/exlibris.ee\/en\/wp-json\/wp\/v2\/product_brand?post=159096"},{"taxonomy":"product_cat","embeddable":true,"href":"https:\/\/exlibris.ee\/en\/wp-json\/wp\/v2\/product_cat?post=159096"},{"taxonomy":"product_tag","embeddable":true,"href":"https:\/\/exlibris.ee\/en\/wp-json\/wp\/v2\/product_tag?post=159096"},{"taxonomy":"series","embeddable":true,"href":"https:\/\/exlibris.ee\/en\/wp-json\/wp\/v2\/series?post=159096"},{"taxonomy":"publisher","embeddable":true,"href":"https:\/\/exlibris.ee\/en\/wp-json\/wp\/v2\/publisher?post=159096"}],"curies":[{"name":"wp","href":"https:\/\/api.w.org\/{rel}","templated":true}]}}