{"id":159812,"date":"2025-12-10T19:52:57","date_gmt":"2025-12-10T17:52:57","guid":{"rendered":"https:\/\/exlibris.ee\/toode\/beste-freunde-a2-paket-arbeitsbuch-a2-1-und-a2-2-mit-audios-online\/"},"modified":"2026-04-19T12:02:01","modified_gmt":"2026-04-19T09:02:01","slug":"beste-freunde-a2-paket-arbeitsbuch-a2-1-und-a2-2-mit-audios-online","status":"publish","type":"product","link":"https:\/\/exlibris.ee\/en\/product\/beste-freunde-a2-paket-arbeitsbuch-a2-1-und-a2-2-mit-audios-online\/","title":{"rendered":"Beste Freunde A2. Paket Arbeitsbuch A2.1 und A2.2 mit Audios online"},"content":{"rendered":"<p>Zielniveau A2Paket Arbeitsbuch A2.1 und A2.2 mit Audios online-jede Lektion enth\u00e4lt sieben vierfarbige Seiten -zahlreiche \u00dcbungen zu Grammatik, Wortschatz und Redemittel f\u00fcr die Arbeit im Unterricht oder zum selbst\u00e4ndigen Lernen zu Hause -umfangreiches Angebot an selbstentdeckender, kontrastiv angelegter Grammatikarbeit -klar ausgewiesenes, kleinschrittiges Schreibtraining -ausf\u00fchrliches Phonetiktraining -klares wechselseitiges Verweissystem zwischen Kurs- und Arbeitsbuch-\u00fcbersichtliche Pr\u00e4sentation des Lernwortschatzes-pro Modul zwei Seiten Fertigkeitentraining sowie eine Seite Selbstevaluation (Kann-Beschreibungen des GER)-ausgewiesene Portfolio-Aufgaben -\u00dcbungen zur Binnendifferenzierung -Lerntipps-Arbeitsbl\u00e4tter f\u00fcr Partneraufgaben des Kursbuchs im Anhang<\/p>\n","protected":false},"excerpt":{"rendered":"<p>Zielniveau A2Paket Arbeitsbuch A2.1 und A2.2 mit Audios online-jede Lektion enth\u00e4lt sieben vierfarbige Seiten -zahlreiche \u00dcbungen zu Grammatik, Wortschatz und Redemittel f\u00fcr die Arbeit im Unterricht oder zum selbst\u00e4ndigen Lernen zu Hause -umfangreiches Angebot an selbstentdeckender, kontrastiv angelegter Grammatikarbeit -klar&#8230;<\/p>\n","protected":false},"featured_media":159806,"template":"","meta":{"_acf_changed":false,"inline_featured_image":false},"product_brand":[],"product_cat":[477],"product_tag":[],"series":[{"id":578,"name":"Beste Freunde A2","slug":"beste-freunde-a2"}],"publisher":[{"id":497,"name":"Hueber Verlag","slug":"hueber-verlag"}],"class_list":{"0":"post-159812","1":"product","2":"type-product","3":"status-publish","4":"has-post-thumbnail","6":"product_cat-lehrwerke-fur-jugendliche","7":"series-beste-freunde-a2","8":"publisher-hueber-verlag","10":"first","11":"onbackorder","12":"taxable","13":"shipping-taxable","14":"purchasable","15":"product-type-simple"},"acf":[],"_links":{"self":[{"href":"https:\/\/exlibris.ee\/en\/wp-json\/wp\/v2\/product\/159812","targetHints":{"allow":["GET"]}}],"collection":[{"href":"https:\/\/exlibris.ee\/en\/wp-json\/wp\/v2\/product"}],"about":[{"href":"https:\/\/exlibris.ee\/en\/wp-json\/wp\/v2\/types\/product"}],"wp:featuredmedia":[{"embeddable":true,"href":"https:\/\/exlibris.ee\/en\/wp-json\/wp\/v2\/media\/159806"}],"wp:attachment":[{"href":"https:\/\/exlibris.ee\/en\/wp-json\/wp\/v2\/media?parent=159812"}],"wp:term":[{"taxonomy":"product_brand","embeddable":true,"href":"https:\/\/exlibris.ee\/en\/wp-json\/wp\/v2\/product_brand?post=159812"},{"taxonomy":"product_cat","embeddable":true,"href":"https:\/\/exlibris.ee\/en\/wp-json\/wp\/v2\/product_cat?post=159812"},{"taxonomy":"product_tag","embeddable":true,"href":"https:\/\/exlibris.ee\/en\/wp-json\/wp\/v2\/product_tag?post=159812"},{"taxonomy":"series","embeddable":true,"href":"https:\/\/exlibris.ee\/en\/wp-json\/wp\/v2\/series?post=159812"},{"taxonomy":"publisher","embeddable":true,"href":"https:\/\/exlibris.ee\/en\/wp-json\/wp\/v2\/publisher?post=159812"}],"curies":[{"name":"wp","href":"https:\/\/api.w.org\/{rel}","templated":true}]}}