{"id":161091,"date":"2026-02-05T17:13:40","date_gmt":"2026-02-05T15:13:40","guid":{"rendered":"https:\/\/exlibris.ee\/toode\/voimu-tahe-nihilism-ja-dekadents-friedrich-nietzsche\/"},"modified":"2026-04-17T19:48:10","modified_gmt":"2026-04-17T16:48:10","slug":"voimu-tahe-nihilism-ja-dekadents-friedrich-nietzsche","status":"publish","type":"product","link":"https:\/\/exlibris.ee\/en\/product\/voimu-tahe-nihilism-ja-dekadents-friedrich-nietzsche\/","title":{"rendered":"V\u00f5imu tahe, nihilism ja dekadents. Friedrich Nietzsche"},"content":{"rendered":"<p>Sari Filosoofilised vihukud nr 1.<br \/>\nRaamatu on koostanud ja t\u00f5lkinud Leo Luks. T\u00f5lge p\u00f5hineb katkenditel Nietzsche m\u00e4rkmeraamatutest aastatel 1876-1888. Filosoof k\u00e4sitleb m\u00f5isteid v\u00f5imutunne, m\u00f5nu, t\u00f5e tahe, j\u00f5udes v\u00e4lja nihilismini. Elu ja kasvu paratamatu tagaj\u00e4rg &#8211; dekadents &#8211; paneb filosoofi emotsioonid m\u00e4slema. M\u00f5tiskluste tausts\u00fcsteemiks on toonane Euroopa, millest on lugejal lihtne vedada paralleele t\u00e4nasesse p\u00e4eva.<\/p>\n","protected":false},"excerpt":{"rendered":"<p>Sari Filosoofilised vihukud nr 1. Raamatu on koostanud ja t\u00f5lkinud Leo Luks. T\u00f5lge p\u00f5hineb katkenditel Nietzsche m\u00e4rkmeraamatutest aastatel 1876-1888. Filosoof k\u00e4sitleb m\u00f5isteid v\u00f5imutunne, m\u00f5nu, t\u00f5e tahe, j\u00f5udes v\u00e4lja nihilismini. Elu ja kasvu paratamatu tagaj\u00e4rg &#8211; dekadents &#8211; paneb filosoofi emotsioonid&#8230;<\/p>\n","protected":false},"featured_media":165896,"template":"","meta":{"_acf_changed":false,"inline_featured_image":false},"product_brand":[],"product_cat":[2450],"product_tag":[],"series":[],"publisher":[{"id":2941,"name":"Vabam\u00f5tleja","slug":"vabamotleja"}],"class_list":{"0":"post-161091","1":"product","2":"type-product","3":"status-publish","4":"has-post-thumbnail","6":"product_cat-ruhi-eesti","7":"publisher-vabamotleja","9":"first","10":"instock","11":"taxable","12":"shipping-taxable","13":"purchasable","14":"product-type-simple"},"acf":[],"_links":{"self":[{"href":"https:\/\/exlibris.ee\/en\/wp-json\/wp\/v2\/product\/161091","targetHints":{"allow":["GET"]}}],"collection":[{"href":"https:\/\/exlibris.ee\/en\/wp-json\/wp\/v2\/product"}],"about":[{"href":"https:\/\/exlibris.ee\/en\/wp-json\/wp\/v2\/types\/product"}],"wp:featuredmedia":[{"embeddable":true,"href":"https:\/\/exlibris.ee\/en\/wp-json\/wp\/v2\/media\/165896"}],"wp:attachment":[{"href":"https:\/\/exlibris.ee\/en\/wp-json\/wp\/v2\/media?parent=161091"}],"wp:term":[{"taxonomy":"product_brand","embeddable":true,"href":"https:\/\/exlibris.ee\/en\/wp-json\/wp\/v2\/product_brand?post=161091"},{"taxonomy":"product_cat","embeddable":true,"href":"https:\/\/exlibris.ee\/en\/wp-json\/wp\/v2\/product_cat?post=161091"},{"taxonomy":"product_tag","embeddable":true,"href":"https:\/\/exlibris.ee\/en\/wp-json\/wp\/v2\/product_tag?post=161091"},{"taxonomy":"series","embeddable":true,"href":"https:\/\/exlibris.ee\/en\/wp-json\/wp\/v2\/series?post=161091"},{"taxonomy":"publisher","embeddable":true,"href":"https:\/\/exlibris.ee\/en\/wp-json\/wp\/v2\/publisher?post=161091"}],"curies":[{"name":"wp","href":"https:\/\/api.w.org\/{rel}","templated":true}]}}