{"id":161093,"date":"2026-02-05T17:13:41","date_gmt":"2026-02-05T15:13:41","guid":{"rendered":"https:\/\/exlibris.ee\/toode\/nomaadilik-motlemine-ja-teisi-tekste\/"},"modified":"2026-04-08T01:16:19","modified_gmt":"2026-04-07T22:16:19","slug":"nomaadilik-motlemine-ja-teisi-tekste","status":"publish","type":"product","link":"https:\/\/exlibris.ee\/en\/product\/nomaadilik-motlemine-ja-teisi-tekste\/","title":{"rendered":"Nomaadilik m\u00f5tlemine ja teisi tekste"},"content":{"rendered":"<p>Gilles Deleuze\u00b4i tekstikogumiku on koostanud ja toimetanud J\u00fcri Lipping ning Ott Puumeister. T\u00f5lkinud Eik Hermann, Mart Kangur, Hasso Krull, Marge K\u00e4sper, J\u00fcri Lipping, Margus Ott, Ott Puumeister, Paul Raud, Anti Saar.<br \/>\nGilles Deleuze (1925-1995) on m\u00f6\u00f6dunud sajandi silmapaistev Prantsuse filosoof, kes r\u00f5hutab, et t\u00e4nap\u00e4eva filosoofia \u00fclesandeks on v\u00e4lja t\u00f6\u00f6tada uus m\u00f5ttepilt, uus arusaam sellest, mida t\u00e4hendab m\u00f5telda.<br \/>\n20. sajandil avanebki v\u00f5imalus metaf\u00fc\u00fcsika sidumiseks kvantf\u00fc\u00fcsikaga, kus \u00fcldistuse asemel saab liikuda vastassuunas &#8211; mikrotasandile. Tekib vajadus uute terminite j\u00e4rele. Kogumiku lisav\u00e4\u00e4rtuseks on Deleuze\u00b4i loodud m\u00f5istete eestindused.<\/p>\n","protected":false},"excerpt":{"rendered":"<p>Gilles Deleuze\u00b4i tekstikogumiku on koostanud ja toimetanud J\u00fcri Lipping ning Ott Puumeister. T\u00f5lkinud Eik Hermann, Mart Kangur, Hasso Krull, Marge K\u00e4sper, J\u00fcri Lipping, Margus Ott, Ott Puumeister, Paul Raud, Anti Saar. Gilles Deleuze (1925-1995) on m\u00f6\u00f6dunud sajandi silmapaistev Prantsuse filosoof,&#8230;<\/p>\n","protected":false},"featured_media":165898,"template":"","meta":{"_acf_changed":false,"inline_featured_image":false},"product_brand":[],"product_cat":[860],"product_tag":[],"series":[],"publisher":[{"id":2941,"name":"Vabam\u00f5tleja","slug":"vabamotleja"}],"class_list":{"0":"post-161093","1":"product","2":"type-product","3":"status-publish","4":"has-post-thumbnail","6":"product_cat-uhiskond","7":"publisher-vabamotleja","9":"first","10":"instock","11":"taxable","12":"shipping-taxable","13":"purchasable","14":"product-type-simple"},"acf":[],"_links":{"self":[{"href":"https:\/\/exlibris.ee\/en\/wp-json\/wp\/v2\/product\/161093","targetHints":{"allow":["GET"]}}],"collection":[{"href":"https:\/\/exlibris.ee\/en\/wp-json\/wp\/v2\/product"}],"about":[{"href":"https:\/\/exlibris.ee\/en\/wp-json\/wp\/v2\/types\/product"}],"wp:featuredmedia":[{"embeddable":true,"href":"https:\/\/exlibris.ee\/en\/wp-json\/wp\/v2\/media\/165898"}],"wp:attachment":[{"href":"https:\/\/exlibris.ee\/en\/wp-json\/wp\/v2\/media?parent=161093"}],"wp:term":[{"taxonomy":"product_brand","embeddable":true,"href":"https:\/\/exlibris.ee\/en\/wp-json\/wp\/v2\/product_brand?post=161093"},{"taxonomy":"product_cat","embeddable":true,"href":"https:\/\/exlibris.ee\/en\/wp-json\/wp\/v2\/product_cat?post=161093"},{"taxonomy":"product_tag","embeddable":true,"href":"https:\/\/exlibris.ee\/en\/wp-json\/wp\/v2\/product_tag?post=161093"},{"taxonomy":"series","embeddable":true,"href":"https:\/\/exlibris.ee\/en\/wp-json\/wp\/v2\/series?post=161093"},{"taxonomy":"publisher","embeddable":true,"href":"https:\/\/exlibris.ee\/en\/wp-json\/wp\/v2\/publisher?post=161093"}],"curies":[{"name":"wp","href":"https:\/\/api.w.org\/{rel}","templated":true}]}}