{"id":166187,"date":"2026-02-13T21:07:52","date_gmt":"2026-02-13T19:07:52","guid":{"rendered":"https:\/\/exlibris.ee\/toode\/miteinander-deutsch-fur-alltag-und-beruf-einstiegskurs-kursbuch\/"},"modified":"2026-04-18T15:30:16","modified_gmt":"2026-04-18T12:30:16","slug":"miteinander-deutsch-fur-alltag-und-beruf-einstiegskurs-kursbuch","status":"publish","type":"product","link":"https:\/\/exlibris.ee\/en\/product\/miteinander-deutsch-fur-alltag-und-beruf-einstiegskurs-kursbuch\/","title":{"rendered":"Miteinander! Deutsch f\u00fcr Alltag und Beruf Einstiegskurs\/Kursbuch"},"content":{"rendered":"<p>Miteinander! Deutsch f\u00fcr Alltag und Beruf \u2013 Einstiegskurs inklusive Code f\u00fcr die interaktive Version. Richtet sich an Erwachsene und junge Erwachsene ohne Vorkenntnisse.\u2022 ist geeignet als erster Einstieg (Erstorientierung) in die deutsche Sprache sowie als systematischer Vorkurs vor der Niveaustufe A1 \u2013 f\u00fcr gerade Alphabetisierte (ab LASSLIAM 2) und f\u00fcr gering Literarisierte.\u2022 f\u00fchrt die Teilnehmenden kleinschrittig an \u00dcbungstypen heran, die in Miteinander! und anderen g\u00e4ngigen Lehrwerken auf A1 vorkommen.\u2022 besteht aus einem Baukastensystem: 10 thematisch ausgerichtete Lektionen, die flexibel eingesetzt werden k\u00f6nnen.\u2022 baut innerhalb der Lektionen ein kleines Alltagsszenario auf.\u2022 bietet f\u00fcr die Binnendifferenzierung nach oben 5 Doppelseiten zu den Fertigkeiten Lesen, Schreiben und H\u00f6ren.\u2022 enth\u00e4lt flexibel einsetzbare Fokusseiten zu \u00fcbergreifendem Lernstoff wie Zahlen, Uhrzeit, Wochentage etc.\u2022 vermittelt gezielt Wortschatz und Chunks, sodass die Lernenden sofort kommunizieren k\u00f6nnen.<\/p>\n","protected":false},"excerpt":{"rendered":"<p>Miteinander! Deutsch f\u00fcr Alltag und Beruf \u2013 Einstiegskurs inklusive Code f\u00fcr die interaktive Version. Richtet sich an Erwachsene und junge Erwachsene ohne Vorkenntnisse.\u2022 ist geeignet als erster Einstieg (Erstorientierung) in die deutsche Sprache sowie als systematischer Vorkurs vor der Niveaustufe&#8230;<\/p>\n","protected":false},"featured_media":337755,"template":"","meta":{"_acf_changed":false,"inline_featured_image":false},"product_brand":[],"product_cat":[885],"product_tag":[],"series":[{"id":2966,"name":"Miteinander! Deutsch f\u00fcr Alltag und Beruf","slug":"miteinander-deutsch-fur-alltag-und-beruf"}],"publisher":[{"id":497,"name":"Hueber Verlag","slug":"hueber-verlag"}],"class_list":{"0":"post-166187","1":"product","2":"type-product","3":"status-publish","4":"has-post-thumbnail","6":"product_cat-berufssprache","7":"series-miteinander-deutsch-fur-alltag-und-beruf","8":"publisher-hueber-verlag","10":"first","11":"onbackorder","12":"taxable","13":"shipping-taxable","14":"purchasable","15":"product-type-simple"},"acf":[],"_links":{"self":[{"href":"https:\/\/exlibris.ee\/en\/wp-json\/wp\/v2\/product\/166187","targetHints":{"allow":["GET"]}}],"collection":[{"href":"https:\/\/exlibris.ee\/en\/wp-json\/wp\/v2\/product"}],"about":[{"href":"https:\/\/exlibris.ee\/en\/wp-json\/wp\/v2\/types\/product"}],"wp:featuredmedia":[{"embeddable":true,"href":"https:\/\/exlibris.ee\/en\/wp-json\/wp\/v2\/media\/337755"}],"wp:attachment":[{"href":"https:\/\/exlibris.ee\/en\/wp-json\/wp\/v2\/media?parent=166187"}],"wp:term":[{"taxonomy":"product_brand","embeddable":true,"href":"https:\/\/exlibris.ee\/en\/wp-json\/wp\/v2\/product_brand?post=166187"},{"taxonomy":"product_cat","embeddable":true,"href":"https:\/\/exlibris.ee\/en\/wp-json\/wp\/v2\/product_cat?post=166187"},{"taxonomy":"product_tag","embeddable":true,"href":"https:\/\/exlibris.ee\/en\/wp-json\/wp\/v2\/product_tag?post=166187"},{"taxonomy":"series","embeddable":true,"href":"https:\/\/exlibris.ee\/en\/wp-json\/wp\/v2\/series?post=166187"},{"taxonomy":"publisher","embeddable":true,"href":"https:\/\/exlibris.ee\/en\/wp-json\/wp\/v2\/publisher?post=166187"}],"curies":[{"name":"wp","href":"https:\/\/api.w.org\/{rel}","templated":true}]}}