{"id":166189,"date":"2026-02-13T21:07:52","date_gmt":"2026-02-13T19:07:52","guid":{"rendered":"https:\/\/exlibris.ee\/toode\/gute-besserung-pauli-deutsch-englisch-zweisprachiges-kinderbuch-mit-mp3-horbuch-zum-herunterladen\/"},"modified":"2026-04-12T11:27:04","modified_gmt":"2026-04-12T08:27:04","slug":"gute-besserung-pauli-deutsch-englisch-zweisprachiges-kinderbuch-mit-mp3-horbuch-zum-herunterladen","status":"publish","type":"product","link":"https:\/\/exlibris.ee\/en\/product\/gute-besserung-pauli-deutsch-englisch-zweisprachiges-kinderbuch-mit-mp3-horbuch-zum-herunterladen\/","title":{"rendered":"Gute Besserung, Pauli (Deutsch-Englisch)\/Zweisprachiges Kinderbuch mit MP3-H\u00f6rbuch zum Herunterladen"},"content":{"rendered":"<p>Zielgruppe: Kinder ab 4 Jahren Pauli ist krank und muss das Bett h\u00fcten. Seine Freunde leisten ihm Gesellschaft. Pauli hat Mama Kaninchen versprochen, im Bett zu bleiben. Aber zum Gl\u00fcck hat Mama nicht gesagt, wo das Bett stehen soll &#8230; Zwei Freunde, pfiffige Ideen und eine gro\u00dfe Dosis Fantasie sind die beste Medizin f\u00fcr Pauli. Zum Buch gibt es auch ein MP3-H\u00f6rbuch, das ohne zus\u00e4tzliche Kosten heruntergeladen werden kann.<\/p>\n","protected":false},"excerpt":{"rendered":"<p>Zielgruppe: Kinder ab 4 Jahren Pauli ist krank und muss das Bett h\u00fcten. Seine Freunde leisten ihm Gesellschaft. Pauli hat Mama Kaninchen versprochen, im Bett zu bleiben. Aber zum Gl\u00fcck hat Mama nicht gesagt, wo das Bett stehen soll &#8230;&#8230;<\/p>\n","protected":false},"featured_media":218915,"template":"","meta":{"_acf_changed":false,"inline_featured_image":false},"product_brand":[],"product_cat":[851],"product_tag":[],"series":[],"publisher":[{"id":1308,"name":"NordS\u00fcd","slug":"nordsud"}],"class_list":{"0":"post-166189","1":"product","2":"type-product","3":"status-publish","4":"has-post-thumbnail","6":"product_cat-lesetexte-deutsch","7":"publisher-nordsud","9":"first","10":"onbackorder","11":"taxable","12":"shipping-taxable","13":"purchasable","14":"product-type-simple"},"acf":[],"_links":{"self":[{"href":"https:\/\/exlibris.ee\/en\/wp-json\/wp\/v2\/product\/166189","targetHints":{"allow":["GET"]}}],"collection":[{"href":"https:\/\/exlibris.ee\/en\/wp-json\/wp\/v2\/product"}],"about":[{"href":"https:\/\/exlibris.ee\/en\/wp-json\/wp\/v2\/types\/product"}],"wp:featuredmedia":[{"embeddable":true,"href":"https:\/\/exlibris.ee\/en\/wp-json\/wp\/v2\/media\/218915"}],"wp:attachment":[{"href":"https:\/\/exlibris.ee\/en\/wp-json\/wp\/v2\/media?parent=166189"}],"wp:term":[{"taxonomy":"product_brand","embeddable":true,"href":"https:\/\/exlibris.ee\/en\/wp-json\/wp\/v2\/product_brand?post=166189"},{"taxonomy":"product_cat","embeddable":true,"href":"https:\/\/exlibris.ee\/en\/wp-json\/wp\/v2\/product_cat?post=166189"},{"taxonomy":"product_tag","embeddable":true,"href":"https:\/\/exlibris.ee\/en\/wp-json\/wp\/v2\/product_tag?post=166189"},{"taxonomy":"series","embeddable":true,"href":"https:\/\/exlibris.ee\/en\/wp-json\/wp\/v2\/series?post=166189"},{"taxonomy":"publisher","embeddable":true,"href":"https:\/\/exlibris.ee\/en\/wp-json\/wp\/v2\/publisher?post=166189"}],"curies":[{"name":"wp","href":"https:\/\/api.w.org\/{rel}","templated":true}]}}