{"id":166196,"date":"2026-02-13T21:08:50","date_gmt":"2026-02-13T19:08:50","guid":{"rendered":"https:\/\/exlibris.ee\/toode\/grammatik-leicht-a2-grammar-and-practice-zweisprachige-ausgabe-deutsch-englisch-pdf-download\/"},"modified":"2026-04-07T21:21:26","modified_gmt":"2026-04-07T18:21:26","slug":"grammatik-leicht-a2-grammar-and-practice-zweisprachige-ausgabe-deutsch-englisch-pdf-download","status":"publish","type":"product","link":"https:\/\/exlibris.ee\/en\/product\/grammatik-leicht-a2-grammar-and-practice-zweisprachige-ausgabe-deutsch-englisch-pdf-download\/","title":{"rendered":"Grammatik leicht A2\/Grammar and Practice \/ Zweisprachige Ausgabe Deutsch \u2013 Englisch, PDF-Download"},"content":{"rendered":"<p>Zielgruppe: Selbstlerner und Kursteilnehmer auf dem Niveau A1. \u00dcbungsgrammatik mit Doppelseitenprinzip: erst Einf\u00fchrung des Grammatikthemas (&#8220;Entdecken&#8221;), anschlie\u00dfend Ein\u00fcben der Grammatik durch abwechslungsreiche \u00dcbungen (&#8220;\u00dcben&#8221;).Grammatikerkl\u00e4rungen in englischer Sprache. Anhang mit L\u00f6sungschl\u00fcssel, Grammatiktabellen und Register.<\/p>\n","protected":false},"excerpt":{"rendered":"<p>Zielgruppe: Selbstlerner und Kursteilnehmer auf dem Niveau A1. \u00dcbungsgrammatik mit Doppelseitenprinzip: erst Einf\u00fchrung des Grammatikthemas (&#8220;Entdecken&#8221;), anschlie\u00dfend Ein\u00fcben der Grammatik durch abwechslungsreiche \u00dcbungen (&#8220;\u00dcben&#8221;).Grammatikerkl\u00e4rungen in englischer Sprache. Anhang mit L\u00f6sungschl\u00fcssel, Grammatiktabellen und Register.<\/p>\n","protected":false},"featured_media":168858,"template":"","meta":{"_acf_changed":false,"inline_featured_image":false},"product_brand":[],"product_cat":[480],"product_tag":[],"series":[{"id":1149,"name":"Grammatik leicht","slug":"grammatik-leicht"}],"publisher":[{"id":497,"name":"Hueber Verlag","slug":"hueber-verlag"}],"class_list":{"0":"post-166196","1":"product","2":"type-product","3":"status-publish","4":"has-post-thumbnail","6":"product_cat-grammatiken","7":"series-grammatik-leicht","8":"publisher-hueber-verlag","10":"first","11":"onbackorder","12":"taxable","13":"shipping-taxable","14":"purchasable","15":"product-type-simple"},"acf":[],"_links":{"self":[{"href":"https:\/\/exlibris.ee\/en\/wp-json\/wp\/v2\/product\/166196","targetHints":{"allow":["GET"]}}],"collection":[{"href":"https:\/\/exlibris.ee\/en\/wp-json\/wp\/v2\/product"}],"about":[{"href":"https:\/\/exlibris.ee\/en\/wp-json\/wp\/v2\/types\/product"}],"wp:featuredmedia":[{"embeddable":true,"href":"https:\/\/exlibris.ee\/en\/wp-json\/wp\/v2\/media\/168858"}],"wp:attachment":[{"href":"https:\/\/exlibris.ee\/en\/wp-json\/wp\/v2\/media?parent=166196"}],"wp:term":[{"taxonomy":"product_brand","embeddable":true,"href":"https:\/\/exlibris.ee\/en\/wp-json\/wp\/v2\/product_brand?post=166196"},{"taxonomy":"product_cat","embeddable":true,"href":"https:\/\/exlibris.ee\/en\/wp-json\/wp\/v2\/product_cat?post=166196"},{"taxonomy":"product_tag","embeddable":true,"href":"https:\/\/exlibris.ee\/en\/wp-json\/wp\/v2\/product_tag?post=166196"},{"taxonomy":"series","embeddable":true,"href":"https:\/\/exlibris.ee\/en\/wp-json\/wp\/v2\/series?post=166196"},{"taxonomy":"publisher","embeddable":true,"href":"https:\/\/exlibris.ee\/en\/wp-json\/wp\/v2\/publisher?post=166196"}],"curies":[{"name":"wp","href":"https:\/\/api.w.org\/{rel}","templated":true}]}}