{"id":166197,"date":"2026-02-13T21:08:50","date_gmt":"2026-02-13T19:08:50","guid":{"rendered":"https:\/\/exlibris.ee\/toode\/gefallt-mir-kursbuch-interaktive-version\/"},"modified":"2026-04-05T15:28:36","modified_gmt":"2026-04-05T12:28:36","slug":"gefallt-mir-kursbuch-interaktive-version","status":"publish","type":"product","link":"https:\/\/exlibris.ee\/en\/product\/gefallt-mir-kursbuch-interaktive-version\/","title":{"rendered":"Gef\u00e4llt mir! Kursbuch \u2013 Interaktive Version"},"content":{"rendered":"<p>Das DaF-Lehrwerk f\u00fcr Jugendliche bietet von Anfang an einen leichten Einstieg mit Filmen, digitalen Elementen und flacher Progression. Digitales Lernen, Kooperation und Interaktion sind zentrale Bestandteile des Lehrwerks.Eine Gruppe jugendlicher Protagonistinnen und Protagonisten f\u00fchrt durch die Lektionen und bietet Identifikationsm\u00f6glichkeiten f\u00fcr die Lernenden. Band A1.1 erscheint im M\u00e4rz 2026.<\/p>\n","protected":false},"excerpt":{"rendered":"<p>Das DaF-Lehrwerk f\u00fcr Jugendliche bietet von Anfang an einen leichten Einstieg mit Filmen, digitalen Elementen und flacher Progression. Digitales Lernen, Kooperation und Interaktion sind zentrale Bestandteile des Lehrwerks.Eine Gruppe jugendlicher Protagonistinnen und Protagonisten f\u00fchrt durch die Lektionen und bietet Identifikationsm\u00f6glichkeiten&#8230;<\/p>\n","protected":false},"featured_media":0,"template":"","meta":{"_acf_changed":false,"inline_featured_image":false},"product_brand":[],"product_cat":[477],"product_tag":[],"series":[{"id":3288,"name":"Gef\u00e4llt mir!","slug":"gefallt-mir"}],"publisher":[{"id":497,"name":"Hueber Verlag","slug":"hueber-verlag"}],"class_list":{"0":"post-166197","1":"product","2":"type-product","3":"status-publish","5":"product_cat-lehrwerke-fur-jugendliche","6":"series-gefallt-mir","7":"publisher-hueber-verlag","9":"first","10":"onbackorder","11":"taxable","12":"shipping-taxable","13":"purchasable","14":"product-type-simple"},"acf":[],"_links":{"self":[{"href":"https:\/\/exlibris.ee\/en\/wp-json\/wp\/v2\/product\/166197","targetHints":{"allow":["GET"]}}],"collection":[{"href":"https:\/\/exlibris.ee\/en\/wp-json\/wp\/v2\/product"}],"about":[{"href":"https:\/\/exlibris.ee\/en\/wp-json\/wp\/v2\/types\/product"}],"wp:attachment":[{"href":"https:\/\/exlibris.ee\/en\/wp-json\/wp\/v2\/media?parent=166197"}],"wp:term":[{"taxonomy":"product_brand","embeddable":true,"href":"https:\/\/exlibris.ee\/en\/wp-json\/wp\/v2\/product_brand?post=166197"},{"taxonomy":"product_cat","embeddable":true,"href":"https:\/\/exlibris.ee\/en\/wp-json\/wp\/v2\/product_cat?post=166197"},{"taxonomy":"product_tag","embeddable":true,"href":"https:\/\/exlibris.ee\/en\/wp-json\/wp\/v2\/product_tag?post=166197"},{"taxonomy":"series","embeddable":true,"href":"https:\/\/exlibris.ee\/en\/wp-json\/wp\/v2\/series?post=166197"},{"taxonomy":"publisher","embeddable":true,"href":"https:\/\/exlibris.ee\/en\/wp-json\/wp\/v2\/publisher?post=166197"}],"curies":[{"name":"wp","href":"https:\/\/api.w.org\/{rel}","templated":true}]}}