{"id":166215,"date":"2026-02-13T21:10:48","date_gmt":"2026-02-13T19:10:48","guid":{"rendered":"https:\/\/exlibris.ee\/toode\/schritte-plus-neu-1-kurs-und-arbeitsbuch-interaktive-version-2\/"},"modified":"2026-04-17T15:39:37","modified_gmt":"2026-04-17T12:39:37","slug":"schritte-plus-neu-1-kurs-und-arbeitsbuch-interaktive-version-2","status":"publish","type":"product","link":"https:\/\/exlibris.ee\/en\/product\/schritte-plus-neu-1-kurs-und-arbeitsbuch-interaktive-version-2\/","title":{"rendered":"Schritte plus Neu 1  Kurs- und Arbeitsbuch \u2013 Interaktive Version"},"content":{"rendered":"<p>Kurs- und Arbeitsbuch mit zahlreichen interaktiven \u00dcbungen und integrierten Audio- und Videodateien. Zus\u00e4tzliche Funktionen auf der Lern-Plattform BlinkLearning. In der Version f\u00fcr Lernende: Notenanzeige und Leistungsstandspeicherung bei den interaktiven \u00dcbungen. In der Version f\u00fcr Lehrkr\u00e4fte: Der Leistungsstand Ihrer einzelnen Sch\u00fcler\/innen und Ihrer Klasse wird Ihnen \u00fcbersichtlich angezeigt. Mit einem Klick k\u00f6nnen Sie Ihren Sch\u00fcler\/innen eine passende \u00dcbung zuweisen.\u00dcber den Hueber-Shop erhalten Sie derzeit automatisch die BlinkLearning-Version f\u00fcr Lernende. Lehrwerk mit erfolgreichem, vielfach erprobtem und gepr\u00fcftem Konzept, das die Vorgaben des Rahmencurriculums f\u00fcr Integrationskurse des Bundesamts f\u00fcr Migration und Fl\u00fcchtlinge umsetzt und auf den neuen Deutsch-Test f\u00fcr Zuwanderer vorbereitet.<\/p>\n","protected":false},"excerpt":{"rendered":"<p>Kurs- und Arbeitsbuch mit zahlreichen interaktiven \u00dcbungen und integrierten Audio- und Videodateien. Zus\u00e4tzliche Funktionen auf der Lern-Plattform BlinkLearning. In der Version f\u00fcr Lernende: Notenanzeige und Leistungsstandspeicherung bei den interaktiven \u00dcbungen. In der Version f\u00fcr Lehrkr\u00e4fte: Der Leistungsstand Ihrer einzelnen Sch\u00fcler\/innen&#8230;<\/p>\n","protected":false},"featured_media":0,"template":"","meta":{"_acf_changed":false,"inline_featured_image":false},"product_brand":[],"product_cat":[1121],"product_tag":[],"series":[{"id":1257,"name":"Schritte plus Neu","slug":"schritte-plus-neu"}],"publisher":[{"id":497,"name":"Hueber Verlag","slug":"hueber-verlag"}],"class_list":{"0":"post-166215","1":"product","2":"type-product","3":"status-publish","5":"product_cat-lehrwerke-fur-jugendliche-und-erwachsene","6":"series-schritte-plus-neu","7":"publisher-hueber-verlag","9":"first","10":"onbackorder","11":"taxable","12":"shipping-taxable","13":"purchasable","14":"product-type-simple"},"acf":[],"_links":{"self":[{"href":"https:\/\/exlibris.ee\/en\/wp-json\/wp\/v2\/product\/166215","targetHints":{"allow":["GET"]}}],"collection":[{"href":"https:\/\/exlibris.ee\/en\/wp-json\/wp\/v2\/product"}],"about":[{"href":"https:\/\/exlibris.ee\/en\/wp-json\/wp\/v2\/types\/product"}],"wp:attachment":[{"href":"https:\/\/exlibris.ee\/en\/wp-json\/wp\/v2\/media?parent=166215"}],"wp:term":[{"taxonomy":"product_brand","embeddable":true,"href":"https:\/\/exlibris.ee\/en\/wp-json\/wp\/v2\/product_brand?post=166215"},{"taxonomy":"product_cat","embeddable":true,"href":"https:\/\/exlibris.ee\/en\/wp-json\/wp\/v2\/product_cat?post=166215"},{"taxonomy":"product_tag","embeddable":true,"href":"https:\/\/exlibris.ee\/en\/wp-json\/wp\/v2\/product_tag?post=166215"},{"taxonomy":"series","embeddable":true,"href":"https:\/\/exlibris.ee\/en\/wp-json\/wp\/v2\/series?post=166215"},{"taxonomy":"publisher","embeddable":true,"href":"https:\/\/exlibris.ee\/en\/wp-json\/wp\/v2\/publisher?post=166215"}],"curies":[{"name":"wp","href":"https:\/\/api.w.org\/{rel}","templated":true}]}}