{"id":166218,"date":"2026-02-13T21:10:48","date_gmt":"2026-02-13T19:10:48","guid":{"rendered":"https:\/\/exlibris.ee\/toode\/menschen-im-beruf-bewerbungstraining\/"},"modified":"2026-04-17T15:39:37","modified_gmt":"2026-04-17T12:39:37","slug":"menschen-im-beruf-bewerbungstraining","status":"publish","type":"product","link":"https:\/\/exlibris.ee\/en\/product\/menschen-im-beruf-bewerbungstraining\/","title":{"rendered":"Menschen im Beruf &#8211; Bewerbungstraining"},"content":{"rendered":"<p>\u00dcbt systematisch die sprachlichen Handlungen im Bewerbungsprozess. &#8211; pr\u00e4sentiert typische Situationen von der Stellenrecherche bis zum Vorstellungsgespr\u00e4ch und die daf\u00fcr notwendigen sprachlichen Mittel. trainiert insbesondere Schreibfertigkeit und m\u00fcndlichen Ausdruck.- ideal als kursbegleitendes Material im Unterricht &#8211; durch den integrierten L\u00f6sungsschl\u00fcssel auch f\u00fcr Selbstlernende geeignet<\/p>\n","protected":false},"excerpt":{"rendered":"<p>\u00dcbt systematisch die sprachlichen Handlungen im Bewerbungsprozess. &#8211; pr\u00e4sentiert typische Situationen von der Stellenrecherche bis zum Vorstellungsgespr\u00e4ch und die daf\u00fcr notwendigen sprachlichen Mittel. trainiert insbesondere Schreibfertigkeit und m\u00fcndlichen Ausdruck.- ideal als kursbegleitendes Material im Unterricht &#8211; durch den integrierten L\u00f6sungsschl\u00fcssel&#8230;<\/p>\n","protected":false},"featured_media":321064,"template":"","meta":{"_acf_changed":false,"inline_featured_image":false},"product_brand":[],"product_cat":[885],"product_tag":[],"series":[{"id":1163,"name":"Menschen im Beruf","slug":"menschen-im-beruf"}],"publisher":[{"id":497,"name":"Hueber Verlag","slug":"hueber-verlag"}],"class_list":{"0":"post-166218","1":"product","2":"type-product","3":"status-publish","4":"has-post-thumbnail","6":"product_cat-berufssprache","7":"series-menschen-im-beruf","8":"publisher-hueber-verlag","10":"first","11":"onbackorder","12":"taxable","13":"shipping-taxable","14":"purchasable","15":"product-type-simple"},"acf":[],"_links":{"self":[{"href":"https:\/\/exlibris.ee\/en\/wp-json\/wp\/v2\/product\/166218","targetHints":{"allow":["GET"]}}],"collection":[{"href":"https:\/\/exlibris.ee\/en\/wp-json\/wp\/v2\/product"}],"about":[{"href":"https:\/\/exlibris.ee\/en\/wp-json\/wp\/v2\/types\/product"}],"wp:featuredmedia":[{"embeddable":true,"href":"https:\/\/exlibris.ee\/en\/wp-json\/wp\/v2\/media\/321064"}],"wp:attachment":[{"href":"https:\/\/exlibris.ee\/en\/wp-json\/wp\/v2\/media?parent=166218"}],"wp:term":[{"taxonomy":"product_brand","embeddable":true,"href":"https:\/\/exlibris.ee\/en\/wp-json\/wp\/v2\/product_brand?post=166218"},{"taxonomy":"product_cat","embeddable":true,"href":"https:\/\/exlibris.ee\/en\/wp-json\/wp\/v2\/product_cat?post=166218"},{"taxonomy":"product_tag","embeddable":true,"href":"https:\/\/exlibris.ee\/en\/wp-json\/wp\/v2\/product_tag?post=166218"},{"taxonomy":"series","embeddable":true,"href":"https:\/\/exlibris.ee\/en\/wp-json\/wp\/v2\/series?post=166218"},{"taxonomy":"publisher","embeddable":true,"href":"https:\/\/exlibris.ee\/en\/wp-json\/wp\/v2\/publisher?post=166218"}],"curies":[{"name":"wp","href":"https:\/\/api.w.org\/{rel}","templated":true}]}}