{"id":166220,"date":"2026-02-13T21:10:48","date_gmt":"2026-02-13T19:10:48","guid":{"rendered":"https:\/\/exlibris.ee\/toode\/miteinander-deutsch-furalltag-und-beruf-einstiegskurs-arbeitsbuch-interaktive-version\/"},"modified":"2026-04-18T15:37:33","modified_gmt":"2026-04-18T12:37:33","slug":"miteinander-deutsch-furalltag-und-beruf-einstiegskurs-arbeitsbuch-interaktive-version","status":"publish","type":"product","link":"https:\/\/exlibris.ee\/en\/product\/miteinander-deutsch-furalltag-und-beruf-einstiegskurs-arbeitsbuch-interaktive-version\/","title":{"rendered":"Miteinander! Deutsch f\u00fcrAlltag und Beruf Einstiegskurs\/Arbeitsbuch-Interaktive Version"},"content":{"rendered":"<p>Miteinander geht mehr! Miteinander! Deutsch f\u00fcr Alltag und Beruf begeistert mit plurikulturellen Protagonist:innen, ihren lebensnahen Geschichten, Erkl\u00e4rclips, Filmen, interaktiven \u00dcbungen und einem ausgekl\u00fcgelten System zur Binnen\u00addifferenzierung.<\/p>\n","protected":false},"excerpt":{"rendered":"<p>Miteinander geht mehr! Miteinander! Deutsch f\u00fcr Alltag und Beruf begeistert mit plurikulturellen Protagonist:innen, ihren lebensnahen Geschichten, Erkl\u00e4rclips, Filmen, interaktiven \u00dcbungen und einem ausgekl\u00fcgelten System zur Binnen\u00addifferenzierung.<\/p>\n","protected":false},"featured_media":0,"template":"","meta":{"_acf_changed":false,"inline_featured_image":false},"product_brand":[],"product_cat":[885],"product_tag":[],"series":[{"id":2966,"name":"Miteinander! Deutsch f\u00fcr Alltag und Beruf","slug":"miteinander-deutsch-fur-alltag-und-beruf"}],"publisher":[{"id":497,"name":"Hueber Verlag","slug":"hueber-verlag"}],"class_list":{"0":"post-166220","1":"product","2":"type-product","3":"status-publish","5":"product_cat-berufssprache","6":"series-miteinander-deutsch-fur-alltag-und-beruf","7":"publisher-hueber-verlag","9":"first","10":"onbackorder","11":"taxable","12":"shipping-taxable","13":"purchasable","14":"product-type-simple"},"acf":[],"_links":{"self":[{"href":"https:\/\/exlibris.ee\/en\/wp-json\/wp\/v2\/product\/166220","targetHints":{"allow":["GET"]}}],"collection":[{"href":"https:\/\/exlibris.ee\/en\/wp-json\/wp\/v2\/product"}],"about":[{"href":"https:\/\/exlibris.ee\/en\/wp-json\/wp\/v2\/types\/product"}],"wp:attachment":[{"href":"https:\/\/exlibris.ee\/en\/wp-json\/wp\/v2\/media?parent=166220"}],"wp:term":[{"taxonomy":"product_brand","embeddable":true,"href":"https:\/\/exlibris.ee\/en\/wp-json\/wp\/v2\/product_brand?post=166220"},{"taxonomy":"product_cat","embeddable":true,"href":"https:\/\/exlibris.ee\/en\/wp-json\/wp\/v2\/product_cat?post=166220"},{"taxonomy":"product_tag","embeddable":true,"href":"https:\/\/exlibris.ee\/en\/wp-json\/wp\/v2\/product_tag?post=166220"},{"taxonomy":"series","embeddable":true,"href":"https:\/\/exlibris.ee\/en\/wp-json\/wp\/v2\/series?post=166220"},{"taxonomy":"publisher","embeddable":true,"href":"https:\/\/exlibris.ee\/en\/wp-json\/wp\/v2\/publisher?post=166220"}],"curies":[{"name":"wp","href":"https:\/\/api.w.org\/{rel}","templated":true}]}}