{"id":166223,"date":"2026-02-13T21:11:51","date_gmt":"2026-02-13T19:11:51","guid":{"rendered":"https:\/\/exlibris.ee\/toode\/schritt-fur-schritt-in-alltag-und-beruf-1-digitaler-unterrichtsplaner\/"},"modified":"2026-04-23T05:46:58","modified_gmt":"2026-04-23T02:46:58","slug":"schritt-fur-schritt-in-alltag-und-beruf-1-digitaler-unterrichtsplaner","status":"publish","type":"product","link":"https:\/\/exlibris.ee\/en\/product\/schritt-fur-schritt-in-alltag-und-beruf-1-digitaler-unterrichtsplaner\/","title":{"rendered":"Schritt f\u00fcr Schritt in Alltag und Beruf 1\/Digitaler Unterrichtsplaner"},"content":{"rendered":"<p>Mit kleinen Schritten zum gro\u00dfen Erfolg! Schritt f\u00fcr Schritt in Alltag und Beruf \/ zum DTZ richtet sich an lese- und schreibunge\u00fcbte Kursteilnehmende nach der Alphabetisierung, gering Literarisierte und lernungewohnte Anf\u00e4nger. \u00dcbersichtliche Lerneinheiten und eine flache Progression f\u00fchren die Lernenden langsam an den Lernstoff heran.<\/p>\n","protected":false},"excerpt":{"rendered":"<p>Mit kleinen Schritten zum gro\u00dfen Erfolg! Schritt f\u00fcr Schritt in Alltag und Beruf \/ zum DTZ richtet sich an lese- und schreibunge\u00fcbte Kursteilnehmende nach der Alphabetisierung, gering Literarisierte und lernungewohnte Anf\u00e4nger. \u00dcbersichtliche Lerneinheiten und eine flache Progression f\u00fchren die Lernenden&#8230;<\/p>\n","protected":false},"featured_media":0,"template":"","meta":{"_acf_changed":false,"inline_featured_image":false},"product_brand":[],"product_cat":[538],"product_tag":[],"series":[{"id":1146,"name":"Schritt f\u00fcr Schritt in Alltag und Beruf","slug":"schritt-fur-schritt-in-alltag-und-beruf"}],"publisher":[{"id":497,"name":"Hueber Verlag","slug":"hueber-verlag"}],"class_list":{"0":"post-166223","1":"product","2":"type-product","3":"status-publish","5":"product_cat-lehrwerke-fur-erwachsene","6":"series-schritt-fur-schritt-in-alltag-und-beruf","7":"publisher-hueber-verlag","9":"first","10":"onbackorder","11":"taxable","12":"shipping-taxable","13":"purchasable","14":"product-type-simple"},"acf":[],"_links":{"self":[{"href":"https:\/\/exlibris.ee\/en\/wp-json\/wp\/v2\/product\/166223","targetHints":{"allow":["GET"]}}],"collection":[{"href":"https:\/\/exlibris.ee\/en\/wp-json\/wp\/v2\/product"}],"about":[{"href":"https:\/\/exlibris.ee\/en\/wp-json\/wp\/v2\/types\/product"}],"wp:attachment":[{"href":"https:\/\/exlibris.ee\/en\/wp-json\/wp\/v2\/media?parent=166223"}],"wp:term":[{"taxonomy":"product_brand","embeddable":true,"href":"https:\/\/exlibris.ee\/en\/wp-json\/wp\/v2\/product_brand?post=166223"},{"taxonomy":"product_cat","embeddable":true,"href":"https:\/\/exlibris.ee\/en\/wp-json\/wp\/v2\/product_cat?post=166223"},{"taxonomy":"product_tag","embeddable":true,"href":"https:\/\/exlibris.ee\/en\/wp-json\/wp\/v2\/product_tag?post=166223"},{"taxonomy":"series","embeddable":true,"href":"https:\/\/exlibris.ee\/en\/wp-json\/wp\/v2\/series?post=166223"},{"taxonomy":"publisher","embeddable":true,"href":"https:\/\/exlibris.ee\/en\/wp-json\/wp\/v2\/publisher?post=166223"}],"curies":[{"name":"wp","href":"https:\/\/api.w.org\/{rel}","templated":true}]}}