{"id":166226,"date":"2026-02-13T21:11:51","date_gmt":"2026-02-13T19:11:51","guid":{"rendered":"https:\/\/exlibris.ee\/toode\/miteinander-deutsch-fur-alltag-und-beruf-a1-spielesammlung\/"},"modified":"2026-04-18T15:39:18","modified_gmt":"2026-04-18T12:39:18","slug":"miteinander-deutsch-fur-alltag-und-beruf-a1-spielesammlung","status":"publish","type":"product","link":"https:\/\/exlibris.ee\/en\/product\/miteinander-deutsch-fur-alltag-und-beruf-a1-spielesammlung\/","title":{"rendered":"Miteinander! Deutsch f\u00fcr Alltag und Beruf A1\/Spielesammlung"},"content":{"rendered":"<p>Miteinander! Deutsch f\u00fcr Alltag und Beruf begeistert mit plurikulturellen Protagonist:innen, ihren lebensnahen Geschichten, Erkl\u00e4rclips, Filmen, interaktiven \u00dcbungen und einem ausgekl\u00fcgelten System zur Binnen\u00addifferenzierung.Das neue Erfolgslehrwerk f\u00fcr Integrationskurse f\u00fchrt kleinschrittig zum Niveau B1 und zum erfolgreichen Abschluss des Deutsch-Tests f\u00fcr Zuwanderer.<\/p>\n","protected":false},"excerpt":{"rendered":"<p>Miteinander! Deutsch f\u00fcr Alltag und Beruf begeistert mit plurikulturellen Protagonist:innen, ihren lebensnahen Geschichten, Erkl\u00e4rclips, Filmen, interaktiven \u00dcbungen und einem ausgekl\u00fcgelten System zur Binnen\u00addifferenzierung.Das neue Erfolgslehrwerk f\u00fcr Integrationskurse f\u00fchrt kleinschrittig zum Niveau B1 und zum erfolgreichen Abschluss des Deutsch-Tests f\u00fcr Zuwanderer.<\/p>\n","protected":false},"featured_media":338080,"template":"","meta":{"_acf_changed":false,"inline_featured_image":false},"product_brand":[],"product_cat":[885],"product_tag":[],"series":[{"id":2966,"name":"Miteinander! Deutsch f\u00fcr Alltag und Beruf","slug":"miteinander-deutsch-fur-alltag-und-beruf"}],"publisher":[{"id":497,"name":"Hueber Verlag","slug":"hueber-verlag"}],"class_list":{"0":"post-166226","1":"product","2":"type-product","3":"status-publish","4":"has-post-thumbnail","6":"product_cat-berufssprache","7":"series-miteinander-deutsch-fur-alltag-und-beruf","8":"publisher-hueber-verlag","10":"first","11":"onbackorder","12":"taxable","13":"shipping-taxable","14":"purchasable","15":"product-type-simple"},"acf":[],"_links":{"self":[{"href":"https:\/\/exlibris.ee\/en\/wp-json\/wp\/v2\/product\/166226","targetHints":{"allow":["GET"]}}],"collection":[{"href":"https:\/\/exlibris.ee\/en\/wp-json\/wp\/v2\/product"}],"about":[{"href":"https:\/\/exlibris.ee\/en\/wp-json\/wp\/v2\/types\/product"}],"wp:featuredmedia":[{"embeddable":true,"href":"https:\/\/exlibris.ee\/en\/wp-json\/wp\/v2\/media\/338080"}],"wp:attachment":[{"href":"https:\/\/exlibris.ee\/en\/wp-json\/wp\/v2\/media?parent=166226"}],"wp:term":[{"taxonomy":"product_brand","embeddable":true,"href":"https:\/\/exlibris.ee\/en\/wp-json\/wp\/v2\/product_brand?post=166226"},{"taxonomy":"product_cat","embeddable":true,"href":"https:\/\/exlibris.ee\/en\/wp-json\/wp\/v2\/product_cat?post=166226"},{"taxonomy":"product_tag","embeddable":true,"href":"https:\/\/exlibris.ee\/en\/wp-json\/wp\/v2\/product_tag?post=166226"},{"taxonomy":"series","embeddable":true,"href":"https:\/\/exlibris.ee\/en\/wp-json\/wp\/v2\/series?post=166226"},{"taxonomy":"publisher","embeddable":true,"href":"https:\/\/exlibris.ee\/en\/wp-json\/wp\/v2\/publisher?post=166226"}],"curies":[{"name":"wp","href":"https:\/\/api.w.org\/{rel}","templated":true}]}}