{"id":166236,"date":"2026-02-13T21:13:25","date_gmt":"2026-02-13T19:13:25","guid":{"rendered":"https:\/\/exlibris.ee\/toode\/deutsch-in-der-firma-englisch-pdf-mp3-download\/"},"modified":"2026-04-25T17:40:29","modified_gmt":"2026-04-25T14:40:29","slug":"deutsch-in-der-firma-englisch-pdf-mp3-download","status":"publish","type":"product","link":"https:\/\/exlibris.ee\/en\/product\/deutsch-in-der-firma-englisch-pdf-mp3-download\/","title":{"rendered":"Deutsch in der Firma \/ Englisch \/ PDF\/MP3-Download"},"content":{"rendered":"<p>Der Berufssprachf\u00fchrer \u201cDeutsch in der Firma\u201d bietet die M\u00f6glichkeit, deutsche Vokabeln und Redemittel f\u00fcr typische Berufssituationen einzu\u00fcben oder sie schnell nachzuschlagen. \u201cDeutsch in der Firma\u201d wendet sich prim\u00e4r an englische  Muttersprachler. Alle S\u00e4tze sind vertont in Deutsch und als \u00dcbersetzung verf\u00fcgbar. Behandelte Themen u. a.: \u2013 Neu in der Firma \u2013 Vertr\u00e4ge und Bestellungen \u2013 Am Telefon \u2013 Konfliktsituationen \u2013 Besprechungen \u2013 Termine koordinieren \u2013 Small Talk u. v. m.<\/p>\n","protected":false},"excerpt":{"rendered":"<p>Der Berufssprachf\u00fchrer \u201cDeutsch in der Firma\u201d bietet die M\u00f6glichkeit, deutsche Vokabeln und Redemittel f\u00fcr typische Berufssituationen einzu\u00fcben oder sie schnell nachzuschlagen. \u201cDeutsch in der Firma\u201d wendet sich prim\u00e4r an englische Muttersprachler. Alle S\u00e4tze sind vertont in Deutsch und als \u00dcbersetzung&#8230;<\/p>\n","protected":false},"featured_media":473743,"template":"","meta":{"_acf_changed":false,"inline_featured_image":false},"product_brand":[],"product_cat":[885],"product_tag":[],"series":[{"id":3292,"name":"Deutsch in der Firma","slug":"deutsch-in-der-firma"}],"publisher":[{"id":497,"name":"Hueber Verlag","slug":"hueber-verlag"}],"class_list":{"0":"post-166236","1":"product","2":"type-product","3":"status-publish","4":"has-post-thumbnail","6":"product_cat-berufssprache","7":"series-deutsch-in-der-firma","8":"publisher-hueber-verlag","10":"first","11":"onbackorder","12":"taxable","13":"shipping-taxable","14":"purchasable","15":"product-type-simple"},"acf":[],"_links":{"self":[{"href":"https:\/\/exlibris.ee\/en\/wp-json\/wp\/v2\/product\/166236","targetHints":{"allow":["GET"]}}],"collection":[{"href":"https:\/\/exlibris.ee\/en\/wp-json\/wp\/v2\/product"}],"about":[{"href":"https:\/\/exlibris.ee\/en\/wp-json\/wp\/v2\/types\/product"}],"wp:featuredmedia":[{"embeddable":true,"href":"https:\/\/exlibris.ee\/en\/wp-json\/wp\/v2\/media\/473743"}],"wp:attachment":[{"href":"https:\/\/exlibris.ee\/en\/wp-json\/wp\/v2\/media?parent=166236"}],"wp:term":[{"taxonomy":"product_brand","embeddable":true,"href":"https:\/\/exlibris.ee\/en\/wp-json\/wp\/v2\/product_brand?post=166236"},{"taxonomy":"product_cat","embeddable":true,"href":"https:\/\/exlibris.ee\/en\/wp-json\/wp\/v2\/product_cat?post=166236"},{"taxonomy":"product_tag","embeddable":true,"href":"https:\/\/exlibris.ee\/en\/wp-json\/wp\/v2\/product_tag?post=166236"},{"taxonomy":"series","embeddable":true,"href":"https:\/\/exlibris.ee\/en\/wp-json\/wp\/v2\/series?post=166236"},{"taxonomy":"publisher","embeddable":true,"href":"https:\/\/exlibris.ee\/en\/wp-json\/wp\/v2\/publisher?post=166236"}],"curies":[{"name":"wp","href":"https:\/\/api.w.org\/{rel}","templated":true}]}}