{"id":166240,"date":"2026-02-13T21:13:25","date_gmt":"2026-02-13T19:13:25","guid":{"rendered":"https:\/\/exlibris.ee\/toode\/miteinander-deutsch-fur-den-beruf-b2-digitaler-unterrichtsplaner\/"},"modified":"2026-04-16T17:38:20","modified_gmt":"2026-04-16T14:38:20","slug":"miteinander-deutsch-fur-den-beruf-b2-digitaler-unterrichtsplaner","status":"publish","type":"product","link":"https:\/\/exlibris.ee\/en\/product\/miteinander-deutsch-fur-den-beruf-b2-digitaler-unterrichtsplaner\/","title":{"rendered":"Miteinander! Deutsch f\u00fcr den Beruf B2\/Digitaler Unterrichtsplaner"},"content":{"rendered":"<p>Miteinander geht mehr! Miteinander! Deutsch f\u00fcr Alltag und Beruf begeistert mit plurikulturellen Protagonist:innen, ihren lebensnahen Geschichten, Erkl\u00e4rclips, Filmen, interaktiven \u00dcbungen und einem ausgekl\u00fcgelten System zur Binnen\u00addifferenzierung.<\/p>\n","protected":false},"excerpt":{"rendered":"<p>Miteinander geht mehr! Miteinander! Deutsch f\u00fcr Alltag und Beruf begeistert mit plurikulturellen Protagonist:innen, ihren lebensnahen Geschichten, Erkl\u00e4rclips, Filmen, interaktiven \u00dcbungen und einem ausgekl\u00fcgelten System zur Binnen\u00addifferenzierung.<\/p>\n","protected":false},"featured_media":0,"template":"","meta":{"_acf_changed":false,"inline_featured_image":false},"product_brand":[],"product_cat":[885],"product_tag":[],"series":[{"id":3290,"name":"Miteinander! Deutsch f\u00fcr den Beruf","slug":"miteinander-deutsch-fur-den-beruf"}],"publisher":[{"id":497,"name":"Hueber Verlag","slug":"hueber-verlag"}],"class_list":{"0":"post-166240","1":"product","2":"type-product","3":"status-publish","5":"product_cat-berufssprache","6":"series-miteinander-deutsch-fur-den-beruf","7":"publisher-hueber-verlag","9":"first","10":"onbackorder","11":"taxable","12":"shipping-taxable","13":"purchasable","14":"product-type-simple"},"acf":[],"_links":{"self":[{"href":"https:\/\/exlibris.ee\/en\/wp-json\/wp\/v2\/product\/166240","targetHints":{"allow":["GET"]}}],"collection":[{"href":"https:\/\/exlibris.ee\/en\/wp-json\/wp\/v2\/product"}],"about":[{"href":"https:\/\/exlibris.ee\/en\/wp-json\/wp\/v2\/types\/product"}],"wp:attachment":[{"href":"https:\/\/exlibris.ee\/en\/wp-json\/wp\/v2\/media?parent=166240"}],"wp:term":[{"taxonomy":"product_brand","embeddable":true,"href":"https:\/\/exlibris.ee\/en\/wp-json\/wp\/v2\/product_brand?post=166240"},{"taxonomy":"product_cat","embeddable":true,"href":"https:\/\/exlibris.ee\/en\/wp-json\/wp\/v2\/product_cat?post=166240"},{"taxonomy":"product_tag","embeddable":true,"href":"https:\/\/exlibris.ee\/en\/wp-json\/wp\/v2\/product_tag?post=166240"},{"taxonomy":"series","embeddable":true,"href":"https:\/\/exlibris.ee\/en\/wp-json\/wp\/v2\/series?post=166240"},{"taxonomy":"publisher","embeddable":true,"href":"https:\/\/exlibris.ee\/en\/wp-json\/wp\/v2\/publisher?post=166240"}],"curies":[{"name":"wp","href":"https:\/\/api.w.org\/{rel}","templated":true}]}}