{"id":166280,"date":"2026-02-13T21:18:44","date_gmt":"2026-02-13T19:18:44","guid":{"rendered":"https:\/\/exlibris.ee\/toode\/deutsch-ganz-leicht-a1-selbstlernkurs-deutsch-fur-anfanger-yeni-baslayanlar-icin-kendi-kendine-almanca-ogrenme-kursu-paket-textbuch-arbeitsbuch-mp3-download\/"},"modified":"2026-04-30T17:16:12","modified_gmt":"2026-04-30T14:16:12","slug":"deutsch-ganz-leicht-a1-selbstlernkurs-deutsch-fur-anfanger-yeni-baslayanlar-icin-kendi-kendine-almanca-ogrenme-kursu-paket-textbuch-arbeitsbuch-mp3-download","status":"publish","type":"product","link":"https:\/\/exlibris.ee\/en\/product\/deutsch-ganz-leicht-a1-selbstlernkurs-deutsch-fur-anfanger-yeni-baslayanlar-icin-kendi-kendine-almanca-ogrenme-kursu-paket-textbuch-arbeitsbuch-mp3-download\/","title":{"rendered":"Deutsch ganz leicht A1  Selbstlernkurs Deutsch f\u00fcr Anf\u00e4nger \u2013 Yeni ba\u015flayanlar i\u00e7in kendi kendine Almanca \u00f6\u011frenme kursu \/ Paket: Textbuch + Arbeitsbuch + MP3-Download"},"content":{"rendered":"<p>Der leichte Weg zu ersten Deutschkenntnissen:\u00a0Deutsch ganz leicht A1\u00a0f\u00fchrt Anf\u00e4nger ohne oder mit geringen Vorkenntnissen Schritt f\u00fcr Schritt zum Niveau A1. Vier Personen begleiten den Lernenden in zwei fortlaufenden Geschichten durch den Kurs und geben einen authentischen Einblick in ihr Privat- und Berufsleben. So k\u00f6nnen Alltagssituationen nach Absolvierung des Kurses problemlos gemeistert werden.<\/p>\n","protected":false},"excerpt":{"rendered":"<p>Der leichte Weg zu ersten Deutschkenntnissen:\u00a0Deutsch ganz leicht A1\u00a0f\u00fchrt Anf\u00e4nger ohne oder mit geringen Vorkenntnissen Schritt f\u00fcr Schritt zum Niveau A1. Vier Personen begleiten den Lernenden in zwei fortlaufenden Geschichten durch den Kurs und geben einen authentischen Einblick in ihr&#8230;<\/p>\n","protected":false},"featured_media":574951,"template":"","meta":{"_acf_changed":false,"inline_featured_image":false},"product_brand":[],"product_cat":[538],"product_tag":[],"series":[{"id":1027,"name":"Deutsch ganz leicht","slug":"deutsch-ganz-leicht"}],"publisher":[{"id":497,"name":"Hueber Verlag","slug":"hueber-verlag"}],"class_list":{"0":"post-166280","1":"product","2":"type-product","3":"status-publish","4":"has-post-thumbnail","6":"product_cat-lehrwerke-fur-erwachsene","7":"series-deutsch-ganz-leicht","8":"publisher-hueber-verlag","10":"first","11":"onbackorder","12":"taxable","13":"shipping-taxable","14":"purchasable","15":"product-type-simple"},"acf":[],"_links":{"self":[{"href":"https:\/\/exlibris.ee\/en\/wp-json\/wp\/v2\/product\/166280","targetHints":{"allow":["GET"]}}],"collection":[{"href":"https:\/\/exlibris.ee\/en\/wp-json\/wp\/v2\/product"}],"about":[{"href":"https:\/\/exlibris.ee\/en\/wp-json\/wp\/v2\/types\/product"}],"wp:featuredmedia":[{"embeddable":true,"href":"https:\/\/exlibris.ee\/en\/wp-json\/wp\/v2\/media\/574951"}],"wp:attachment":[{"href":"https:\/\/exlibris.ee\/en\/wp-json\/wp\/v2\/media?parent=166280"}],"wp:term":[{"taxonomy":"product_brand","embeddable":true,"href":"https:\/\/exlibris.ee\/en\/wp-json\/wp\/v2\/product_brand?post=166280"},{"taxonomy":"product_cat","embeddable":true,"href":"https:\/\/exlibris.ee\/en\/wp-json\/wp\/v2\/product_cat?post=166280"},{"taxonomy":"product_tag","embeddable":true,"href":"https:\/\/exlibris.ee\/en\/wp-json\/wp\/v2\/product_tag?post=166280"},{"taxonomy":"series","embeddable":true,"href":"https:\/\/exlibris.ee\/en\/wp-json\/wp\/v2\/series?post=166280"},{"taxonomy":"publisher","embeddable":true,"href":"https:\/\/exlibris.ee\/en\/wp-json\/wp\/v2\/publisher?post=166280"}],"curies":[{"name":"wp","href":"https:\/\/api.w.org\/{rel}","templated":true}]}}