{"id":166281,"date":"2026-02-13T21:18:44","date_gmt":"2026-02-13T19:18:44","guid":{"rendered":"https:\/\/exlibris.ee\/toode\/mein-grammatiktraining-b2-ubungsbuch\/"},"modified":"2026-04-09T11:17:20","modified_gmt":"2026-04-09T08:17:20","slug":"mein-grammatiktraining-b2-ubungsbuch","status":"publish","type":"product","link":"https:\/\/exlibris.ee\/en\/product\/mein-grammatiktraining-b2-ubungsbuch\/","title":{"rendered":"Mein Grammatiktraining B2\/\u00dcbungsbuch"},"content":{"rendered":"<p>Zielgruppe: Lernende der Niveaustufe B2. \u2022 \u00dcbungsgrammatik f\u00fcr Jugendliche und Erwachsene. \u2022 300 abwechslungsreiche \u00dcbungen zu allen Grammatikph\u00e4nomenen der B2-Stufe.\u2022 einf\u00fchrende \u00dcbungen zur selbstentdeckenden Regelfindung bei anspruchsvollen Grammatikthemen.\u2022 Erkl\u00e4rung der W\u00f6rter \u00fcber B1-Niveau in Fu\u00dfnoten.\u2022 praktische Tipps mit kurzen Grammatikregeln und Mnemotechniken f\u00fcr eine Steigerung der Behaltensleistung. \u2022 H\u00f6r-Sprech-\u00dcbungen zur Automatisierung der Strukturen. \u2022 Audio-Dateien als kostenloser MP3-Download.\u2022 Das Lehrerbuch enth\u00e4lt das gesamte Sch\u00fclerbuch mit eingetragenen L\u00f6sungen sowie die Transkriptionen der H\u00f6r\u00fcbungen.<\/p>\n","protected":false},"excerpt":{"rendered":"<p>Zielgruppe: Lernende der Niveaustufe B2. \u2022 \u00dcbungsgrammatik f\u00fcr Jugendliche und Erwachsene. \u2022 300 abwechslungsreiche \u00dcbungen zu allen Grammatikph\u00e4nomenen der B2-Stufe.\u2022 einf\u00fchrende \u00dcbungen zur selbstentdeckenden Regelfindung bei anspruchsvollen Grammatikthemen.\u2022 Erkl\u00e4rung der W\u00f6rter \u00fcber B1-Niveau in Fu\u00dfnoten.\u2022 praktische Tipps mit kurzen Grammatikregeln&#8230;<\/p>\n","protected":false},"featured_media":168911,"template":"","meta":{"_acf_changed":false,"inline_featured_image":false},"product_brand":[],"product_cat":[480],"product_tag":[],"series":[{"id":2131,"name":"Grammatikland","slug":"grammatikland"}],"publisher":[{"id":1297,"name":"Karabatos Verlag","slug":"karabatos-verlag"}],"class_list":{"0":"post-166281","1":"product","2":"type-product","3":"status-publish","4":"has-post-thumbnail","6":"product_cat-grammatiken","7":"series-grammatikland","8":"publisher-karabatos-verlag","10":"first","11":"onbackorder","12":"taxable","13":"shipping-taxable","14":"purchasable","15":"product-type-simple"},"acf":[],"_links":{"self":[{"href":"https:\/\/exlibris.ee\/en\/wp-json\/wp\/v2\/product\/166281","targetHints":{"allow":["GET"]}}],"collection":[{"href":"https:\/\/exlibris.ee\/en\/wp-json\/wp\/v2\/product"}],"about":[{"href":"https:\/\/exlibris.ee\/en\/wp-json\/wp\/v2\/types\/product"}],"wp:featuredmedia":[{"embeddable":true,"href":"https:\/\/exlibris.ee\/en\/wp-json\/wp\/v2\/media\/168911"}],"wp:attachment":[{"href":"https:\/\/exlibris.ee\/en\/wp-json\/wp\/v2\/media?parent=166281"}],"wp:term":[{"taxonomy":"product_brand","embeddable":true,"href":"https:\/\/exlibris.ee\/en\/wp-json\/wp\/v2\/product_brand?post=166281"},{"taxonomy":"product_cat","embeddable":true,"href":"https:\/\/exlibris.ee\/en\/wp-json\/wp\/v2\/product_cat?post=166281"},{"taxonomy":"product_tag","embeddable":true,"href":"https:\/\/exlibris.ee\/en\/wp-json\/wp\/v2\/product_tag?post=166281"},{"taxonomy":"series","embeddable":true,"href":"https:\/\/exlibris.ee\/en\/wp-json\/wp\/v2\/series?post=166281"},{"taxonomy":"publisher","embeddable":true,"href":"https:\/\/exlibris.ee\/en\/wp-json\/wp\/v2\/publisher?post=166281"}],"curies":[{"name":"wp","href":"https:\/\/api.w.org\/{rel}","templated":true}]}}