{"id":166304,"date":"2026-02-13T21:21:19","date_gmt":"2026-02-13T19:21:19","guid":{"rendered":"https:\/\/exlibris.ee\/toode\/bentes-erster-fall-lesehasen-bucherei-lekture-fur-kinder-mit-silbenhilfe\/"},"modified":"2026-04-11T19:14:40","modified_gmt":"2026-04-11T16:14:40","slug":"bentes-erster-fall-lesehasen-bucherei-lekture-fur-kinder-mit-silbenhilfe","status":"publish","type":"product","link":"https:\/\/exlibris.ee\/en\/product\/bentes-erster-fall-lesehasen-bucherei-lekture-fur-kinder-mit-silbenhilfe\/","title":{"rendered":"Bentes erster Fall\/Lesehasen-B\u00fccherei \/ Lekt\u00fcre f\u00fcr Kinder mit Silbenhilfe"},"content":{"rendered":"<p>Zielgruppe: Kinder ab 6 Jahren (1.\/2. Klasse). Was tun, wenn man etwas verlegt hat und es nicht finden kann? Bente wei\u00df in dieser humorvollen Geschichte Rat: Man muss wie ein Detektiv denken und strategisch suchen. Opa war, als er j\u00fcnger war, ein richtig guter Detektiv und seine Enkelin Bente bewundert ihn deshalb sehr. Sie h\u00f6rt gerne seine spannenden Geschichten von fr\u00fcher, auch wenn Opa dabei manchmal ein bisschen flunkert.Aber heute ist Opa ein wenig vergesslich. Er kann sich nicht mehr erinnern, wo seine Brille ist. \u00dcberall hat er schon gesucht, doch die Brille ist weg. Wie gut, dass Bente gleich wei\u00df, was zu tun ist. Sie tritt in Opas Fu\u00dfstapfen und beginnt, wie eine richtige Detektivin zu ermitteln. Durch genaue Beobachtung und logische Schl\u00fcsse gelingt es ihr schlie\u00dflich, den Fall zu l\u00f6sen und Opas Brille zu finden.<\/p>\n","protected":false},"excerpt":{"rendered":"<p>Zielgruppe: Kinder ab 6 Jahren (1.\/2. Klasse). Was tun, wenn man etwas verlegt hat und es nicht finden kann? Bente wei\u00df in dieser humorvollen Geschichte Rat: Man muss wie ein Detektiv denken und strategisch suchen. Opa war, als er j\u00fcnger&#8230;<\/p>\n","protected":false},"featured_media":203127,"template":"","meta":{"_acf_changed":false,"inline_featured_image":false},"product_brand":[],"product_cat":[851],"product_tag":[],"series":[],"publisher":[{"id":2104,"name":"Hase und Igel Verlag","slug":"hase-und-igel-verlag"}],"class_list":{"0":"post-166304","1":"product","2":"type-product","3":"status-publish","4":"has-post-thumbnail","6":"product_cat-lesetexte-deutsch","7":"publisher-hase-und-igel-verlag","9":"first","10":"onbackorder","11":"taxable","12":"shipping-taxable","13":"purchasable","14":"product-type-simple"},"acf":[],"_links":{"self":[{"href":"https:\/\/exlibris.ee\/en\/wp-json\/wp\/v2\/product\/166304","targetHints":{"allow":["GET"]}}],"collection":[{"href":"https:\/\/exlibris.ee\/en\/wp-json\/wp\/v2\/product"}],"about":[{"href":"https:\/\/exlibris.ee\/en\/wp-json\/wp\/v2\/types\/product"}],"wp:featuredmedia":[{"embeddable":true,"href":"https:\/\/exlibris.ee\/en\/wp-json\/wp\/v2\/media\/203127"}],"wp:attachment":[{"href":"https:\/\/exlibris.ee\/en\/wp-json\/wp\/v2\/media?parent=166304"}],"wp:term":[{"taxonomy":"product_brand","embeddable":true,"href":"https:\/\/exlibris.ee\/en\/wp-json\/wp\/v2\/product_brand?post=166304"},{"taxonomy":"product_cat","embeddable":true,"href":"https:\/\/exlibris.ee\/en\/wp-json\/wp\/v2\/product_cat?post=166304"},{"taxonomy":"product_tag","embeddable":true,"href":"https:\/\/exlibris.ee\/en\/wp-json\/wp\/v2\/product_tag?post=166304"},{"taxonomy":"series","embeddable":true,"href":"https:\/\/exlibris.ee\/en\/wp-json\/wp\/v2\/series?post=166304"},{"taxonomy":"publisher","embeddable":true,"href":"https:\/\/exlibris.ee\/en\/wp-json\/wp\/v2\/publisher?post=166304"}],"curies":[{"name":"wp","href":"https:\/\/api.w.org\/{rel}","templated":true}]}}