{"id":166307,"date":"2026-02-13T21:21:19","date_gmt":"2026-02-13T19:21:19","guid":{"rendered":"https:\/\/exlibris.ee\/toode\/als-weihnachten-einmal-fast-nicht-stattfand-mit-silbenhilfe-materialien-und-kopiervorlagen-zur-klassenlekture\/"},"modified":"2026-04-05T17:23:34","modified_gmt":"2026-04-05T14:23:34","slug":"als-weihnachten-einmal-fast-nicht-stattfand-mit-silbenhilfe-materialien-und-kopiervorlagen-zur-klassenlekture","status":"publish","type":"product","link":"https:\/\/exlibris.ee\/en\/product\/als-weihnachten-einmal-fast-nicht-stattfand-mit-silbenhilfe-materialien-und-kopiervorlagen-zur-klassenlekture\/","title":{"rendered":"Als Weihnachten einmal fast nicht stattfand\/mit Silbenhilfe \/ Materialien und Kopiervorlagen zur Klassenlekt\u00fcre"},"content":{"rendered":"<p>Das Begleitmaterial greift auf vielf\u00e4ltige Weise die Themen der Lekt\u00fcre auf und f\u00fchrt diese weiter. Dabei geht es um Weihnachten und Geschenke sowie um die Werte, die das Fest umfasst. In den Fokus ger\u00fcckt werden aber auch Brauchtum, das Thema Freundschaft, die Planung und Umsetzung einer Umfrage sowie die Vorbereitung einer Weihnachtsfeier.Zu allen Kapiteln der Ganzschrift sind Kopiervorlagen zur \u00dcberpr\u00fcfung und Sicherung des Textverst\u00e4ndnisses enthalten. Au\u00dferdem gibt es Materialien zur Spracharbeit, Mal- und Bastelvorlagen sowie motivierende R\u00e4tsel.Dieses Begleitmaterial ist an die Silbenhilfe-Leselernmethode angepasst, indem bei den Kopiervorlagen die zweiten Silben durchgehend grau gef\u00e4rbt sind.<\/p>\n","protected":false},"excerpt":{"rendered":"<p>Das Begleitmaterial greift auf vielf\u00e4ltige Weise die Themen der Lekt\u00fcre auf und f\u00fchrt diese weiter. Dabei geht es um Weihnachten und Geschenke sowie um die Werte, die das Fest umfasst. In den Fokus ger\u00fcckt werden aber auch Brauchtum, das Thema&#8230;<\/p>\n","protected":false},"featured_media":168928,"template":"","meta":{"_acf_changed":false,"inline_featured_image":false},"product_brand":[],"product_cat":[851],"product_tag":[],"series":[],"publisher":[{"id":2104,"name":"Hase und Igel Verlag","slug":"hase-und-igel-verlag"}],"class_list":{"0":"post-166307","1":"product","2":"type-product","3":"status-publish","4":"has-post-thumbnail","6":"product_cat-lesetexte-deutsch","7":"publisher-hase-und-igel-verlag","9":"first","10":"onbackorder","11":"taxable","12":"shipping-taxable","13":"purchasable","14":"product-type-simple"},"acf":[],"_links":{"self":[{"href":"https:\/\/exlibris.ee\/en\/wp-json\/wp\/v2\/product\/166307","targetHints":{"allow":["GET"]}}],"collection":[{"href":"https:\/\/exlibris.ee\/en\/wp-json\/wp\/v2\/product"}],"about":[{"href":"https:\/\/exlibris.ee\/en\/wp-json\/wp\/v2\/types\/product"}],"wp:featuredmedia":[{"embeddable":true,"href":"https:\/\/exlibris.ee\/en\/wp-json\/wp\/v2\/media\/168928"}],"wp:attachment":[{"href":"https:\/\/exlibris.ee\/en\/wp-json\/wp\/v2\/media?parent=166307"}],"wp:term":[{"taxonomy":"product_brand","embeddable":true,"href":"https:\/\/exlibris.ee\/en\/wp-json\/wp\/v2\/product_brand?post=166307"},{"taxonomy":"product_cat","embeddable":true,"href":"https:\/\/exlibris.ee\/en\/wp-json\/wp\/v2\/product_cat?post=166307"},{"taxonomy":"product_tag","embeddable":true,"href":"https:\/\/exlibris.ee\/en\/wp-json\/wp\/v2\/product_tag?post=166307"},{"taxonomy":"series","embeddable":true,"href":"https:\/\/exlibris.ee\/en\/wp-json\/wp\/v2\/series?post=166307"},{"taxonomy":"publisher","embeddable":true,"href":"https:\/\/exlibris.ee\/en\/wp-json\/wp\/v2\/publisher?post=166307"}],"curies":[{"name":"wp","href":"https:\/\/api.w.org\/{rel}","templated":true}]}}