{"id":166308,"date":"2026-02-13T21:21:20","date_gmt":"2026-02-13T19:21:20","guid":{"rendered":"https:\/\/exlibris.ee\/toode\/topfit-a2-osd-kid-ubungsbuch-mit-modell-und-ubunstests-code\/"},"modified":"2026-04-17T17:33:45","modified_gmt":"2026-04-17T14:33:45","slug":"topfit-a2-osd-kid-ubungsbuch-mit-modell-und-ubunstests-code","status":"publish","type":"product","link":"https:\/\/exlibris.ee\/en\/product\/topfit-a2-osd-kid-ubungsbuch-mit-modell-und-ubunstests-code\/","title":{"rendered":"Topfit A2 \u00d6SD Kid\/\u00dcbungsbuch mit Modell- und \u00dcbunstests + Code"},"content":{"rendered":"<p>Trainingskurs f\u00fcr Kinder und Jugendliche, die sich auf die Pr\u00fcfung \u00d6SD Kid A2 vorbereiten wollen.Das \u00dcbungsbuch kann begleitend zu jedem Kinder- oder Jugendlichenlehrwerk eingesetzt werden.  Das Buch enth\u00e4lt zehn komplette Modelltests und einen pers\u00f6nlichen Startcode, mit dem die Lernenden Zugang zu weiteren Tests auf der Plattform mein.karabatos-interaktiv.gr erhalten. Au\u00dferdem enthalten: zus\u00e4tzliche \u00dcbungen zur Wiederholung und Vertiefung des Vokabulars und der Grammatik, Redemittel f\u00fcr den schriftlichen und m\u00fcndlichen Ausdruck sowie Tipps und Strategien zur Bew\u00e4ltigung der Aufgaben  Die Audio-Dateien stehen als kostenloser MP3-Download auf www.hueber.de\/audioservice zur Verf\u00fcgung.<\/p>\n","protected":false},"excerpt":{"rendered":"<p>Trainingskurs f\u00fcr Kinder und Jugendliche, die sich auf die Pr\u00fcfung \u00d6SD Kid A2 vorbereiten wollen.Das \u00dcbungsbuch kann begleitend zu jedem Kinder- oder Jugendlichenlehrwerk eingesetzt werden. Das Buch enth\u00e4lt zehn komplette Modelltests und einen pers\u00f6nlichen Startcode, mit dem die Lernenden Zugang&#8230;<\/p>\n","protected":false},"featured_media":321734,"template":"","meta":{"_acf_changed":false,"inline_featured_image":false},"product_brand":[],"product_cat":[507],"product_tag":[],"series":[{"id":1326,"name":"Trainingskurs zur Pr\u00fcfung","slug":"trainingskurs-zur-prufung"}],"publisher":[{"id":1297,"name":"Karabatos Verlag","slug":"karabatos-verlag"}],"class_list":{"0":"post-166308","1":"product","2":"type-product","3":"status-publish","4":"has-post-thumbnail","6":"product_cat-prufungsvorbereitung","7":"series-trainingskurs-zur-prufung","8":"publisher-karabatos-verlag","10":"first","11":"onbackorder","12":"taxable","13":"shipping-taxable","14":"purchasable","15":"product-type-simple"},"acf":[],"_links":{"self":[{"href":"https:\/\/exlibris.ee\/en\/wp-json\/wp\/v2\/product\/166308","targetHints":{"allow":["GET"]}}],"collection":[{"href":"https:\/\/exlibris.ee\/en\/wp-json\/wp\/v2\/product"}],"about":[{"href":"https:\/\/exlibris.ee\/en\/wp-json\/wp\/v2\/types\/product"}],"wp:featuredmedia":[{"embeddable":true,"href":"https:\/\/exlibris.ee\/en\/wp-json\/wp\/v2\/media\/321734"}],"wp:attachment":[{"href":"https:\/\/exlibris.ee\/en\/wp-json\/wp\/v2\/media?parent=166308"}],"wp:term":[{"taxonomy":"product_brand","embeddable":true,"href":"https:\/\/exlibris.ee\/en\/wp-json\/wp\/v2\/product_brand?post=166308"},{"taxonomy":"product_cat","embeddable":true,"href":"https:\/\/exlibris.ee\/en\/wp-json\/wp\/v2\/product_cat?post=166308"},{"taxonomy":"product_tag","embeddable":true,"href":"https:\/\/exlibris.ee\/en\/wp-json\/wp\/v2\/product_tag?post=166308"},{"taxonomy":"series","embeddable":true,"href":"https:\/\/exlibris.ee\/en\/wp-json\/wp\/v2\/series?post=166308"},{"taxonomy":"publisher","embeddable":true,"href":"https:\/\/exlibris.ee\/en\/wp-json\/wp\/v2\/publisher?post=166308"}],"curies":[{"name":"wp","href":"https:\/\/api.w.org\/{rel}","templated":true}]}}