{"id":166309,"date":"2026-02-13T21:21:20","date_gmt":"2026-02-13T19:21:20","guid":{"rendered":"https:\/\/exlibris.ee\/toode\/die-abenteuer-des-odysseus-sagen-lekture-fur-kinder\/"},"modified":"2026-05-03T11:33:22","modified_gmt":"2026-05-03T08:33:22","slug":"die-abenteuer-des-odysseus-sagen-lekture-fur-kinder","status":"publish","type":"product","link":"https:\/\/exlibris.ee\/en\/product\/die-abenteuer-des-odysseus-sagen-lekture-fur-kinder\/","title":{"rendered":"Die Abenteuer des Odysseus\/Sagen \/ Lekt\u00fcre f\u00fcr Kinder"},"content":{"rendered":"<p>Zielgruppe: Kinder ab 8 Jahren (4. bis 6. Klasse). Homers Odyssee ist einer der zentralen Texte der abendl\u00e4ndischen Kultur. Die mythenumwitterten, zu immer neuen dramatischen H\u00f6hepunkten forttreibenden Ereignisse von der Vorgeschichte des Trojanischen Krieges bis zum gl\u00fccklichen Ende von Odysseus\u00b4 langj\u00e4hriger Irrfahrt werden von Dimiter Inkiow spannend, lebendig und nachvollziehbar erz\u00e4hlt. Es ist Odysseus, der mit einer genialen, aber grausamen Idee den Trojanischen Krieg entscheidet. Im Bauch des Trojanischen Pferdes gelangen die griechischen Angreifer in die Stadt und t\u00f6ten viele wehrlose Trojaner, wobei sie auch das Tempelasyl missachten. Daf\u00fcr wird Odysseus vom Rat der G\u00f6tter verflucht: Durch langes Leiden soll er f\u00fcr die S\u00fcnden seiner Krieger b\u00fc\u00dfen. Nach zehn Jahren Krieg wird es weitere zehn Jahre dauern, bis Odysseus zu seiner Frau und seinem Sohn zur\u00fcckkehren kann. Davor aber muss er mit viel Mut und Geschick der H\u00f6hle des Zyklopen entfliehen, dem wundersch\u00f6nen Gesang der Sirenen widerstehen, das sechsk\u00f6pfige Ungeheuer Skylla \u00fcberlisten und viele weitere Abenteuer und Pr\u00fcfungen bestehen. Ganz ohne g\u00f6ttliche Hilfe geht es nat\u00fcrlich auch dabei nicht zu &#8230; Die ausdrucksstarken und humorvollen Illustrationen von Hubert Stadtm\u00fcller liegen nun erstmals in Farbe vor.<\/p>\n","protected":false},"excerpt":{"rendered":"<p>Zielgruppe: Kinder ab 8 Jahren (4. bis 6. Klasse). Homers Odyssee ist einer der zentralen Texte der abendl\u00e4ndischen Kultur. Die mythenumwitterten, zu immer neuen dramatischen H\u00f6hepunkten forttreibenden Ereignisse von der Vorgeschichte des Trojanischen Krieges bis zum gl\u00fccklichen Ende von Odysseus\u00b4&#8230;<\/p>\n","protected":false},"featured_media":626354,"template":"","meta":{"_acf_changed":false,"inline_featured_image":false},"product_brand":[],"product_cat":[851],"product_tag":[],"series":[],"publisher":[{"id":2104,"name":"Hase und Igel Verlag","slug":"hase-und-igel-verlag"}],"class_list":{"0":"post-166309","1":"product","2":"type-product","3":"status-publish","4":"has-post-thumbnail","6":"product_cat-lesetexte-deutsch","7":"publisher-hase-und-igel-verlag","9":"first","10":"onbackorder","11":"taxable","12":"shipping-taxable","13":"purchasable","14":"product-type-simple"},"acf":[],"_links":{"self":[{"href":"https:\/\/exlibris.ee\/en\/wp-json\/wp\/v2\/product\/166309","targetHints":{"allow":["GET"]}}],"collection":[{"href":"https:\/\/exlibris.ee\/en\/wp-json\/wp\/v2\/product"}],"about":[{"href":"https:\/\/exlibris.ee\/en\/wp-json\/wp\/v2\/types\/product"}],"wp:featuredmedia":[{"embeddable":true,"href":"https:\/\/exlibris.ee\/en\/wp-json\/wp\/v2\/media\/626354"}],"wp:attachment":[{"href":"https:\/\/exlibris.ee\/en\/wp-json\/wp\/v2\/media?parent=166309"}],"wp:term":[{"taxonomy":"product_brand","embeddable":true,"href":"https:\/\/exlibris.ee\/en\/wp-json\/wp\/v2\/product_brand?post=166309"},{"taxonomy":"product_cat","embeddable":true,"href":"https:\/\/exlibris.ee\/en\/wp-json\/wp\/v2\/product_cat?post=166309"},{"taxonomy":"product_tag","embeddable":true,"href":"https:\/\/exlibris.ee\/en\/wp-json\/wp\/v2\/product_tag?post=166309"},{"taxonomy":"series","embeddable":true,"href":"https:\/\/exlibris.ee\/en\/wp-json\/wp\/v2\/series?post=166309"},{"taxonomy":"publisher","embeddable":true,"href":"https:\/\/exlibris.ee\/en\/wp-json\/wp\/v2\/publisher?post=166309"}],"curies":[{"name":"wp","href":"https:\/\/api.w.org\/{rel}","templated":true}]}}