{"id":166310,"date":"2026-02-13T21:21:20","date_gmt":"2026-02-13T19:21:20","guid":{"rendered":"https:\/\/exlibris.ee\/toode\/topfit-a2-osd-kid-lehrerbuch-code\/"},"modified":"2026-04-17T17:33:45","modified_gmt":"2026-04-17T14:33:45","slug":"topfit-a2-osd-kid-lehrerbuch-code","status":"publish","type":"product","link":"https:\/\/exlibris.ee\/en\/product\/topfit-a2-osd-kid-lehrerbuch-code\/","title":{"rendered":"Topfit A2 \u00d6SD Kid\/Lehrerbuch + Code"},"content":{"rendered":"<p>Das Lehrerbuch Topfit A2 \u00d6SD Kid enth\u00e4lt das kompette Sch\u00fclerbuch mit (in rot) eingetragenden L\u00f6sungen. Au\u00dferdem sind die l\u00f6sungsrelevanten Textpassagen in den Lesetexten markiert.Au\u00dferdem enth\u00e4lt das Lehrerbuch:- einen pers\u00f6nlichen Startcode, mit dem das Buch auf der Plattform mein.karabatos-interaktiv.gr auch digital mit weiteren Tests genutzt werden kann. Einen Info-Teil zur Pr\u00fcfung \u00d6SD KID A2 und zur Bewertung der einzelnen Teile.Korrigierte und bewertete schriftliche Sch\u00fclerarbeiten nach den geltenden Pr\u00fcfungskriterien.Die Transkriptionen der H\u00f6rtexte.<\/p>\n","protected":false},"excerpt":{"rendered":"<p>Das Lehrerbuch Topfit A2 \u00d6SD Kid enth\u00e4lt das kompette Sch\u00fclerbuch mit (in rot) eingetragenden L\u00f6sungen. Au\u00dferdem sind die l\u00f6sungsrelevanten Textpassagen in den Lesetexten markiert.Au\u00dferdem enth\u00e4lt das Lehrerbuch:- einen pers\u00f6nlichen Startcode, mit dem das Buch auf der Plattform mein.karabatos-interaktiv.gr auch digital&#8230;<\/p>\n","protected":false},"featured_media":321744,"template":"","meta":{"_acf_changed":false,"inline_featured_image":false},"product_brand":[],"product_cat":[507],"product_tag":[],"series":[{"id":1326,"name":"Trainingskurs zur Pr\u00fcfung","slug":"trainingskurs-zur-prufung"}],"publisher":[{"id":1297,"name":"Karabatos Verlag","slug":"karabatos-verlag"}],"class_list":{"0":"post-166310","1":"product","2":"type-product","3":"status-publish","4":"has-post-thumbnail","6":"product_cat-prufungsvorbereitung","7":"series-trainingskurs-zur-prufung","8":"publisher-karabatos-verlag","10":"first","11":"onbackorder","12":"taxable","13":"shipping-taxable","14":"purchasable","15":"product-type-simple"},"acf":[],"_links":{"self":[{"href":"https:\/\/exlibris.ee\/en\/wp-json\/wp\/v2\/product\/166310","targetHints":{"allow":["GET"]}}],"collection":[{"href":"https:\/\/exlibris.ee\/en\/wp-json\/wp\/v2\/product"}],"about":[{"href":"https:\/\/exlibris.ee\/en\/wp-json\/wp\/v2\/types\/product"}],"wp:featuredmedia":[{"embeddable":true,"href":"https:\/\/exlibris.ee\/en\/wp-json\/wp\/v2\/media\/321744"}],"wp:attachment":[{"href":"https:\/\/exlibris.ee\/en\/wp-json\/wp\/v2\/media?parent=166310"}],"wp:term":[{"taxonomy":"product_brand","embeddable":true,"href":"https:\/\/exlibris.ee\/en\/wp-json\/wp\/v2\/product_brand?post=166310"},{"taxonomy":"product_cat","embeddable":true,"href":"https:\/\/exlibris.ee\/en\/wp-json\/wp\/v2\/product_cat?post=166310"},{"taxonomy":"product_tag","embeddable":true,"href":"https:\/\/exlibris.ee\/en\/wp-json\/wp\/v2\/product_tag?post=166310"},{"taxonomy":"series","embeddable":true,"href":"https:\/\/exlibris.ee\/en\/wp-json\/wp\/v2\/series?post=166310"},{"taxonomy":"publisher","embeddable":true,"href":"https:\/\/exlibris.ee\/en\/wp-json\/wp\/v2\/publisher?post=166310"}],"curies":[{"name":"wp","href":"https:\/\/api.w.org\/{rel}","templated":true}]}}