{"id":166311,"date":"2026-02-13T21:21:20","date_gmt":"2026-02-13T19:21:20","guid":{"rendered":"https:\/\/exlibris.ee\/toode\/die-abenteuer-des-odysseus-sagen-materialien-und-kopiervorlagen-zur-klassenlekture\/"},"modified":"2026-05-03T11:33:23","modified_gmt":"2026-05-03T08:33:23","slug":"die-abenteuer-des-odysseus-sagen-materialien-und-kopiervorlagen-zur-klassenlekture","status":"publish","type":"product","link":"https:\/\/exlibris.ee\/en\/product\/die-abenteuer-des-odysseus-sagen-materialien-und-kopiervorlagen-zur-klassenlekture\/","title":{"rendered":"Die Abenteuer des Odysseus\/Sagen \/ Materialien und Kopiervorlagen zur Klassenlekt\u00fcre"},"content":{"rendered":"<p>Viele zeitlos spannende Fragen und Probleme werden durch die Odyssee, die &#8220;Mutter aller Abenteuergeschichten&#8221;, aufgeworfen: Welche schwerwiegenden Folgen k\u00f6nnen Eitelkeit, Neid und Rachsucht haben? Welche Vermittlungsm\u00f6glichkeiten gibt es in scheinbar unaufl\u00f6slichen Konflikten? Was ist Gerechtigkeit? Die Kopiervorlagen und Unterrichtsvorschl\u00e4ge des Materials greifen diese Fragen auf und vertiefen sie auf vielf\u00e4ltige Weise. Daneben gibt es zahlreiche Hilfen, die Handlung Schritt f\u00fcr Schritt \u2013 auch anhand einer Karte des Mittelmeerraums \u2013 nachzuvollziehen. Sprachliche \u00dcbungen runden das Material ab.<\/p>\n","protected":false},"excerpt":{"rendered":"<p>Viele zeitlos spannende Fragen und Probleme werden durch die Odyssee, die &#8220;Mutter aller Abenteuergeschichten&#8221;, aufgeworfen: Welche schwerwiegenden Folgen k\u00f6nnen Eitelkeit, Neid und Rachsucht haben? Welche Vermittlungsm\u00f6glichkeiten gibt es in scheinbar unaufl\u00f6slichen Konflikten? Was ist Gerechtigkeit? Die Kopiervorlagen und Unterrichtsvorschl\u00e4ge des&#8230;<\/p>\n","protected":false},"featured_media":626363,"template":"","meta":{"_acf_changed":false,"inline_featured_image":false},"product_brand":[],"product_cat":[851],"product_tag":[],"series":[],"publisher":[{"id":2104,"name":"Hase und Igel Verlag","slug":"hase-und-igel-verlag"}],"class_list":{"0":"post-166311","1":"product","2":"type-product","3":"status-publish","4":"has-post-thumbnail","6":"product_cat-lesetexte-deutsch","7":"publisher-hase-und-igel-verlag","9":"first","10":"onbackorder","11":"taxable","12":"shipping-taxable","13":"purchasable","14":"product-type-simple"},"acf":[],"_links":{"self":[{"href":"https:\/\/exlibris.ee\/en\/wp-json\/wp\/v2\/product\/166311","targetHints":{"allow":["GET"]}}],"collection":[{"href":"https:\/\/exlibris.ee\/en\/wp-json\/wp\/v2\/product"}],"about":[{"href":"https:\/\/exlibris.ee\/en\/wp-json\/wp\/v2\/types\/product"}],"wp:featuredmedia":[{"embeddable":true,"href":"https:\/\/exlibris.ee\/en\/wp-json\/wp\/v2\/media\/626363"}],"wp:attachment":[{"href":"https:\/\/exlibris.ee\/en\/wp-json\/wp\/v2\/media?parent=166311"}],"wp:term":[{"taxonomy":"product_brand","embeddable":true,"href":"https:\/\/exlibris.ee\/en\/wp-json\/wp\/v2\/product_brand?post=166311"},{"taxonomy":"product_cat","embeddable":true,"href":"https:\/\/exlibris.ee\/en\/wp-json\/wp\/v2\/product_cat?post=166311"},{"taxonomy":"product_tag","embeddable":true,"href":"https:\/\/exlibris.ee\/en\/wp-json\/wp\/v2\/product_tag?post=166311"},{"taxonomy":"series","embeddable":true,"href":"https:\/\/exlibris.ee\/en\/wp-json\/wp\/v2\/series?post=166311"},{"taxonomy":"publisher","embeddable":true,"href":"https:\/\/exlibris.ee\/en\/wp-json\/wp\/v2\/publisher?post=166311"}],"curies":[{"name":"wp","href":"https:\/\/api.w.org\/{rel}","templated":true}]}}