{"id":166318,"date":"2026-02-13T21:21:21","date_gmt":"2026-02-13T19:21:21","guid":{"rendered":"https:\/\/exlibris.ee\/toode\/klassenfahrt-ins-niemandstal-level-materialien-und-kopiervorlagen-zur-klassenlekture\/"},"modified":"2026-04-04T05:14:36","modified_gmt":"2026-04-04T02:14:36","slug":"klassenfahrt-ins-niemandstal-level-materialien-und-kopiervorlagen-zur-klassenlekture","status":"publish","type":"product","link":"https:\/\/exlibris.ee\/en\/product\/klassenfahrt-ins-niemandstal-level-materialien-und-kopiervorlagen-zur-klassenlekture\/","title":{"rendered":"Klassenfahrt ins Niemandstal\/Level \/ Materialien und Kopiervorlagen zur Klassenlekt\u00fcre"},"content":{"rendered":"<p>Schritt f\u00fcr Schritt erweitert das Begleitmaterial die Medienkompetenz Ihrer Sch\u00fcler: Was kann ein Smartphone \u00fcberhaupt? Wie funktioniert das? Was gilt es zu beachten, wenn ich mit dem Handy unterwegs bin? Dabei arbeitet das Material eng an der Lekt\u00fcre und behandelt auch weitere Themen wie \u201eFreundschaft\u201c oder \u201eAufgaben in einer Gemeinschaft\u201c. Die Kinder erfahren Wissenswertes \u00fcber gesundheitliche Risiken der Mediennutzung, Fake News und Manipulation im Netz. So entwickeln sie Strategien f\u00fcr einen kritischen und bewussten Umgang mit dem Smartphone.\u00dcberall dort, wo eng am Buchtext gearbeitet wird, bietet das Material Differenzierung. Ein Blatt nutzen Sch\u00fcler, die Level 1 oder 2 gelesen haben, ein anderes diejenigen, die Level 3 gelesen haben. Auch weitere Kopiervorlagen gibt es in zwei Varianten.<\/p>\n","protected":false},"excerpt":{"rendered":"<p>Schritt f\u00fcr Schritt erweitert das Begleitmaterial die Medienkompetenz Ihrer Sch\u00fcler: Was kann ein Smartphone \u00fcberhaupt? Wie funktioniert das? Was gilt es zu beachten, wenn ich mit dem Handy unterwegs bin? Dabei arbeitet das Material eng an der Lekt\u00fcre und behandelt&#8230;<\/p>\n","protected":false},"featured_media":168939,"template":"","meta":{"_acf_changed":false,"inline_featured_image":false},"product_brand":[],"product_cat":[851],"product_tag":[],"series":[],"publisher":[{"id":2104,"name":"Hase und Igel Verlag","slug":"hase-und-igel-verlag"}],"class_list":{"0":"post-166318","1":"product","2":"type-product","3":"status-publish","4":"has-post-thumbnail","6":"product_cat-lesetexte-deutsch","7":"publisher-hase-und-igel-verlag","9":"first","10":"onbackorder","11":"taxable","12":"shipping-taxable","13":"purchasable","14":"product-type-simple"},"acf":[],"_links":{"self":[{"href":"https:\/\/exlibris.ee\/en\/wp-json\/wp\/v2\/product\/166318","targetHints":{"allow":["GET"]}}],"collection":[{"href":"https:\/\/exlibris.ee\/en\/wp-json\/wp\/v2\/product"}],"about":[{"href":"https:\/\/exlibris.ee\/en\/wp-json\/wp\/v2\/types\/product"}],"wp:featuredmedia":[{"embeddable":true,"href":"https:\/\/exlibris.ee\/en\/wp-json\/wp\/v2\/media\/168939"}],"wp:attachment":[{"href":"https:\/\/exlibris.ee\/en\/wp-json\/wp\/v2\/media?parent=166318"}],"wp:term":[{"taxonomy":"product_brand","embeddable":true,"href":"https:\/\/exlibris.ee\/en\/wp-json\/wp\/v2\/product_brand?post=166318"},{"taxonomy":"product_cat","embeddable":true,"href":"https:\/\/exlibris.ee\/en\/wp-json\/wp\/v2\/product_cat?post=166318"},{"taxonomy":"product_tag","embeddable":true,"href":"https:\/\/exlibris.ee\/en\/wp-json\/wp\/v2\/product_tag?post=166318"},{"taxonomy":"series","embeddable":true,"href":"https:\/\/exlibris.ee\/en\/wp-json\/wp\/v2\/series?post=166318"},{"taxonomy":"publisher","embeddable":true,"href":"https:\/\/exlibris.ee\/en\/wp-json\/wp\/v2\/publisher?post=166318"}],"curies":[{"name":"wp","href":"https:\/\/api.w.org\/{rel}","templated":true}]}}