{"id":166319,"date":"2026-02-13T21:21:21","date_gmt":"2026-02-13T19:21:21","guid":{"rendered":"https:\/\/exlibris.ee\/toode\/magische-momente-und-andere-geschichten-lekture-mit-audios-online\/"},"modified":"2026-04-30T17:18:39","modified_gmt":"2026-04-30T14:18:39","slug":"magische-momente-und-andere-geschichten-lekture-mit-audios-online","status":"publish","type":"product","link":"https:\/\/exlibris.ee\/en\/product\/magische-momente-und-andere-geschichten-lekture-mit-audios-online\/","title":{"rendered":"Magische Momente und andere Geschichten\/Lekt\u00fcre mit Audios online"},"content":{"rendered":"<p>Magische Momente und andere Geschichten ist eine abwechslungsreiche Deutschlekt\u00fcre f\u00fcr Erwachsene, die erste Grundkenntnisse der deutschen Sprache haben. Die Geschichten sind in einfacher Sprache geschrieben, so dass sie bereits nach wenigen Wochen Deutschunterricht gelesen werden k\u00f6nnen. Die Lekt\u00fcre ist auch als Zusatzmaterial in Integrationskursen geeignet. Zw\u00f6lf Geschichten, in denen es um witzige, \u00fcberraschende und wunderbare Begegnungen zwischen Menschen geht \u2013 wie der zwischen dem Ich-Erz\u00e4hler und den Marktfrauen Basima und Carmen, die immer Zeit f\u00fcr ein paar freundliche Worte haben. Doch an diesem Tag ist Carmen ungl\u00fccklich. Als wir erfahren, warum, kommt es zu einer \u00fcberraschenden Wendung.<\/p>\n","protected":false},"excerpt":{"rendered":"<p>Magische Momente und andere Geschichten ist eine abwechslungsreiche Deutschlekt\u00fcre f\u00fcr Erwachsene, die erste Grundkenntnisse der deutschen Sprache haben. Die Geschichten sind in einfacher Sprache geschrieben, so dass sie bereits nach wenigen Wochen Deutschunterricht gelesen werden k\u00f6nnen. Die Lekt\u00fcre ist auch&#8230;<\/p>\n","protected":false},"featured_media":575134,"template":"","meta":{"_acf_changed":false,"inline_featured_image":false},"product_brand":[],"product_cat":[851],"product_tag":[],"series":[],"publisher":[{"id":497,"name":"Hueber Verlag","slug":"hueber-verlag"}],"class_list":{"0":"post-166319","1":"product","2":"type-product","3":"status-publish","4":"has-post-thumbnail","6":"product_cat-lesetexte-deutsch","7":"publisher-hueber-verlag","9":"first","10":"onbackorder","11":"taxable","12":"shipping-taxable","13":"purchasable","14":"product-type-simple"},"acf":[],"_links":{"self":[{"href":"https:\/\/exlibris.ee\/en\/wp-json\/wp\/v2\/product\/166319","targetHints":{"allow":["GET"]}}],"collection":[{"href":"https:\/\/exlibris.ee\/en\/wp-json\/wp\/v2\/product"}],"about":[{"href":"https:\/\/exlibris.ee\/en\/wp-json\/wp\/v2\/types\/product"}],"wp:featuredmedia":[{"embeddable":true,"href":"https:\/\/exlibris.ee\/en\/wp-json\/wp\/v2\/media\/575134"}],"wp:attachment":[{"href":"https:\/\/exlibris.ee\/en\/wp-json\/wp\/v2\/media?parent=166319"}],"wp:term":[{"taxonomy":"product_brand","embeddable":true,"href":"https:\/\/exlibris.ee\/en\/wp-json\/wp\/v2\/product_brand?post=166319"},{"taxonomy":"product_cat","embeddable":true,"href":"https:\/\/exlibris.ee\/en\/wp-json\/wp\/v2\/product_cat?post=166319"},{"taxonomy":"product_tag","embeddable":true,"href":"https:\/\/exlibris.ee\/en\/wp-json\/wp\/v2\/product_tag?post=166319"},{"taxonomy":"series","embeddable":true,"href":"https:\/\/exlibris.ee\/en\/wp-json\/wp\/v2\/series?post=166319"},{"taxonomy":"publisher","embeddable":true,"href":"https:\/\/exlibris.ee\/en\/wp-json\/wp\/v2\/publisher?post=166319"}],"curies":[{"name":"wp","href":"https:\/\/api.w.org\/{rel}","templated":true}]}}