{"id":166341,"date":"2026-02-13T21:23:12","date_gmt":"2026-02-13T19:23:12","guid":{"rendered":"https:\/\/exlibris.ee\/toode\/die-blodeste-superkraft-aller-zeiten-level-3-lekture-fur-kinder\/"},"modified":"2026-05-03T11:33:29","modified_gmt":"2026-05-03T08:33:29","slug":"die-blodeste-superkraft-aller-zeiten-level-3-lekture-fur-kinder","status":"publish","type":"product","link":"https:\/\/exlibris.ee\/en\/product\/die-blodeste-superkraft-aller-zeiten-level-3-lekture-fur-kinder\/","title":{"rendered":"Die bl\u00f6deste Superkraft aller Zeiten \/ Level 3  Lekt\u00fcre f\u00fcr Kinder"},"content":{"rendered":"<p>Zielgruppe: Kinder ab 8 Jahren (3.\/4. Klasse). Ben kann es nicht fassen: Ein Gewinnspiel im Internet verspricht ihm eine Superkraft! Wachsen ihm jetzt dicke Muskeln? Oder Fl\u00fcgel? Doch dann passiert etwas, womit Ben \u00fcberhaupt nicht gerechnet hat: Er h\u00f6rt pl\u00f6tzlich die Gedanken anderer Menschen. Ob die seltsame neue Kraft ihm helfen kann, seine Mitsch\u00fclerin Lena zu beeindrucken?Empathie ist das zentrale Thema der Lekt\u00fcre. Auf unterhaltsame Weise wird deutlich: Alle profitieren davon, wenn man die Gef\u00fchle seiner Mitmenschen im Blick beh\u00e4lt. Und am Ende stellt die Hauptfigur fest, dass man dazu vielleicht gar keine Superkraft braucht.Die Lekt\u00fcre ist in drei parallel lesbaren Textfassungen erh\u00e4ltlich: Level 3 enth\u00e4lt den ungek\u00fcrzten Text in Serifenschrift. Level 2 bietet eine gek\u00fcrzte, leicht zu lesende Fassung der Geschichte in Fibelschrift und das Level 1 wird zus\u00e4tzlich mit Silbenhilfe angeboten.<\/p>\n","protected":false},"excerpt":{"rendered":"<p>Zielgruppe: Kinder ab 8 Jahren (3.\/4. Klasse). Ben kann es nicht fassen: Ein Gewinnspiel im Internet verspricht ihm eine Superkraft! Wachsen ihm jetzt dicke Muskeln? Oder Fl\u00fcgel? Doch dann passiert etwas, womit Ben \u00fcberhaupt nicht gerechnet hat: Er h\u00f6rt pl\u00f6tzlich&#8230;<\/p>\n","protected":false},"featured_media":626417,"template":"","meta":{"_acf_changed":false,"inline_featured_image":false},"product_brand":[],"product_cat":[851],"product_tag":[],"series":[],"publisher":[{"id":2104,"name":"Hase und Igel Verlag","slug":"hase-und-igel-verlag"}],"class_list":{"0":"post-166341","1":"product","2":"type-product","3":"status-publish","4":"has-post-thumbnail","6":"product_cat-lesetexte-deutsch","7":"publisher-hase-und-igel-verlag","9":"first","10":"onbackorder","11":"taxable","12":"shipping-taxable","13":"purchasable","14":"product-type-simple"},"acf":[],"_links":{"self":[{"href":"https:\/\/exlibris.ee\/en\/wp-json\/wp\/v2\/product\/166341","targetHints":{"allow":["GET"]}}],"collection":[{"href":"https:\/\/exlibris.ee\/en\/wp-json\/wp\/v2\/product"}],"about":[{"href":"https:\/\/exlibris.ee\/en\/wp-json\/wp\/v2\/types\/product"}],"wp:featuredmedia":[{"embeddable":true,"href":"https:\/\/exlibris.ee\/en\/wp-json\/wp\/v2\/media\/626417"}],"wp:attachment":[{"href":"https:\/\/exlibris.ee\/en\/wp-json\/wp\/v2\/media?parent=166341"}],"wp:term":[{"taxonomy":"product_brand","embeddable":true,"href":"https:\/\/exlibris.ee\/en\/wp-json\/wp\/v2\/product_brand?post=166341"},{"taxonomy":"product_cat","embeddable":true,"href":"https:\/\/exlibris.ee\/en\/wp-json\/wp\/v2\/product_cat?post=166341"},{"taxonomy":"product_tag","embeddable":true,"href":"https:\/\/exlibris.ee\/en\/wp-json\/wp\/v2\/product_tag?post=166341"},{"taxonomy":"series","embeddable":true,"href":"https:\/\/exlibris.ee\/en\/wp-json\/wp\/v2\/series?post=166341"},{"taxonomy":"publisher","embeddable":true,"href":"https:\/\/exlibris.ee\/en\/wp-json\/wp\/v2\/publisher?post=166341"}],"curies":[{"name":"wp","href":"https:\/\/api.w.org\/{rel}","templated":true}]}}