{"id":166349,"date":"2026-02-13T21:23:13","date_gmt":"2026-02-13T19:23:13","guid":{"rendered":"https:\/\/exlibris.ee\/toode\/flucht-aus-der-gruselhutte-escape-materialien-und-kopiervorlagen-zur-klassenlekture\/"},"modified":"2026-04-11T19:15:54","modified_gmt":"2026-04-11T16:15:54","slug":"flucht-aus-der-gruselhutte-escape-materialien-und-kopiervorlagen-zur-klassenlekture","status":"publish","type":"product","link":"https:\/\/exlibris.ee\/en\/product\/flucht-aus-der-gruselhutte-escape-materialien-und-kopiervorlagen-zur-klassenlekture\/","title":{"rendered":"Flucht aus der Gruselh\u00fctte\/Escape \/ Materialien und Kopiervorlagen zur Klassenlekt\u00fcre"},"content":{"rendered":"<p>Die Kopiervorlagen des Begleitmaterials greifen den gruseligen und r\u00e4tselhaften Charakter der Geschichte auf und behandeln wichtige handlungsrelevante Themen. Die Kinder vollziehen die \u00c4ngste und Sorgen der Protagonisten nach und ordnen die Gefahren, die die H\u00fctte birgt, ein. Sie besch\u00e4ftigen sich auf spielerische Weise mit unheimlichen Gestalten, basteln ihre eigene Gruselspinne und \u00fcben sich im Entschl\u00fcsseln von Geheimcodes. Aufgaben zum freien Schreiben und zur Textkenntnis runden das Material ab. Der Band enth\u00e4lt au\u00dferdem Tipps zum Erstellen einer eigenen Escape-Room-Geschichte und Arbeitsbl\u00e4tter mit einer Schulhausrallye, die zur Einf\u00fchrung in die Lekt\u00fcre genutzt werden k\u00f6nnen.Zu jedem der f\u00fcnfzehn R\u00e4tsel bietet das Begleitmaterial den kompletten L\u00f6sungsweg sowie Hinweise, die Sie den Sch\u00fclern zum Entschl\u00fcsseln geben k\u00f6nnen.<\/p>\n","protected":false},"excerpt":{"rendered":"<p>Die Kopiervorlagen des Begleitmaterials greifen den gruseligen und r\u00e4tselhaften Charakter der Geschichte auf und behandeln wichtige handlungsrelevante Themen. Die Kinder vollziehen die \u00c4ngste und Sorgen der Protagonisten nach und ordnen die Gefahren, die die H\u00fctte birgt, ein. Sie besch\u00e4ftigen sich&#8230;<\/p>\n","protected":false},"featured_media":203247,"template":"","meta":{"_acf_changed":false,"inline_featured_image":false},"product_brand":[],"product_cat":[851],"product_tag":[],"series":[],"publisher":[{"id":2104,"name":"Hase und Igel Verlag","slug":"hase-und-igel-verlag"}],"class_list":{"0":"post-166349","1":"product","2":"type-product","3":"status-publish","4":"has-post-thumbnail","6":"product_cat-lesetexte-deutsch","7":"publisher-hase-und-igel-verlag","9":"first","10":"onbackorder","11":"taxable","12":"shipping-taxable","13":"purchasable","14":"product-type-simple"},"acf":[],"_links":{"self":[{"href":"https:\/\/exlibris.ee\/en\/wp-json\/wp\/v2\/product\/166349","targetHints":{"allow":["GET"]}}],"collection":[{"href":"https:\/\/exlibris.ee\/en\/wp-json\/wp\/v2\/product"}],"about":[{"href":"https:\/\/exlibris.ee\/en\/wp-json\/wp\/v2\/types\/product"}],"wp:featuredmedia":[{"embeddable":true,"href":"https:\/\/exlibris.ee\/en\/wp-json\/wp\/v2\/media\/203247"}],"wp:attachment":[{"href":"https:\/\/exlibris.ee\/en\/wp-json\/wp\/v2\/media?parent=166349"}],"wp:term":[{"taxonomy":"product_brand","embeddable":true,"href":"https:\/\/exlibris.ee\/en\/wp-json\/wp\/v2\/product_brand?post=166349"},{"taxonomy":"product_cat","embeddable":true,"href":"https:\/\/exlibris.ee\/en\/wp-json\/wp\/v2\/product_cat?post=166349"},{"taxonomy":"product_tag","embeddable":true,"href":"https:\/\/exlibris.ee\/en\/wp-json\/wp\/v2\/product_tag?post=166349"},{"taxonomy":"series","embeddable":true,"href":"https:\/\/exlibris.ee\/en\/wp-json\/wp\/v2\/series?post=166349"},{"taxonomy":"publisher","embeddable":true,"href":"https:\/\/exlibris.ee\/en\/wp-json\/wp\/v2\/publisher?post=166349"}],"curies":[{"name":"wp","href":"https:\/\/api.w.org\/{rel}","templated":true}]}}