{"id":166351,"date":"2026-02-13T21:23:14","date_gmt":"2026-02-13T19:23:14","guid":{"rendered":"https:\/\/exlibris.ee\/toode\/zwei-hochzeiten-ein-ritter-und-viel-eis-pdf-download\/"},"modified":"2026-04-03T11:15:05","modified_gmt":"2026-04-03T08:15:05","slug":"zwei-hochzeiten-ein-ritter-und-viel-eis-pdf-download","status":"publish","type":"product","link":"https:\/\/exlibris.ee\/en\/product\/zwei-hochzeiten-ein-ritter-und-viel-eis-pdf-download\/","title":{"rendered":"Zwei Hochzeiten, ein Ritter und viel Eis \/PDF-Download"},"content":{"rendered":"<p>Zielgruppe: Erwachsene mit Grundkenntnissen auf der Niveaustufe A2.Auf der Terrasse des Eiscafes herrscht Hochbetrieb. Alle wollen sich mit einem Eisbecher erfrischen. Marina fragt Sven, der allein am Tisch sitzt, ob sie sich dazu setzen darf. Sie beginnen ein Gespr\u00e4ch. Als er sich verabschiedet, bleibt sein Platz nicht lange leer. Die n\u00e4chste Person setzt sich dazu und unterh\u00e4lt sich mit Marina, und so weiter. So entstehen zehn Gespr\u00e4che zwischen Menschen, die zuf\u00e4llig an dem Tisch im Eiscaf\u00e9 einen Augenblick ihres Lebens teilen \u2026 Was wird aus diesen Begegnungen? Neue Ideen? Freundschaften? Liebe? \u00dcbungen zum H\u00f6r- und Leseverstehen erg\u00e4nzen die Lekt\u00fcre. Ein kostenloser MP3-Download liefert den kompletten Lekt\u00fcretext als H\u00f6rbuch und erm\u00f6glicht zus\u00e4tzlich das Training des H\u00f6rverstehens.<\/p>\n","protected":false},"excerpt":{"rendered":"<p>Zielgruppe: Erwachsene mit Grundkenntnissen auf der Niveaustufe A2.Auf der Terrasse des Eiscafes herrscht Hochbetrieb. Alle wollen sich mit einem Eisbecher erfrischen. Marina fragt Sven, der allein am Tisch sitzt, ob sie sich dazu setzen darf. Sie beginnen ein Gespr\u00e4ch. Als&#8230;<\/p>\n","protected":false},"featured_media":168954,"template":"","meta":{"_acf_changed":false,"inline_featured_image":false},"product_brand":[],"product_cat":[851],"product_tag":[],"series":[],"publisher":[{"id":497,"name":"Hueber Verlag","slug":"hueber-verlag"}],"class_list":{"0":"post-166351","1":"product","2":"type-product","3":"status-publish","4":"has-post-thumbnail","6":"product_cat-lesetexte-deutsch","7":"publisher-hueber-verlag","9":"first","10":"onbackorder","11":"taxable","12":"shipping-taxable","13":"purchasable","14":"product-type-simple"},"acf":[],"_links":{"self":[{"href":"https:\/\/exlibris.ee\/en\/wp-json\/wp\/v2\/product\/166351","targetHints":{"allow":["GET"]}}],"collection":[{"href":"https:\/\/exlibris.ee\/en\/wp-json\/wp\/v2\/product"}],"about":[{"href":"https:\/\/exlibris.ee\/en\/wp-json\/wp\/v2\/types\/product"}],"wp:featuredmedia":[{"embeddable":true,"href":"https:\/\/exlibris.ee\/en\/wp-json\/wp\/v2\/media\/168954"}],"wp:attachment":[{"href":"https:\/\/exlibris.ee\/en\/wp-json\/wp\/v2\/media?parent=166351"}],"wp:term":[{"taxonomy":"product_brand","embeddable":true,"href":"https:\/\/exlibris.ee\/en\/wp-json\/wp\/v2\/product_brand?post=166351"},{"taxonomy":"product_cat","embeddable":true,"href":"https:\/\/exlibris.ee\/en\/wp-json\/wp\/v2\/product_cat?post=166351"},{"taxonomy":"product_tag","embeddable":true,"href":"https:\/\/exlibris.ee\/en\/wp-json\/wp\/v2\/product_tag?post=166351"},{"taxonomy":"series","embeddable":true,"href":"https:\/\/exlibris.ee\/en\/wp-json\/wp\/v2\/series?post=166351"},{"taxonomy":"publisher","embeddable":true,"href":"https:\/\/exlibris.ee\/en\/wp-json\/wp\/v2\/publisher?post=166351"}],"curies":[{"name":"wp","href":"https:\/\/api.w.org\/{rel}","templated":true}]}}