{"id":166357,"date":"2026-02-13T21:23:14","date_gmt":"2026-02-13T19:23:14","guid":{"rendered":"https:\/\/exlibris.ee\/toode\/sabotage-im-moor-pdf-download\/"},"modified":"2026-05-04T09:46:12","modified_gmt":"2026-05-04T06:46:12","slug":"sabotage-im-moor-pdf-download","status":"publish","type":"product","link":"https:\/\/exlibris.ee\/en\/product\/sabotage-im-moor-pdf-download\/","title":{"rendered":"Sabotage im Moor\/PDF-Download"},"content":{"rendered":"<p>Sabotage im Moor ist eine spannende Deutschlekt\u00fcre f\u00fcr Jugendliche zwischen 12 und 17 Jahren, die bereits \u00fcber fundierte Deutschkenntnisse auf Niveau B1 verf\u00fcgen.Vier Sch\u00fcler:innen internationaler Umweltschulen treffen sich zum Workshop im Murnauer Moor. Im Mai ist hier Brutzeit. Viele Menschen genie\u00dfen die Landschaft, doch nicht alle nehmen R\u00fccksicht auf die Natur. Hundebesitzer ignorieren die Leinenpflicht, Biberburgen werden zerst\u00f6rt. Die vier Freund:innen beschlie\u00dfen, Nachtwache zu halten \u2013 und entdecken zwei Boote auf dem See. Von einer Insel steigt pl\u00f6tzlich dichter Rauch auf. Es bleibt nicht viel Zeit! Haben die Leute im Boot etwas mit dem Feuer zu tun? K\u00f6nnen sie die Verd\u00e4chtigen aufsp\u00fcren?\u00dcbungen zum H\u00f6r- und Leseverstehen erg\u00e4nzen die Lekt\u00fcre. Ein kostenloser MP3-Download liefert den kompletten Lekt\u00fcretext als H\u00f6rbuch und erm\u00f6glicht zus\u00e4tzlich das Training des H\u00f6rverstehens.<\/p>\n","protected":false},"excerpt":{"rendered":"<p>Sabotage im Moor ist eine spannende Deutschlekt\u00fcre f\u00fcr Jugendliche zwischen 12 und 17 Jahren, die bereits \u00fcber fundierte Deutschkenntnisse auf Niveau B1 verf\u00fcgen.Vier Sch\u00fcler:innen internationaler Umweltschulen treffen sich zum Workshop im Murnauer Moor. Im Mai ist hier Brutzeit. Viele Menschen&#8230;<\/p>\n","protected":false},"featured_media":643221,"template":"","meta":{"_acf_changed":false,"inline_featured_image":false},"product_brand":[],"product_cat":[851],"product_tag":[],"series":[],"publisher":[{"id":497,"name":"Hueber Verlag","slug":"hueber-verlag"}],"class_list":{"0":"post-166357","1":"product","2":"type-product","3":"status-publish","4":"has-post-thumbnail","6":"product_cat-lesetexte-deutsch","7":"publisher-hueber-verlag","9":"first","10":"onbackorder","11":"taxable","12":"shipping-taxable","13":"purchasable","14":"product-type-simple"},"acf":[],"_links":{"self":[{"href":"https:\/\/exlibris.ee\/en\/wp-json\/wp\/v2\/product\/166357","targetHints":{"allow":["GET"]}}],"collection":[{"href":"https:\/\/exlibris.ee\/en\/wp-json\/wp\/v2\/product"}],"about":[{"href":"https:\/\/exlibris.ee\/en\/wp-json\/wp\/v2\/types\/product"}],"wp:featuredmedia":[{"embeddable":true,"href":"https:\/\/exlibris.ee\/en\/wp-json\/wp\/v2\/media\/643221"}],"wp:attachment":[{"href":"https:\/\/exlibris.ee\/en\/wp-json\/wp\/v2\/media?parent=166357"}],"wp:term":[{"taxonomy":"product_brand","embeddable":true,"href":"https:\/\/exlibris.ee\/en\/wp-json\/wp\/v2\/product_brand?post=166357"},{"taxonomy":"product_cat","embeddable":true,"href":"https:\/\/exlibris.ee\/en\/wp-json\/wp\/v2\/product_cat?post=166357"},{"taxonomy":"product_tag","embeddable":true,"href":"https:\/\/exlibris.ee\/en\/wp-json\/wp\/v2\/product_tag?post=166357"},{"taxonomy":"series","embeddable":true,"href":"https:\/\/exlibris.ee\/en\/wp-json\/wp\/v2\/series?post=166357"},{"taxonomy":"publisher","embeddable":true,"href":"https:\/\/exlibris.ee\/en\/wp-json\/wp\/v2\/publisher?post=166357"}],"curies":[{"name":"wp","href":"https:\/\/api.w.org\/{rel}","templated":true}]}}