{"id":166361,"date":"2026-02-13T21:23:15","date_gmt":"2026-02-13T19:23:15","guid":{"rendered":"https:\/\/exlibris.ee\/toode\/yulia-und-max-pdf-download\/"},"modified":"2026-04-03T11:15:08","modified_gmt":"2026-04-03T08:15:08","slug":"yulia-und-max-pdf-download","status":"publish","type":"product","link":"https:\/\/exlibris.ee\/en\/product\/yulia-und-max-pdf-download\/","title":{"rendered":"Yulia und Max \/PDF-Download"},"content":{"rendered":"<p>Yulia und Max ist eine abwechslungsreiche Deutschlekt\u00fcre f\u00fcr Erwachsene, die bereits fundierte Kenntnisse der deutschen Sprache auf Niveau B1 haben.  Die 35-j\u00e4hrige Kardiologin Yulia flieht mit ihren Kindern aus der Ukraine nach Deutschland. W\u00e4hrend sie auf ihre Approbation wartet und Sprachpr\u00fcfungen meistert, k\u00e4mpft sie mit den Herausforderungen des Neubeginns. Ihr Sohn Tino findet schnell Anschluss, doch Tochter Vicky hadert mit dem Verlust ihrer Freunde. Hoffnung und Unterst\u00fctzung bringt Max, ein Intensivpfleger, der Yulia nicht nur beim Lernen hilft, sondern auch langsam Teil der Familie wird.\u00dcbungen zum H\u00f6r- und Leseverstehen erg\u00e4nzen die Lekt\u00fcre. Ein kostenloser MP3-Download liefert den kompletten Lekt\u00fcretext als H\u00f6rbuch und erm\u00f6glicht zus\u00e4tzlich das Training des H\u00f6rverstehens.<\/p>\n","protected":false},"excerpt":{"rendered":"<p>Yulia und Max ist eine abwechslungsreiche Deutschlekt\u00fcre f\u00fcr Erwachsene, die bereits fundierte Kenntnisse der deutschen Sprache auf Niveau B1 haben. Die 35-j\u00e4hrige Kardiologin Yulia flieht mit ihren Kindern aus der Ukraine nach Deutschland. W\u00e4hrend sie auf ihre Approbation wartet und&#8230;<\/p>\n","protected":false},"featured_media":168964,"template":"","meta":{"_acf_changed":false,"inline_featured_image":false},"product_brand":[],"product_cat":[851],"product_tag":[],"series":[],"publisher":[{"id":497,"name":"Hueber Verlag","slug":"hueber-verlag"}],"class_list":{"0":"post-166361","1":"product","2":"type-product","3":"status-publish","4":"has-post-thumbnail","6":"product_cat-lesetexte-deutsch","7":"publisher-hueber-verlag","9":"first","10":"onbackorder","11":"taxable","12":"shipping-taxable","13":"purchasable","14":"product-type-simple"},"acf":[],"_links":{"self":[{"href":"https:\/\/exlibris.ee\/en\/wp-json\/wp\/v2\/product\/166361","targetHints":{"allow":["GET"]}}],"collection":[{"href":"https:\/\/exlibris.ee\/en\/wp-json\/wp\/v2\/product"}],"about":[{"href":"https:\/\/exlibris.ee\/en\/wp-json\/wp\/v2\/types\/product"}],"wp:featuredmedia":[{"embeddable":true,"href":"https:\/\/exlibris.ee\/en\/wp-json\/wp\/v2\/media\/168964"}],"wp:attachment":[{"href":"https:\/\/exlibris.ee\/en\/wp-json\/wp\/v2\/media?parent=166361"}],"wp:term":[{"taxonomy":"product_brand","embeddable":true,"href":"https:\/\/exlibris.ee\/en\/wp-json\/wp\/v2\/product_brand?post=166361"},{"taxonomy":"product_cat","embeddable":true,"href":"https:\/\/exlibris.ee\/en\/wp-json\/wp\/v2\/product_cat?post=166361"},{"taxonomy":"product_tag","embeddable":true,"href":"https:\/\/exlibris.ee\/en\/wp-json\/wp\/v2\/product_tag?post=166361"},{"taxonomy":"series","embeddable":true,"href":"https:\/\/exlibris.ee\/en\/wp-json\/wp\/v2\/series?post=166361"},{"taxonomy":"publisher","embeddable":true,"href":"https:\/\/exlibris.ee\/en\/wp-json\/wp\/v2\/publisher?post=166361"}],"curies":[{"name":"wp","href":"https:\/\/api.w.org\/{rel}","templated":true}]}}