{"id":166372,"date":"2026-02-13T21:24:11","date_gmt":"2026-02-13T19:24:11","guid":{"rendered":"https:\/\/exlibris.ee\/toode\/der-dachs-hat-heute-langeweile-deutsch-englisch-zweisprachiges-kinderbuch-mit-mp3-horbuch-zum-herunterladen\/"},"modified":"2026-04-27T07:36:59","modified_gmt":"2026-04-27T04:36:59","slug":"der-dachs-hat-heute-langeweile-deutsch-englisch-zweisprachiges-kinderbuch-mit-mp3-horbuch-zum-herunterladen","status":"publish","type":"product","link":"https:\/\/exlibris.ee\/en\/product\/der-dachs-hat-heute-langeweile-deutsch-englisch-zweisprachiges-kinderbuch-mit-mp3-horbuch-zum-herunterladen\/","title":{"rendered":"Der Dachs hat heute Langeweile! (Deutsch-Englisch)\/Zweisprachiges Kinderbuch mit MP3-H\u00f6rbuch zum Herunterladen"},"content":{"rendered":"<p>Der Dachs hat heute Langeweile! ist ein witziges, zweisprachiges Kinderbuch auf Deutsch und Englisch, ideal f\u00fcr Kinder ab 4 Jahren. Was f\u00fcr ein laaangweiliger Tag! Der Dachs hat auf gar nichts Lust. Nicht einmal viele verschiedene Spielideen und die Besuche seiner Freunde \u00e4ndern etwas an dem \u00f6den Gef\u00fchl. Doch die kleine Maus bringt pl\u00f6tzlich einen Stein ins Rollen. Oder besser ein Piratenschiff in Fahrt! Die H\u00f6rversion der Geschichte wurde von Muttersprachlern gelesen und ist als kostenloser MP3-Download (mit Zugangscode im Buch) verf\u00fcgbar. Das Buch ist in weiteren Sprachfassungen \u2013 immer in Kombination mit Deutsch \u2013 erh\u00e4ltlich.<\/p>\n","protected":false},"excerpt":{"rendered":"<p>Der Dachs hat heute Langeweile! ist ein witziges, zweisprachiges Kinderbuch auf Deutsch und Englisch, ideal f\u00fcr Kinder ab 4 Jahren. Was f\u00fcr ein laaangweiliger Tag! Der Dachs hat auf gar nichts Lust. Nicht einmal viele verschiedene Spielideen und die Besuche&#8230;<\/p>\n","protected":false},"featured_media":508012,"template":"","meta":{"_acf_changed":false,"inline_featured_image":false},"product_brand":[],"product_cat":[851],"product_tag":[],"series":[],"publisher":[{"id":1308,"name":"NordS\u00fcd","slug":"nordsud"}],"class_list":{"0":"post-166372","1":"product","2":"type-product","3":"status-publish","4":"has-post-thumbnail","6":"product_cat-lesetexte-deutsch","7":"publisher-nordsud","9":"first","10":"onbackorder","11":"taxable","12":"shipping-taxable","13":"purchasable","14":"product-type-simple"},"acf":[],"_links":{"self":[{"href":"https:\/\/exlibris.ee\/en\/wp-json\/wp\/v2\/product\/166372","targetHints":{"allow":["GET"]}}],"collection":[{"href":"https:\/\/exlibris.ee\/en\/wp-json\/wp\/v2\/product"}],"about":[{"href":"https:\/\/exlibris.ee\/en\/wp-json\/wp\/v2\/types\/product"}],"wp:featuredmedia":[{"embeddable":true,"href":"https:\/\/exlibris.ee\/en\/wp-json\/wp\/v2\/media\/508012"}],"wp:attachment":[{"href":"https:\/\/exlibris.ee\/en\/wp-json\/wp\/v2\/media?parent=166372"}],"wp:term":[{"taxonomy":"product_brand","embeddable":true,"href":"https:\/\/exlibris.ee\/en\/wp-json\/wp\/v2\/product_brand?post=166372"},{"taxonomy":"product_cat","embeddable":true,"href":"https:\/\/exlibris.ee\/en\/wp-json\/wp\/v2\/product_cat?post=166372"},{"taxonomy":"product_tag","embeddable":true,"href":"https:\/\/exlibris.ee\/en\/wp-json\/wp\/v2\/product_tag?post=166372"},{"taxonomy":"series","embeddable":true,"href":"https:\/\/exlibris.ee\/en\/wp-json\/wp\/v2\/series?post=166372"},{"taxonomy":"publisher","embeddable":true,"href":"https:\/\/exlibris.ee\/en\/wp-json\/wp\/v2\/publisher?post=166372"}],"curies":[{"name":"wp","href":"https:\/\/api.w.org\/{rel}","templated":true}]}}