{"id":166375,"date":"2026-02-13T21:24:11","date_gmt":"2026-02-13T19:24:11","guid":{"rendered":"https:\/\/exlibris.ee\/toode\/comic-box-institutionen-1-administrator-plus-bis-zu-100-lehrende-und-lernende\/"},"modified":"2026-04-04T05:15:38","modified_gmt":"2026-04-04T02:15:38","slug":"comic-box-institutionen-1-administrator-plus-bis-zu-100-lehrende-und-lernende","status":"publish","type":"product","link":"https:\/\/exlibris.ee\/en\/product\/comic-box-institutionen-1-administrator-plus-bis-zu-100-lehrende-und-lernende\/","title":{"rendered":"COMiC-BOX Institutionen\/1 Administrator plus bis zu 100 Lehrende und Lernende"},"content":{"rendered":"<p>COMiC-BOX \u2013 Lizenz f\u00fcr Institutionen. Bringen Sie Kreativit\u00e4t und Spa\u00df in den DaF\/DaZ- und Sprachen-Unterricht! Mit der COMiC-BOX unseres Partners KlangbildVerlag k\u00f6nnen Ihre Lernenden mit \u00fcber 1.800 lebensnahen und fantastischen Comic-Figuren und -Zeichen gemeinsam Geschichten erz\u00e4hlen \u2013 in 20 Ausgangs- und Zielsprachen. Die Arbeit mit dem Online-Tool f\u00f6rdert spielerisch Schreib- und Lesekompetenzen und erweitert den aktiven und passiven Wortschatz.Vielf\u00e4ltige Anwendungsm\u00f6glichkeiten. Die COMiC-BOX ist nicht nur das ideale Tool, um gemeinsam kreativ eine Geschichte zu entwickeln. Sie k\u00f6nnen es auch f\u00fcr kurze, abwechslungsreiche Lerneinheiten einsetzen, z.B. im CLIL-Unterricht. Auch eigene Arbeitsbl\u00e4tter lassen sich im Handumdrehen schnell und ansprechend gestalten. Die Anwendungsm\u00f6glichkeiten sind nahezu unbegrenzt. Die Lizenz f\u00fcr Institutionen umfasst:- 1 Administrator. Zugriff auf eine umfangreiche Lehrerhandreichung, Kopiervorlagen Arbeitsbl\u00e4tter, Figuren-Katalog und Wortschatzkiste; Login-K\u00e4rtchen mit verschiedenen Motiven zum Ausgeben an die Lernenden. Bis zu 100 Lernende und Lehrkr\u00e4fte der Institution. Laufzeit: 1 Jahr.Die Lizenz endet automatisch. Keine K\u00fcndigung notwendig.<\/p>\n","protected":false},"excerpt":{"rendered":"<p>COMiC-BOX \u2013 Lizenz f\u00fcr Institutionen. Bringen Sie Kreativit\u00e4t und Spa\u00df in den DaF\/DaZ- und Sprachen-Unterricht! Mit der COMiC-BOX unseres Partners KlangbildVerlag k\u00f6nnen Ihre Lernenden mit \u00fcber 1.800 lebensnahen und fantastischen Comic-Figuren und -Zeichen gemeinsam Geschichten erz\u00e4hlen \u2013 in 20 Ausgangs-&#8230;<\/p>\n","protected":false},"featured_media":168975,"template":"","meta":{"_acf_changed":false,"inline_featured_image":false},"product_brand":[],"product_cat":[1121],"product_tag":[],"series":[{"id":3298,"name":"COMiC-BOX","slug":"comic-box"}],"publisher":[{"id":3299,"name":"KlangbildVerlag GmbH &amp; Co. KG","slug":"klangbildverlag-gmbh-co-kg"}],"class_list":{"0":"post-166375","1":"product","2":"type-product","3":"status-publish","4":"has-post-thumbnail","6":"product_cat-lehrwerke-fur-jugendliche-und-erwachsene","7":"series-comic-box","8":"publisher-klangbildverlag-gmbh-co-kg","10":"first","11":"onbackorder","12":"taxable","13":"shipping-taxable","14":"purchasable","15":"product-type-simple"},"acf":[],"_links":{"self":[{"href":"https:\/\/exlibris.ee\/en\/wp-json\/wp\/v2\/product\/166375","targetHints":{"allow":["GET"]}}],"collection":[{"href":"https:\/\/exlibris.ee\/en\/wp-json\/wp\/v2\/product"}],"about":[{"href":"https:\/\/exlibris.ee\/en\/wp-json\/wp\/v2\/types\/product"}],"wp:featuredmedia":[{"embeddable":true,"href":"https:\/\/exlibris.ee\/en\/wp-json\/wp\/v2\/media\/168975"}],"wp:attachment":[{"href":"https:\/\/exlibris.ee\/en\/wp-json\/wp\/v2\/media?parent=166375"}],"wp:term":[{"taxonomy":"product_brand","embeddable":true,"href":"https:\/\/exlibris.ee\/en\/wp-json\/wp\/v2\/product_brand?post=166375"},{"taxonomy":"product_cat","embeddable":true,"href":"https:\/\/exlibris.ee\/en\/wp-json\/wp\/v2\/product_cat?post=166375"},{"taxonomy":"product_tag","embeddable":true,"href":"https:\/\/exlibris.ee\/en\/wp-json\/wp\/v2\/product_tag?post=166375"},{"taxonomy":"series","embeddable":true,"href":"https:\/\/exlibris.ee\/en\/wp-json\/wp\/v2\/series?post=166375"},{"taxonomy":"publisher","embeddable":true,"href":"https:\/\/exlibris.ee\/en\/wp-json\/wp\/v2\/publisher?post=166375"}],"curies":[{"name":"wp","href":"https:\/\/api.w.org\/{rel}","templated":true}]}}