{"id":166378,"date":"2026-02-13T21:24:12","date_gmt":"2026-02-13T19:24:12","guid":{"rendered":"https:\/\/exlibris.ee\/toode\/comic-box-lehrendenhandreichung-der-geschichten-baukasten-pdf-download\/"},"modified":"2026-04-04T05:16:23","modified_gmt":"2026-04-04T02:16:23","slug":"comic-box-lehrendenhandreichung-der-geschichten-baukasten-pdf-download","status":"publish","type":"product","link":"https:\/\/exlibris.ee\/en\/product\/comic-box-lehrendenhandreichung-der-geschichten-baukasten-pdf-download\/","title":{"rendered":"COMiC-BOX Lehrendenhandreichung\/Der Geschichten-Baukasten \/ PDF-Download"},"content":{"rendered":"<p>In dieser Handreichung erkl\u00e4rt die Autorin Antje H\u00fcbner detailliert, wie Lernende einer Klasse oder Gruppe gemeinsam eine Geschichte schreiben, grafisch gestalten und sie sogar ver\u00f6ffentlichen k\u00f6nnen.Sie gibt Lehrenden konkrete Vorschl\u00e4ge, welche begleitenden Schritte im kooperativen Schreibprozess ihre Lernenden mit ihnen gehen k\u00f6nnen. Die daf\u00fcr entworfenen Arbeitsbl\u00e4tter sind das Ergebnis langj\u00e4hriger Arbeit mit der Zielgruppe.Seit 2012 hat das Projekt inzwischen 1400 Jugendliche aus 24 L\u00e4ndern zu Schriftsteller:innen in der Mutter- oder Fremdsprache Deutsch gemacht und sie damit beim Deutschlernen maximal motiviert.Bitte beachten Sie: In den Vollversionen der COMiC-BOX ist diese Lehrerhandreichung inklusive.<\/p>\n","protected":false},"excerpt":{"rendered":"<p>In dieser Handreichung erkl\u00e4rt die Autorin Antje H\u00fcbner detailliert, wie Lernende einer Klasse oder Gruppe gemeinsam eine Geschichte schreiben, grafisch gestalten und sie sogar ver\u00f6ffentlichen k\u00f6nnen.Sie gibt Lehrenden konkrete Vorschl\u00e4ge, welche begleitenden Schritte im kooperativen Schreibprozess ihre Lernenden mit ihnen&#8230;<\/p>\n","protected":false},"featured_media":168978,"template":"","meta":{"_acf_changed":false,"inline_featured_image":false},"product_brand":[],"product_cat":[1121],"product_tag":[],"series":[{"id":3298,"name":"COMiC-BOX","slug":"comic-box"}],"publisher":[{"id":3299,"name":"KlangbildVerlag GmbH &amp; Co. KG","slug":"klangbildverlag-gmbh-co-kg"}],"class_list":{"0":"post-166378","1":"product","2":"type-product","3":"status-publish","4":"has-post-thumbnail","6":"product_cat-lehrwerke-fur-jugendliche-und-erwachsene","7":"series-comic-box","8":"publisher-klangbildverlag-gmbh-co-kg","10":"first","11":"onbackorder","12":"taxable","13":"shipping-taxable","14":"purchasable","15":"product-type-simple"},"acf":[],"_links":{"self":[{"href":"https:\/\/exlibris.ee\/en\/wp-json\/wp\/v2\/product\/166378","targetHints":{"allow":["GET"]}}],"collection":[{"href":"https:\/\/exlibris.ee\/en\/wp-json\/wp\/v2\/product"}],"about":[{"href":"https:\/\/exlibris.ee\/en\/wp-json\/wp\/v2\/types\/product"}],"wp:featuredmedia":[{"embeddable":true,"href":"https:\/\/exlibris.ee\/en\/wp-json\/wp\/v2\/media\/168978"}],"wp:attachment":[{"href":"https:\/\/exlibris.ee\/en\/wp-json\/wp\/v2\/media?parent=166378"}],"wp:term":[{"taxonomy":"product_brand","embeddable":true,"href":"https:\/\/exlibris.ee\/en\/wp-json\/wp\/v2\/product_brand?post=166378"},{"taxonomy":"product_cat","embeddable":true,"href":"https:\/\/exlibris.ee\/en\/wp-json\/wp\/v2\/product_cat?post=166378"},{"taxonomy":"product_tag","embeddable":true,"href":"https:\/\/exlibris.ee\/en\/wp-json\/wp\/v2\/product_tag?post=166378"},{"taxonomy":"series","embeddable":true,"href":"https:\/\/exlibris.ee\/en\/wp-json\/wp\/v2\/series?post=166378"},{"taxonomy":"publisher","embeddable":true,"href":"https:\/\/exlibris.ee\/en\/wp-json\/wp\/v2\/publisher?post=166378"}],"curies":[{"name":"wp","href":"https:\/\/api.w.org\/{rel}","templated":true}]}}