{"id":166381,"date":"2026-02-13T21:24:12","date_gmt":"2026-02-13T19:24:12","guid":{"rendered":"https:\/\/exlibris.ee\/toode\/happy-learning-how-to-learn-languages-successfully-buch\/"},"modified":"2026-04-14T21:23:15","modified_gmt":"2026-04-14T18:23:15","slug":"happy-learning-how-to-learn-languages-successfully-buch","status":"publish","type":"product","link":"https:\/\/exlibris.ee\/en\/product\/happy-learning-how-to-learn-languages-successfully-buch\/","title":{"rendered":"Happy Learning \u2013 How to Learn Languages Successfully\/Buch"},"content":{"rendered":"<p>Die englischsprachige Ausgabe des Lernratgebers. Sprache ist der Schl\u00fcssel zum Bildungs- und Lebenserfolg und \u00f6ffnet Chancen. Mit Happy Learning gelingt das Sprachenlernen und Lernende (DaF und Fremdsprachen) werden gest\u00e4rkt: \u00dcbungen zur Steigerung von Resilienz, Optimismus und Stressbew\u00e4ltigung helfen dabei, die Lernziele zu erreichen und Lernende gl\u00fccklich und erfolgreich zu machen.Der Ratgeber \u2022 ist spannend, informativ und gut lesbar \u2022 stellt einen neuen Ansatz vor, der auf die besonderen Herausforderungen und Stressoren unserer Zeit reagiert. \u2022 erkl\u00e4rt Hintergr\u00fcnde und Zusammenh\u00e4nge mit Einblicken in die Forschung. \u2022 zeigt, wie \u00dcbungen zur Steigerung von Wohlbefinden und mentaler St\u00e4rke mit Sprachlernzielen verbunden werden k\u00f6nnen. \u2022 stellt direkt umsetzbare, erprobte \u00dcbungen f\u00fcr den Unterricht und zu Hause vor. \u2022 gibt erg\u00e4nzende Tipps, die bereits Schulkinder und Jugendliche ohne Unterst\u00fctzung umsetzen k\u00f6nnen und die auch von Erwachsenen genutzt werden k\u00f6nnen.<\/p>\n","protected":false},"excerpt":{"rendered":"<p>Die englischsprachige Ausgabe des Lernratgebers. Sprache ist der Schl\u00fcssel zum Bildungs- und Lebenserfolg und \u00f6ffnet Chancen. Mit Happy Learning gelingt das Sprachenlernen und Lernende (DaF und Fremdsprachen) werden gest\u00e4rkt: \u00dcbungen zur Steigerung von Resilienz, Optimismus und Stressbew\u00e4ltigung helfen dabei, die&#8230;<\/p>\n","protected":false},"featured_media":270505,"template":"","meta":{"_acf_changed":false,"inline_featured_image":false},"product_brand":[],"product_cat":[886],"product_tag":[],"series":[{"id":3300,"name":"Happy Learning","slug":"happy-learning"}],"publisher":[{"id":497,"name":"Hueber Verlag","slug":"hueber-verlag"}],"class_list":{"0":"post-166381","1":"product","2":"type-product","3":"status-publish","4":"has-post-thumbnail","6":"product_cat-methodik","7":"series-happy-learning","8":"publisher-hueber-verlag","10":"first","11":"onbackorder","12":"taxable","13":"shipping-taxable","14":"purchasable","15":"product-type-simple"},"acf":[],"_links":{"self":[{"href":"https:\/\/exlibris.ee\/en\/wp-json\/wp\/v2\/product\/166381","targetHints":{"allow":["GET"]}}],"collection":[{"href":"https:\/\/exlibris.ee\/en\/wp-json\/wp\/v2\/product"}],"about":[{"href":"https:\/\/exlibris.ee\/en\/wp-json\/wp\/v2\/types\/product"}],"wp:featuredmedia":[{"embeddable":true,"href":"https:\/\/exlibris.ee\/en\/wp-json\/wp\/v2\/media\/270505"}],"wp:attachment":[{"href":"https:\/\/exlibris.ee\/en\/wp-json\/wp\/v2\/media?parent=166381"}],"wp:term":[{"taxonomy":"product_brand","embeddable":true,"href":"https:\/\/exlibris.ee\/en\/wp-json\/wp\/v2\/product_brand?post=166381"},{"taxonomy":"product_cat","embeddable":true,"href":"https:\/\/exlibris.ee\/en\/wp-json\/wp\/v2\/product_cat?post=166381"},{"taxonomy":"product_tag","embeddable":true,"href":"https:\/\/exlibris.ee\/en\/wp-json\/wp\/v2\/product_tag?post=166381"},{"taxonomy":"series","embeddable":true,"href":"https:\/\/exlibris.ee\/en\/wp-json\/wp\/v2\/series?post=166381"},{"taxonomy":"publisher","embeddable":true,"href":"https:\/\/exlibris.ee\/en\/wp-json\/wp\/v2\/publisher?post=166381"}],"curies":[{"name":"wp","href":"https:\/\/api.w.org\/{rel}","templated":true}]}}