{"id":170274,"date":"2026-02-27T09:17:22","date_gmt":"2026-02-27T07:17:22","guid":{"rendered":"https:\/\/exlibris.ee\/toode\/klasse-a1-ubungsbuch-hybrid\/"},"modified":"2026-04-11T17:24:47","modified_gmt":"2026-04-11T14:24:47","slug":"klasse-a1-ubungsbuch-hybrid","status":"publish","type":"product","link":"https:\/\/exlibris.ee\/en\/product\/klasse-a1-ubungsbuch-hybrid\/","title":{"rendered":"Klasse A1, \u00dcbungsbuch &#8211; hybrid"},"content":{"rendered":"<p>Deutsch f\u00fcr Jugendliche\u00dcbungsbuch mit Audios inklusive Lizenzschl\u00fcssel allango (24 Monate)<\/p>\n","protected":false},"excerpt":{"rendered":"<p>Deutsch f\u00fcr Jugendliche\u00dcbungsbuch mit Audios inklusive Lizenzschl\u00fcssel allango (24 Monate)<\/p>\n","protected":false},"featured_media":201635,"template":"","meta":{"_acf_changed":false,"inline_featured_image":false},"product_brand":[],"product_cat":[477],"product_tag":[],"series":[{"id":916,"name":"Klasse","slug":"klasse"}],"publisher":[{"id":473,"name":"Klett Verlag","slug":"klett-verlag"}],"class_list":{"0":"post-170274","1":"product","2":"type-product","3":"status-publish","4":"has-post-thumbnail","6":"product_cat-lehrwerke-fur-jugendliche","7":"series-klasse","8":"publisher-klett-verlag","10":"first","11":"onbackorder","12":"taxable","13":"shipping-taxable","14":"purchasable","15":"product-type-simple"},"acf":[],"_links":{"self":[{"href":"https:\/\/exlibris.ee\/en\/wp-json\/wp\/v2\/product\/170274","targetHints":{"allow":["GET"]}}],"collection":[{"href":"https:\/\/exlibris.ee\/en\/wp-json\/wp\/v2\/product"}],"about":[{"href":"https:\/\/exlibris.ee\/en\/wp-json\/wp\/v2\/types\/product"}],"wp:featuredmedia":[{"embeddable":true,"href":"https:\/\/exlibris.ee\/en\/wp-json\/wp\/v2\/media\/201635"}],"wp:attachment":[{"href":"https:\/\/exlibris.ee\/en\/wp-json\/wp\/v2\/media?parent=170274"}],"wp:term":[{"taxonomy":"product_brand","embeddable":true,"href":"https:\/\/exlibris.ee\/en\/wp-json\/wp\/v2\/product_brand?post=170274"},{"taxonomy":"product_cat","embeddable":true,"href":"https:\/\/exlibris.ee\/en\/wp-json\/wp\/v2\/product_cat?post=170274"},{"taxonomy":"product_tag","embeddable":true,"href":"https:\/\/exlibris.ee\/en\/wp-json\/wp\/v2\/product_tag?post=170274"},{"taxonomy":"series","embeddable":true,"href":"https:\/\/exlibris.ee\/en\/wp-json\/wp\/v2\/series?post=170274"},{"taxonomy":"publisher","embeddable":true,"href":"https:\/\/exlibris.ee\/en\/wp-json\/wp\/v2\/publisher?post=170274"}],"curies":[{"name":"wp","href":"https:\/\/api.w.org\/{rel}","templated":true}]}}