{"id":170309,"date":"2026-02-27T09:18:26","date_gmt":"2026-02-27T07:18:26","guid":{"rendered":"https:\/\/exlibris.ee\/toode\/krabat\/"},"modified":"2026-04-11T17:26:20","modified_gmt":"2026-04-11T14:26:20","slug":"krabat","status":"publish","type":"product","link":"https:\/\/exlibris.ee\/en\/product\/krabat\/","title":{"rendered":"Krabat"},"content":{"rendered":"<p>Deutsch als Fremdsprache (DaF). Jugendliteratur. A2-B1. Krabat &#8211; das ist ein 14 j\u00e4hriger Waisenjunge, im Gro\u00dfraum Lausitz\/Dresden, im 17.Jahrhundert, der ein Bettlerleben f\u00fchrt. Eines Tages sucht er sein Gl\u00fcck bei einem M\u00fcllermeister, der ihn zu sich lockt und als Geselle anstellt. Sofort stellt sich heraus, dass mehr hinter dem &#8220;&#8221;Meister&#8221;&#8221; stecken muss. Dunkle Magie, Intrigen, T\u00e4uschungen, Vertrauen, Freundschaft, Rache und ja, auch die Liebe zeichnen die folgende Geschichte aus. Dies alles bildet eine zauberhafte Erz\u00e4hlung, die m\u00e4rchenhaft und spannend beschrieben wird.<\/p>\n","protected":false},"excerpt":{"rendered":"<p>Deutsch als Fremdsprache (DaF). Jugendliteratur. A2-B1. Krabat &#8211; das ist ein 14 j\u00e4hriger Waisenjunge, im Gro\u00dfraum Lausitz\/Dresden, im 17.Jahrhundert, der ein Bettlerleben f\u00fchrt. Eines Tages sucht er sein Gl\u00fcck bei einem M\u00fcllermeister, der ihn zu sich lockt und als Geselle&#8230;<\/p>\n","protected":false},"featured_media":201791,"template":"","meta":{"_acf_changed":false,"inline_featured_image":false},"product_brand":[],"product_cat":[851],"product_tag":[],"series":[{"id":1498,"name":"Deutsch leichter lesen","slug":"deutsch-leichter-lesen"}],"publisher":[{"id":473,"name":"Klett Verlag","slug":"klett-verlag"}],"class_list":{"0":"post-170309","1":"product","2":"type-product","3":"status-publish","4":"has-post-thumbnail","6":"product_cat-lesetexte-deutsch","7":"series-deutsch-leichter-lesen","8":"publisher-klett-verlag","10":"first","11":"onbackorder","12":"taxable","13":"shipping-taxable","14":"purchasable","15":"product-type-simple"},"acf":[],"_links":{"self":[{"href":"https:\/\/exlibris.ee\/en\/wp-json\/wp\/v2\/product\/170309","targetHints":{"allow":["GET"]}}],"collection":[{"href":"https:\/\/exlibris.ee\/en\/wp-json\/wp\/v2\/product"}],"about":[{"href":"https:\/\/exlibris.ee\/en\/wp-json\/wp\/v2\/types\/product"}],"wp:featuredmedia":[{"embeddable":true,"href":"https:\/\/exlibris.ee\/en\/wp-json\/wp\/v2\/media\/201791"}],"wp:attachment":[{"href":"https:\/\/exlibris.ee\/en\/wp-json\/wp\/v2\/media?parent=170309"}],"wp:term":[{"taxonomy":"product_brand","embeddable":true,"href":"https:\/\/exlibris.ee\/en\/wp-json\/wp\/v2\/product_brand?post=170309"},{"taxonomy":"product_cat","embeddable":true,"href":"https:\/\/exlibris.ee\/en\/wp-json\/wp\/v2\/product_cat?post=170309"},{"taxonomy":"product_tag","embeddable":true,"href":"https:\/\/exlibris.ee\/en\/wp-json\/wp\/v2\/product_tag?post=170309"},{"taxonomy":"series","embeddable":true,"href":"https:\/\/exlibris.ee\/en\/wp-json\/wp\/v2\/series?post=170309"},{"taxonomy":"publisher","embeddable":true,"href":"https:\/\/exlibris.ee\/en\/wp-json\/wp\/v2\/publisher?post=170309"}],"curies":[{"name":"wp","href":"https:\/\/api.w.org\/{rel}","templated":true}]}}