{"id":170326,"date":"2026-02-27T09:18:28","date_gmt":"2026-02-27T07:18:28","guid":{"rendered":"https:\/\/exlibris.ee\/toode\/krabat-hybrid\/"},"modified":"2026-04-11T17:26:20","modified_gmt":"2026-04-11T14:26:20","slug":"krabat-hybrid","status":"publish","type":"product","link":"https:\/\/exlibris.ee\/en\/product\/krabat-hybrid\/","title":{"rendered":"Krabat hybrid"},"content":{"rendered":"<p>Lekt\u00fcre mit H\u00f6rbuch inklusive Lizenzschl\u00fcssel allango (24 Monate) 128 Seiten (A2-B1)<\/p>\n","protected":false},"excerpt":{"rendered":"<p>Lekt\u00fcre mit H\u00f6rbuch inklusive Lizenzschl\u00fcssel allango (24 Monate) 128 Seiten (A2-B1)<\/p>\n","protected":false},"featured_media":201808,"template":"","meta":{"_acf_changed":false,"inline_featured_image":false},"product_brand":[],"product_cat":[851],"product_tag":[],"series":[{"id":1498,"name":"Deutsch leichter lesen","slug":"deutsch-leichter-lesen"}],"publisher":[{"id":473,"name":"Klett Verlag","slug":"klett-verlag"}],"class_list":{"0":"post-170326","1":"product","2":"type-product","3":"status-publish","4":"has-post-thumbnail","6":"product_cat-lesetexte-deutsch","7":"series-deutsch-leichter-lesen","8":"publisher-klett-verlag","10":"first","11":"onbackorder","12":"taxable","13":"shipping-taxable","14":"purchasable","15":"product-type-simple"},"acf":[],"_links":{"self":[{"href":"https:\/\/exlibris.ee\/en\/wp-json\/wp\/v2\/product\/170326","targetHints":{"allow":["GET"]}}],"collection":[{"href":"https:\/\/exlibris.ee\/en\/wp-json\/wp\/v2\/product"}],"about":[{"href":"https:\/\/exlibris.ee\/en\/wp-json\/wp\/v2\/types\/product"}],"wp:featuredmedia":[{"embeddable":true,"href":"https:\/\/exlibris.ee\/en\/wp-json\/wp\/v2\/media\/201808"}],"wp:attachment":[{"href":"https:\/\/exlibris.ee\/en\/wp-json\/wp\/v2\/media?parent=170326"}],"wp:term":[{"taxonomy":"product_brand","embeddable":true,"href":"https:\/\/exlibris.ee\/en\/wp-json\/wp\/v2\/product_brand?post=170326"},{"taxonomy":"product_cat","embeddable":true,"href":"https:\/\/exlibris.ee\/en\/wp-json\/wp\/v2\/product_cat?post=170326"},{"taxonomy":"product_tag","embeddable":true,"href":"https:\/\/exlibris.ee\/en\/wp-json\/wp\/v2\/product_tag?post=170326"},{"taxonomy":"series","embeddable":true,"href":"https:\/\/exlibris.ee\/en\/wp-json\/wp\/v2\/series?post=170326"},{"taxonomy":"publisher","embeddable":true,"href":"https:\/\/exlibris.ee\/en\/wp-json\/wp\/v2\/publisher?post=170326"}],"curies":[{"name":"wp","href":"https:\/\/api.w.org\/{rel}","templated":true}]}}