{"id":171008,"date":"2026-03-04T17:08:56","date_gmt":"2026-03-04T15:08:56","guid":{"rendered":"https:\/\/exlibris.ee\/toode\/telefonieren-im-beruf-lb\/"},"modified":"2026-04-14T19:20:03","modified_gmt":"2026-04-14T16:20:03","slug":"telefonieren-im-beruf-lb","status":"publish","type":"product","link":"https:\/\/exlibris.ee\/en\/product\/telefonieren-im-beruf-lb\/","title":{"rendered":"Telefonieren im Beruf LB"},"content":{"rendered":"<p>Das Lehrbuch richtet sich an Lernende auf A2\u2013B1-Niveau, die ihre telefonische Kommunikation im beruflichen Kontext verbessern m\u00f6chten. Es kombiniert authentische Dialoge, Redemittel, H\u00f6r\u00fcbungen und Rollenspiele, die typische Situationen am Arbeitsplatz abbilden.<\/p>\n","protected":false},"excerpt":{"rendered":"<p>Das Lehrbuch richtet sich an Lernende auf A2\u2013B1-Niveau, die ihre telefonische Kommunikation im beruflichen Kontext verbessern m\u00f6chten. Es kombiniert authentische Dialoge, Redemittel, H\u00f6r\u00fcbungen und Rollenspiele, die typische Situationen am Arbeitsplatz abbilden.<\/p>\n","protected":false},"featured_media":0,"template":"","meta":{"_acf_changed":false,"inline_featured_image":false},"product_brand":[],"product_cat":[885],"product_tag":[],"series":[],"publisher":[{"id":497,"name":"Hueber Verlag","slug":"hueber-verlag"}],"class_list":{"0":"post-171008","1":"product","2":"type-product","3":"status-publish","5":"product_cat-berufssprache","6":"publisher-hueber-verlag","8":"first","9":"instock","10":"taxable","11":"shipping-taxable","12":"purchasable","13":"product-type-simple"},"acf":[],"_links":{"self":[{"href":"https:\/\/exlibris.ee\/en\/wp-json\/wp\/v2\/product\/171008","targetHints":{"allow":["GET"]}}],"collection":[{"href":"https:\/\/exlibris.ee\/en\/wp-json\/wp\/v2\/product"}],"about":[{"href":"https:\/\/exlibris.ee\/en\/wp-json\/wp\/v2\/types\/product"}],"wp:attachment":[{"href":"https:\/\/exlibris.ee\/en\/wp-json\/wp\/v2\/media?parent=171008"}],"wp:term":[{"taxonomy":"product_brand","embeddable":true,"href":"https:\/\/exlibris.ee\/en\/wp-json\/wp\/v2\/product_brand?post=171008"},{"taxonomy":"product_cat","embeddable":true,"href":"https:\/\/exlibris.ee\/en\/wp-json\/wp\/v2\/product_cat?post=171008"},{"taxonomy":"product_tag","embeddable":true,"href":"https:\/\/exlibris.ee\/en\/wp-json\/wp\/v2\/product_tag?post=171008"},{"taxonomy":"series","embeddable":true,"href":"https:\/\/exlibris.ee\/en\/wp-json\/wp\/v2\/series?post=171008"},{"taxonomy":"publisher","embeddable":true,"href":"https:\/\/exlibris.ee\/en\/wp-json\/wp\/v2\/publisher?post=171008"}],"curies":[{"name":"wp","href":"https:\/\/api.w.org\/{rel}","templated":true}]}}