{"id":171048,"date":"2026-03-04T21:12:16","date_gmt":"2026-03-04T19:12:16","guid":{"rendered":"https:\/\/exlibris.ee\/toode\/kontext-c1-testheft-dsh-teachers-blinklearning\/"},"modified":"2026-04-16T21:44:59","modified_gmt":"2026-04-16T18:44:59","slug":"kontext-c1-testheft-dsh-teachers-blinklearning","status":"publish","type":"product","link":"https:\/\/exlibris.ee\/en\/product\/kontext-c1-testheft-dsh-teachers-blinklearning\/","title":{"rendered":"Kontext C1, Testheft DSH \/ Teachers \/ BlinkLearning"},"content":{"rendered":"<p>Diese digitale Ausgabe mit interaktiven \u00dcbungen steht Ihnen im Learning Management System (LMS) BlinkLearning zur Verf\u00fcgung. Interaktive \u00dcbungen \u2013 das besondere Extra. Richten Sie Ihren Klassenraum ein und verfolgen, verwalten und evaluieren Sie die Lernfortschritte Ihrer Lernenden: Motivieren Sie Ihre Lernenden mit abwechslungsreichen \u00dcbungstypen: Zuordnen, L\u00fcckentexte, Multiple Choice u.v.m. Verschicken Sie mit einem Klick passende Hausaufgaben oder kommentieren Sie Arbeitsergebnisse. Profitieren Sie von automatischen Auswertungen und einem transparenten Punktesystem. Behalten Sie den Lernfortschritt immer im Blick: Ergebnisse sind nach Fertigkeiten aufgef\u00e4chert.Lizenzcode (Unterrichtende, 36 Monate)<\/p>\n","protected":false},"excerpt":{"rendered":"<p>Diese digitale Ausgabe mit interaktiven \u00dcbungen steht Ihnen im Learning Management System (LMS) BlinkLearning zur Verf\u00fcgung. Interaktive \u00dcbungen \u2013 das besondere Extra. Richten Sie Ihren Klassenraum ein und verfolgen, verwalten und evaluieren Sie die Lernfortschritte Ihrer Lernenden: Motivieren Sie Ihre&#8230;<\/p>\n","protected":false},"featured_media":307668,"template":"","meta":{"_acf_changed":false,"inline_featured_image":false},"product_brand":[],"product_cat":[538],"product_tag":[],"series":[{"id":1435,"name":"Kontext","slug":"kontext"}],"publisher":[{"id":473,"name":"Klett Verlag","slug":"klett-verlag"}],"class_list":{"0":"post-171048","1":"product","2":"type-product","3":"status-publish","4":"has-post-thumbnail","6":"product_cat-lehrwerke-fur-erwachsene","7":"series-kontext","8":"publisher-klett-verlag","10":"first","11":"onbackorder","12":"taxable","13":"shipping-taxable","14":"purchasable","15":"product-type-simple"},"acf":[],"_links":{"self":[{"href":"https:\/\/exlibris.ee\/en\/wp-json\/wp\/v2\/product\/171048","targetHints":{"allow":["GET"]}}],"collection":[{"href":"https:\/\/exlibris.ee\/en\/wp-json\/wp\/v2\/product"}],"about":[{"href":"https:\/\/exlibris.ee\/en\/wp-json\/wp\/v2\/types\/product"}],"wp:featuredmedia":[{"embeddable":true,"href":"https:\/\/exlibris.ee\/en\/wp-json\/wp\/v2\/media\/307668"}],"wp:attachment":[{"href":"https:\/\/exlibris.ee\/en\/wp-json\/wp\/v2\/media?parent=171048"}],"wp:term":[{"taxonomy":"product_brand","embeddable":true,"href":"https:\/\/exlibris.ee\/en\/wp-json\/wp\/v2\/product_brand?post=171048"},{"taxonomy":"product_cat","embeddable":true,"href":"https:\/\/exlibris.ee\/en\/wp-json\/wp\/v2\/product_cat?post=171048"},{"taxonomy":"product_tag","embeddable":true,"href":"https:\/\/exlibris.ee\/en\/wp-json\/wp\/v2\/product_tag?post=171048"},{"taxonomy":"series","embeddable":true,"href":"https:\/\/exlibris.ee\/en\/wp-json\/wp\/v2\/series?post=171048"},{"taxonomy":"publisher","embeddable":true,"href":"https:\/\/exlibris.ee\/en\/wp-json\/wp\/v2\/publisher?post=171048"}],"curies":[{"name":"wp","href":"https:\/\/api.w.org\/{rel}","templated":true}]}}