{"id":171141,"date":"2026-03-04T21:17:28","date_gmt":"2026-03-04T19:17:28","guid":{"rendered":"https:\/\/exlibris.ee\/toode\/deutsch-echt-einfach-unterrichtspaket-allango\/"},"modified":"2026-04-04T07:22:30","modified_gmt":"2026-04-04T04:22:30","slug":"deutsch-echt-einfach-unterrichtspaket-allango","status":"publish","type":"product","link":"https:\/\/exlibris.ee\/en\/product\/deutsch-echt-einfach-unterrichtspaket-allango\/","title":{"rendered":"Deutsch echt einfach \/ UnterrichtsPaket allango"},"content":{"rendered":"<p>Die Komponenten des UnterrichtsPakets stehen Ihnen in der digitalen Lernplattform allango zur Verf\u00fcgung. Zugang leicht gemacht: Alle Komponenten des Pakets mit einem einzigen Lizenzschl\u00fcssel aktivierbar. Komfortable Nutzung: Einheitliche Lizenz-Laufzeit f\u00fcr alle Komponenten eines Pakets.Up to date: Neue digitale Komponenten werden automatisch &amp; kostenlos in allango aktiviert \u2013 auch nach dem Paketkauf*!100 Prozent flexibel: F\u00fcr alle Endger\u00e4te wie Smartphone, Tablet oder PC geeignet. Lizenzschl\u00fcssel (Unterrichtende, 60 Monate).<\/p>\n","protected":false},"excerpt":{"rendered":"<p>Die Komponenten des UnterrichtsPakets stehen Ihnen in der digitalen Lernplattform allango zur Verf\u00fcgung. Zugang leicht gemacht: Alle Komponenten des Pakets mit einem einzigen Lizenzschl\u00fcssel aktivierbar. Komfortable Nutzung: Einheitliche Lizenz-Laufzeit f\u00fcr alle Komponenten eines Pakets.Up to date: Neue digitale Komponenten werden&#8230;<\/p>\n","protected":false},"featured_media":171113,"template":"","meta":{"_acf_changed":false,"inline_featured_image":false},"product_brand":[],"product_cat":[477],"product_tag":[],"series":[{"id":2230,"name":"Deutsch echt einfach","slug":"deutsch-echt-einfach"}],"publisher":[{"id":473,"name":"Klett Verlag","slug":"klett-verlag"}],"class_list":{"0":"post-171141","1":"product","2":"type-product","3":"status-publish","4":"has-post-thumbnail","6":"product_cat-lehrwerke-fur-jugendliche","7":"series-deutsch-echt-einfach","8":"publisher-klett-verlag","10":"first","11":"onbackorder","12":"taxable","13":"shipping-taxable","14":"purchasable","15":"product-type-simple"},"acf":[],"_links":{"self":[{"href":"https:\/\/exlibris.ee\/en\/wp-json\/wp\/v2\/product\/171141","targetHints":{"allow":["GET"]}}],"collection":[{"href":"https:\/\/exlibris.ee\/en\/wp-json\/wp\/v2\/product"}],"about":[{"href":"https:\/\/exlibris.ee\/en\/wp-json\/wp\/v2\/types\/product"}],"wp:featuredmedia":[{"embeddable":true,"href":"https:\/\/exlibris.ee\/en\/wp-json\/wp\/v2\/media\/171113"}],"wp:attachment":[{"href":"https:\/\/exlibris.ee\/en\/wp-json\/wp\/v2\/media?parent=171141"}],"wp:term":[{"taxonomy":"product_brand","embeddable":true,"href":"https:\/\/exlibris.ee\/en\/wp-json\/wp\/v2\/product_brand?post=171141"},{"taxonomy":"product_cat","embeddable":true,"href":"https:\/\/exlibris.ee\/en\/wp-json\/wp\/v2\/product_cat?post=171141"},{"taxonomy":"product_tag","embeddable":true,"href":"https:\/\/exlibris.ee\/en\/wp-json\/wp\/v2\/product_tag?post=171141"},{"taxonomy":"series","embeddable":true,"href":"https:\/\/exlibris.ee\/en\/wp-json\/wp\/v2\/series?post=171141"},{"taxonomy":"publisher","embeddable":true,"href":"https:\/\/exlibris.ee\/en\/wp-json\/wp\/v2\/publisher?post=171141"}],"curies":[{"name":"wp","href":"https:\/\/api.w.org\/{rel}","templated":true}]}}