{"id":172966,"date":"2026-03-31T07:28:02","date_gmt":"2026-03-31T04:28:02","guid":{"rendered":"https:\/\/exlibris.ee\/toode\/horfelder-buch\/"},"modified":"2026-04-21T07:51:47","modified_gmt":"2026-04-21T04:51:47","slug":"horfelder-buch","status":"publish","type":"product","link":"https:\/\/exlibris.ee\/en\/product\/horfelder-buch\/","title":{"rendered":"H\u00f6rfelder Buch"},"content":{"rendered":"<p>H\u00f6rfelder ist ein H\u00f6rverstehensprogramm f\u00fcr die Mittelstufe, das auch in den ersten Oberstufenkursen eingesetzt werden kann. Die 22 H\u00f6rtexte sind vollst\u00e4ndig didaktisiert und trainieren kursorisches, selektives und detailliertes H\u00f6ren.<br \/>\nAlle Aufgaben liegen als Kopiervorlagen vor, sodass sich die Einheiten leicht in jeden Unterricht integrieren lassen. Die Materialien sind unabh\u00e4ngig vom Lehrwerk nutzbar und f\u00f6rdern gezielt H\u00f6rverstehensstrategien.<\/p>\n","protected":false},"excerpt":{"rendered":"<p>H\u00f6rfelder ist ein H\u00f6rverstehensprogramm f\u00fcr die Mittelstufe, das auch in den ersten Oberstufenkursen eingesetzt werden kann. Die 22 H\u00f6rtexte sind vollst\u00e4ndig didaktisiert und trainieren kursorisches, selektives und detailliertes H\u00f6ren. Alle Aufgaben liegen als Kopiervorlagen vor, sodass sich die Einheiten leicht&#8230;<\/p>\n","protected":false},"featured_media":0,"template":"","meta":{"_acf_changed":false,"inline_featured_image":false},"product_brand":[],"product_cat":[470],"product_tag":[],"series":[],"publisher":[{"id":497,"name":"Hueber Verlag","slug":"hueber-verlag"}],"class_list":{"0":"post-172966","1":"product","2":"type-product","3":"status-publish","5":"product_cat-saksa-keel","6":"publisher-hueber-verlag","8":"first","9":"instock","10":"taxable","11":"shipping-taxable","12":"purchasable","13":"product-type-simple"},"acf":[],"_links":{"self":[{"href":"https:\/\/exlibris.ee\/en\/wp-json\/wp\/v2\/product\/172966","targetHints":{"allow":["GET"]}}],"collection":[{"href":"https:\/\/exlibris.ee\/en\/wp-json\/wp\/v2\/product"}],"about":[{"href":"https:\/\/exlibris.ee\/en\/wp-json\/wp\/v2\/types\/product"}],"wp:attachment":[{"href":"https:\/\/exlibris.ee\/en\/wp-json\/wp\/v2\/media?parent=172966"}],"wp:term":[{"taxonomy":"product_brand","embeddable":true,"href":"https:\/\/exlibris.ee\/en\/wp-json\/wp\/v2\/product_brand?post=172966"},{"taxonomy":"product_cat","embeddable":true,"href":"https:\/\/exlibris.ee\/en\/wp-json\/wp\/v2\/product_cat?post=172966"},{"taxonomy":"product_tag","embeddable":true,"href":"https:\/\/exlibris.ee\/en\/wp-json\/wp\/v2\/product_tag?post=172966"},{"taxonomy":"series","embeddable":true,"href":"https:\/\/exlibris.ee\/en\/wp-json\/wp\/v2\/series?post=172966"},{"taxonomy":"publisher","embeddable":true,"href":"https:\/\/exlibris.ee\/en\/wp-json\/wp\/v2\/publisher?post=172966"}],"curies":[{"name":"wp","href":"https:\/\/api.w.org\/{rel}","templated":true}]}}