{"id":20775,"date":"2023-02-27T13:40:20","date_gmt":"2023-02-27T11:40:20","guid":{"rendered":"https:\/\/exlibris.ee\/toode\/aspekte-neu-b1-arbeitsbuch-audio-cd\/"},"modified":"2026-04-05T13:36:30","modified_gmt":"2026-04-05T10:36:30","slug":"aspekte-neu-b1-arbeitsbuch-audio-cd","status":"publish","type":"product","link":"https:\/\/exlibris.ee\/en\/product\/aspekte-neu-b1-arbeitsbuch-audio-cd\/","title":{"rendered":"Aspekte neu B1+, Arbeitsbuch  +  Audio-CD"},"content":{"rendered":"<p>Das Arbeitsbuch (Kapitel 1\u201310) zu Aspekte neu B1 plus: erg\u00e4nzt das Lehrbuch um vielf\u00e4ltige \u00dcbungen und Aufgaben; festigt und erweitert Strukturen und trainiert Fertigkeiten und Strategien; bereitet auf das Zertifikat B1 und das Zertifikat Deutsch vor; bietet eine niveaugerechte Ausspracheschulung und alle H\u00f6rtexte auf der Audio-CD.<\/p>\n","protected":false},"excerpt":{"rendered":"<p>Das Arbeitsbuch (Kapitel 1\u201310) zu Aspekte neu B1 plus: erg\u00e4nzt das Lehrbuch um vielf\u00e4ltige \u00dcbungen und Aufgaben; festigt und erweitert Strukturen und trainiert Fertigkeiten und Strategien; bereitet auf das Zertifikat B1 und das Zertifikat Deutsch vor; bietet eine niveaugerechte Ausspracheschulung&#8230;<\/p>\n","protected":false},"featured_media":89420,"template":"","meta":{"_acf_changed":false,"inline_featured_image":false},"product_brand":[],"product_cat":[538],"product_tag":[],"series":[{"id":478,"name":"Aspekte Neu B1+","slug":"aspekte-neu-b1"}],"publisher":[{"id":473,"name":"Klett Verlag","slug":"klett-verlag"}],"class_list":{"0":"post-20775","1":"product","2":"type-product","3":"status-publish","4":"has-post-thumbnail","6":"product_cat-lehrwerke-fur-erwachsene","7":"series-aspekte-neu-b1","8":"publisher-klett-verlag","10":"first","11":"onbackorder","12":"taxable","13":"shipping-taxable","14":"purchasable","15":"product-type-simple"},"acf":[],"_links":{"self":[{"href":"https:\/\/exlibris.ee\/en\/wp-json\/wp\/v2\/product\/20775","targetHints":{"allow":["GET"]}}],"collection":[{"href":"https:\/\/exlibris.ee\/en\/wp-json\/wp\/v2\/product"}],"about":[{"href":"https:\/\/exlibris.ee\/en\/wp-json\/wp\/v2\/types\/product"}],"wp:featuredmedia":[{"embeddable":true,"href":"https:\/\/exlibris.ee\/en\/wp-json\/wp\/v2\/media\/89420"}],"wp:attachment":[{"href":"https:\/\/exlibris.ee\/en\/wp-json\/wp\/v2\/media?parent=20775"}],"wp:term":[{"taxonomy":"product_brand","embeddable":true,"href":"https:\/\/exlibris.ee\/en\/wp-json\/wp\/v2\/product_brand?post=20775"},{"taxonomy":"product_cat","embeddable":true,"href":"https:\/\/exlibris.ee\/en\/wp-json\/wp\/v2\/product_cat?post=20775"},{"taxonomy":"product_tag","embeddable":true,"href":"https:\/\/exlibris.ee\/en\/wp-json\/wp\/v2\/product_tag?post=20775"},{"taxonomy":"series","embeddable":true,"href":"https:\/\/exlibris.ee\/en\/wp-json\/wp\/v2\/series?post=20775"},{"taxonomy":"publisher","embeddable":true,"href":"https:\/\/exlibris.ee\/en\/wp-json\/wp\/v2\/publisher?post=20775"}],"curies":[{"name":"wp","href":"https:\/\/api.w.org\/{rel}","templated":true}]}}