{"id":20781,"date":"2023-02-27T13:40:21","date_gmt":"2023-02-27T11:40:21","guid":{"rendered":"https:\/\/exlibris.ee\/toode\/aspekte-neu-c1-lehrbuch-ohne-dvd\/"},"modified":"2026-04-05T15:18:14","modified_gmt":"2026-04-05T12:18:14","slug":"aspekte-neu-c1-lehrbuch-ohne-dvd","status":"publish","type":"product","link":"https:\/\/exlibris.ee\/en\/product\/aspekte-neu-c1-lehrbuch-ohne-dvd\/","title":{"rendered":"Aspekte neu C1 Lehrbuch ohne DVD"},"content":{"rendered":"<p>Erm\u00f6glicht modularen und linearen Unterricht; bereitet auf das Goethe-Zertifikat C1, TELC Deutsch C1 und das \u00d6sterreichische Sprachdiplom (\u00d6SD) C1 vor; festigt und erweitert Strukturen und trainiert Fertigkeiten und Strategien; enth\u00e4lt attraktive Auftaktseiten und spannende landeskundliche Portr\u00e4ts.<\/p>\n","protected":false},"excerpt":{"rendered":"<p>Erm\u00f6glicht modularen und linearen Unterricht; bereitet auf das Goethe-Zertifikat C1, TELC Deutsch C1 und das \u00d6sterreichische Sprachdiplom (\u00d6SD) C1 vor; festigt und erweitert Strukturen und trainiert Fertigkeiten und Strategien; enth\u00e4lt attraktive Auftaktseiten und spannende landeskundliche Portr\u00e4ts.<\/p>\n","protected":false},"featured_media":25239,"template":"","meta":{"_acf_changed":false,"inline_featured_image":false},"product_brand":[],"product_cat":[538],"product_tag":[],"series":[{"id":482,"name":"Aspekte Neu C1","slug":"aspekte-neu-c1"}],"publisher":[{"id":473,"name":"Klett Verlag","slug":"klett-verlag"}],"class_list":{"0":"post-20781","1":"product","2":"type-product","3":"status-publish","4":"has-post-thumbnail","6":"product_cat-lehrwerke-fur-erwachsene","7":"series-aspekte-neu-c1","8":"publisher-klett-verlag","10":"first","11":"onbackorder","12":"taxable","13":"shipping-taxable","14":"purchasable","15":"product-type-simple"},"acf":[],"_links":{"self":[{"href":"https:\/\/exlibris.ee\/en\/wp-json\/wp\/v2\/product\/20781","targetHints":{"allow":["GET"]}}],"collection":[{"href":"https:\/\/exlibris.ee\/en\/wp-json\/wp\/v2\/product"}],"about":[{"href":"https:\/\/exlibris.ee\/en\/wp-json\/wp\/v2\/types\/product"}],"wp:featuredmedia":[{"embeddable":true,"href":"https:\/\/exlibris.ee\/en\/wp-json\/wp\/v2\/media\/25239"}],"wp:attachment":[{"href":"https:\/\/exlibris.ee\/en\/wp-json\/wp\/v2\/media?parent=20781"}],"wp:term":[{"taxonomy":"product_brand","embeddable":true,"href":"https:\/\/exlibris.ee\/en\/wp-json\/wp\/v2\/product_brand?post=20781"},{"taxonomy":"product_cat","embeddable":true,"href":"https:\/\/exlibris.ee\/en\/wp-json\/wp\/v2\/product_cat?post=20781"},{"taxonomy":"product_tag","embeddable":true,"href":"https:\/\/exlibris.ee\/en\/wp-json\/wp\/v2\/product_tag?post=20781"},{"taxonomy":"series","embeddable":true,"href":"https:\/\/exlibris.ee\/en\/wp-json\/wp\/v2\/series?post=20781"},{"taxonomy":"publisher","embeddable":true,"href":"https:\/\/exlibris.ee\/en\/wp-json\/wp\/v2\/publisher?post=20781"}],"curies":[{"name":"wp","href":"https:\/\/api.w.org\/{rel}","templated":true}]}}