{"id":20783,"date":"2023-02-27T13:40:21","date_gmt":"2023-02-27T11:40:21","guid":{"rendered":"https:\/\/exlibris.ee\/toode\/logisch-neu-a1-kursbuch-mit-audios-zum-download\/"},"modified":"2026-04-13T23:23:47","modified_gmt":"2026-04-13T20:23:47","slug":"logisch-neu-a1-kursbuch-mit-audios-zum-download","status":"publish","type":"product","link":"https:\/\/exlibris.ee\/en\/product\/logisch-neu-a1-kursbuch-mit-audios-zum-download\/","title":{"rendered":"Logisch! neu A1 Kursbuch mit Audios zum Download"},"content":{"rendered":"<p>Logisch! neu A1, Kursbuch Logisch! neu A1 richtet sich an jugendliche Deutschlernende ohne Vorkenntnisse und ist auch f\u00fcr einen Unterricht mit geringer Wochenstundenzahl geeignet. Das Buch f\u00fchrt zur Niveaustufe A1. Es entspricht den Lernzielen in der Jugendpr\u00fcfung Fit in Deutsch 1, KID A1 und auch dem Rahmenplan \u201eDeutsch als Fremdsprache\u201c f\u00fcr das Auslandsschulwesen. Eine Clique von Jugendlichen erm\u00f6glicht es mit Episoden und Geschichten, Deutsch mit Spa\u00df und Emotion zu lernen. Einige Aufgaben und Seiten lassen sich mit einer Filmsequenz verbinden und veranschaulichen. Die DVD mit kurzen, unterhaltsamen und lerneraktivierenden Videos zu Lernstrategien befindet sich im Lehrerhandbuch.<\/p>\n","protected":false},"excerpt":{"rendered":"<p>Logisch! neu A1, Kursbuch Logisch! neu A1 richtet sich an jugendliche Deutschlernende ohne Vorkenntnisse und ist auch f\u00fcr einen Unterricht mit geringer Wochenstundenzahl geeignet. Das Buch f\u00fchrt zur Niveaustufe A1. Es entspricht den Lernzielen in der Jugendpr\u00fcfung Fit in Deutsch&#8230;<\/p>\n","protected":false},"featured_media":24735,"template":"","meta":{"_acf_changed":false,"inline_featured_image":false},"product_brand":[],"product_cat":[477],"product_tag":[],"series":[{"id":483,"name":"Logisch Neu! A1","slug":"logisch-neu-a1"}],"publisher":[{"id":473,"name":"Klett Verlag","slug":"klett-verlag"}],"class_list":{"0":"post-20783","1":"product","2":"type-product","3":"status-publish","4":"has-post-thumbnail","6":"product_cat-lehrwerke-fur-jugendliche","7":"series-logisch-neu-a1","8":"publisher-klett-verlag","10":"first","11":"onbackorder","12":"taxable","13":"shipping-taxable","14":"purchasable","15":"product-type-simple"},"acf":[],"_links":{"self":[{"href":"https:\/\/exlibris.ee\/en\/wp-json\/wp\/v2\/product\/20783","targetHints":{"allow":["GET"]}}],"collection":[{"href":"https:\/\/exlibris.ee\/en\/wp-json\/wp\/v2\/product"}],"about":[{"href":"https:\/\/exlibris.ee\/en\/wp-json\/wp\/v2\/types\/product"}],"wp:featuredmedia":[{"embeddable":true,"href":"https:\/\/exlibris.ee\/en\/wp-json\/wp\/v2\/media\/24735"}],"wp:attachment":[{"href":"https:\/\/exlibris.ee\/en\/wp-json\/wp\/v2\/media?parent=20783"}],"wp:term":[{"taxonomy":"product_brand","embeddable":true,"href":"https:\/\/exlibris.ee\/en\/wp-json\/wp\/v2\/product_brand?post=20783"},{"taxonomy":"product_cat","embeddable":true,"href":"https:\/\/exlibris.ee\/en\/wp-json\/wp\/v2\/product_cat?post=20783"},{"taxonomy":"product_tag","embeddable":true,"href":"https:\/\/exlibris.ee\/en\/wp-json\/wp\/v2\/product_tag?post=20783"},{"taxonomy":"series","embeddable":true,"href":"https:\/\/exlibris.ee\/en\/wp-json\/wp\/v2\/series?post=20783"},{"taxonomy":"publisher","embeddable":true,"href":"https:\/\/exlibris.ee\/en\/wp-json\/wp\/v2\/publisher?post=20783"}],"curies":[{"name":"wp","href":"https:\/\/api.w.org\/{rel}","templated":true}]}}