{"id":20784,"date":"2023-02-27T13:40:21","date_gmt":"2023-02-27T11:40:21","guid":{"rendered":"https:\/\/exlibris.ee\/toode\/logisch-neu-a1-arbeitsbuch-mit-audios-zum-download\/"},"modified":"2026-04-13T05:18:40","modified_gmt":"2026-04-13T02:18:40","slug":"logisch-neu-a1-arbeitsbuch-mit-audios-zum-download","status":"publish","type":"product","link":"https:\/\/exlibris.ee\/en\/product\/logisch-neu-a1-arbeitsbuch-mit-audios-zum-download\/","title":{"rendered":"Logisch! neu A1 Arbeitsbuch mit Audios zum Download"},"content":{"rendered":"<p>Logisch! neu A1, Arbeitsbuch Das Arbeitsbuch zu Logisch! neu A1 enth\u00e4lt viele vertiefende \u00dcbungen zu den Lerninhalten im Kursbuch. Die Orientierung und Handhabung ist einfach, denn die \u00dcbungen im Arbeitsbuch haben jeweils die gleiche Nummer wie die Aufgaben im Kursbuch.<\/p>\n","protected":false},"excerpt":{"rendered":"<p>Logisch! neu A1, Arbeitsbuch Das Arbeitsbuch zu Logisch! neu A1 enth\u00e4lt viele vertiefende \u00dcbungen zu den Lerninhalten im Kursbuch. Die Orientierung und Handhabung ist einfach, denn die \u00dcbungen im Arbeitsbuch haben jeweils die gleiche Nummer wie die Aufgaben im Kursbuch.<\/p>\n","protected":false},"featured_media":24738,"template":"","meta":{"_acf_changed":false,"inline_featured_image":false},"product_brand":[],"product_cat":[477],"product_tag":[],"series":[{"id":483,"name":"Logisch Neu! A1","slug":"logisch-neu-a1"}],"publisher":[{"id":473,"name":"Klett Verlag","slug":"klett-verlag"}],"class_list":{"0":"post-20784","1":"product","2":"type-product","3":"status-publish","4":"has-post-thumbnail","6":"product_cat-lehrwerke-fur-jugendliche","7":"series-logisch-neu-a1","8":"publisher-klett-verlag","10":"first","11":"onbackorder","12":"taxable","13":"shipping-taxable","14":"purchasable","15":"product-type-simple"},"acf":[],"_links":{"self":[{"href":"https:\/\/exlibris.ee\/en\/wp-json\/wp\/v2\/product\/20784","targetHints":{"allow":["GET"]}}],"collection":[{"href":"https:\/\/exlibris.ee\/en\/wp-json\/wp\/v2\/product"}],"about":[{"href":"https:\/\/exlibris.ee\/en\/wp-json\/wp\/v2\/types\/product"}],"wp:featuredmedia":[{"embeddable":true,"href":"https:\/\/exlibris.ee\/en\/wp-json\/wp\/v2\/media\/24738"}],"wp:attachment":[{"href":"https:\/\/exlibris.ee\/en\/wp-json\/wp\/v2\/media?parent=20784"}],"wp:term":[{"taxonomy":"product_brand","embeddable":true,"href":"https:\/\/exlibris.ee\/en\/wp-json\/wp\/v2\/product_brand?post=20784"},{"taxonomy":"product_cat","embeddable":true,"href":"https:\/\/exlibris.ee\/en\/wp-json\/wp\/v2\/product_cat?post=20784"},{"taxonomy":"product_tag","embeddable":true,"href":"https:\/\/exlibris.ee\/en\/wp-json\/wp\/v2\/product_tag?post=20784"},{"taxonomy":"series","embeddable":true,"href":"https:\/\/exlibris.ee\/en\/wp-json\/wp\/v2\/series?post=20784"},{"taxonomy":"publisher","embeddable":true,"href":"https:\/\/exlibris.ee\/en\/wp-json\/wp\/v2\/publisher?post=20784"}],"curies":[{"name":"wp","href":"https:\/\/api.w.org\/{rel}","templated":true}]}}